{"id":2257,"date":"2025-02-13T12:15:38","date_gmt":"2025-02-13T11:15:38","guid":{"rendered":"https:\/\/www.criadores.es\/producto\/criadores-frango-e-arroz-racao-para-cachorros-de-porte-mini\/"},"modified":"2025-06-11T15:35:16","modified_gmt":"2025-06-11T13:35:16","slug":"criadores-frango-e-arroz-racao-para-cachorros-de-porte-mini","status":"publish","type":"product","link":"https:\/\/www.criadores.es\/pt-pt\/producto\/criadores-frango-e-arroz-racao-para-cachorros-de-porte-mini\/","title":{"rendered":"Criadores Frango e Arroz ra\u00e7\u00e3o para cachorros de porte mini"},"content":{"rendered":"<h2>Alimento de gama alta CRIADORES para Cachorros Mini<\/h2>\n<p><strong>\u00c9 um alimento completo para cachorros mini (0-10 kg) de 2 a 10 meses de idade.<\/strong><\/p>\n<p>A maioria dos alimentos para animais de estima\u00e7\u00e3o s\u00e3o fabricados com os restos de alimentos, ou por outras palavras, o que sobra depois de separar as partes aptas para consumo humano. Estes ingredientes apresentam uma qualidade inferior.<\/p>\n<p>S\u00e3o usados <strong>ingredientes 100% de primeira<\/strong>, n\u00e3o incorpora subprodutos nem utiliza transg\u00e9nicos.<\/p>\n<p><strong>&#8220;Criadores&#8221;<\/strong> \u00e9 uma marca vendida exclusivamente na TiendAnimal e que lhe oferece uma ra\u00e7\u00e3o de gama alta a um pre\u00e7o muito econ\u00f3mico (at\u00e9 metade do pre\u00e7o comparativamente \u00e0s marcas convencionais). Basta experimentar para comprovar.<\/p>\n<p>Alimento para cachorros de qualidade super-premium e a um pre\u00e7o muito econ\u00f3mico. Este enorme benef\u00edcio a n\u00edvel de pre\u00e7o deve-se ao facto de este alimento ser de venda directa. N\u00e3o h\u00e1 invers\u00e3o em marketing, publicidade ou distribui\u00e7\u00e3o que acabam por influenciar no pre\u00e7o final de outros produtos da mesma categoria de marcas reconhecidas.<\/p>\n<p><strong>CRIADORES Cachorros<\/strong> <strong>Ra\u00e7as Mini <\/strong>\u00e9 uma ra\u00e7\u00e3o seca completa, cujas croquetes s\u00e3o extrudidas, equilibradas e muito saborosas, preparadas a partir de mat\u00e9rias-prima seleccionadas de primeira qualidade. <strong>Criadores \u00e9 um alimento que tem por objectivo aproximar-se ao m\u00e1ximo do que o animal comeria num estado natural.<\/strong><\/p>\n<p>Esta ra\u00e7\u00e3o satisfaz as necessidades de <strong>cachorros de tamanho pequeno<\/strong> gra\u00e7as ao tamanho reduzido das croquetes, assim como de <strong>f\u00eameas em gesta\u00e7\u00e3o <\/strong>ou em per\u00edodo de amamenta\u00e7\u00e3o. Um c\u00e3o \u00e9 considerado cachorro at\u00e9 ter <strong>1 ano de vida<\/strong>.<\/p>\n<p><em>A partir da data em que os receba \u00e9 garantido um prazo de 3 meses antes do vencimento da data de validade, ou de 1 m\u00eas no caso dos produtos l\u00b4cteos e a ra\u00e7\u00e3o ecol\u00f3gica.<\/em><\/p>\n","protected":false},"excerpt":{"rendered":"<p>\u00c9 um alimento completo para cachorros mini (0-10 kg) de 2 a 10 meses de idade&#8230;.<\/p>\n","protected":false},"featured_media":1879,"comment_status":"open","ping_status":"closed","template":"","meta":{"_acf_changed":false},"product_brand":[],"product_cat":[99,92,98],"product_tag":[],"class_list":{"0":"post-2257","1":"product","2":"type-product","3":"status-publish","4":"has-post-thumbnail","6":"product_cat-alimentacao-seca","7":"product_cat-cao","8":"product_cat-original-pt-pt","10":"first","11":"instock","12":"shipping-taxable","13":"product-type-simple"},"acf":[],"_links":{"self":[{"href":"https:\/\/www.criadores.es\/pt-pt\/wp-json\/wp\/v2\/product\/2257","targetHints":{"allow":["GET"]}}],"collection":[{"href":"https:\/\/www.criadores.es\/pt-pt\/wp-json\/wp\/v2\/product"}],"about":[{"href":"https:\/\/www.criadores.es\/pt-pt\/wp-json\/wp\/v2\/types\/product"}],"replies":[{"embeddable":true,"href":"https:\/\/www.criadores.es\/pt-pt\/wp-json\/wp\/v2\/comments?post=2257"}],"wp:featuredmedia":[{"embeddable":true,"href":"https:\/\/www.criadores.es\/pt-pt\/wp-json\/wp\/v2\/media\/1879"}],"wp:attachment":[{"href":"https:\/\/www.criadores.es\/pt-pt\/wp-json\/wp\/v2\/media?parent=2257"}],"wp:term":[{"taxonomy":"product_brand","embeddable":true,"href":"https:\/\/www.criadores.es\/pt-pt\/wp-json\/wp\/v2\/product_brand?post=2257"},{"taxonomy":"product_cat","embeddable":true,"href":"https:\/\/www.criadores.es\/pt-pt\/wp-json\/wp\/v2\/product_cat?post=2257"},{"taxonomy":"product_tag","embeddable":true,"href":"https:\/\/www.criadores.es\/pt-pt\/wp-json\/wp\/v2\/product_tag?post=2257"}],"curies":[{"name":"wp","href":"https:\/\/api.w.org\/{rel}","templated":true}]}}