{"id":2260,"date":"2025-02-13T11:52:46","date_gmt":"2025-02-13T10:52:46","guid":{"rendered":"https:\/\/www.criadores.es\/producto\/criadores-frango-e-arroz-racao-cachorros-racas-medias\/"},"modified":"2025-06-12T12:19:30","modified_gmt":"2025-06-12T10:19:30","slug":"criadores-frango-e-arroz-racao-cachorros-racas-medias","status":"publish","type":"product","link":"https:\/\/www.criadores.es\/pt-pt\/producto\/criadores-frango-e-arroz-racao-cachorros-racas-medias\/","title":{"rendered":"Criadores Frango e Arroz ra\u00e7\u00e3o cachorros ra\u00e7as m\u00e9dias"},"content":{"rendered":"<h2>Alimento de Alta Qualidade Criadores para Cachorros<\/h2>\n<p>Trata-se de um alimento completo para cachorros de ra\u00e7as m\u00e9dias, com peso de adulto, dos 0 aos 12 meses de idade.<\/p>\n<p>Muitos dos alimentos para animais s\u00e3o produzidos a partir dos res\u00edduos alimentares, ou seja, aquilo que resta ap\u00f3s retirar as partes adequadas para consumo humano. Estes ingredientes s\u00e3o, geralmente, de qualidade inferior.<\/p>\n<p>Algumas ra\u00e7\u00f5es incluem ingredientes adequados para consumo humano, mas a marca Criadores \u00e9 a <strong>\u00fanica totalmente produzida em Espanha<\/strong>. Utiliza-se <strong>ingredientes 100% de primeira qualidade<\/strong>, sem subprodutos nem transg\u00e9nicos.<\/p>\n<p><strong>Criadores<\/strong>\u00a0\u00e9 uma marca exclusiva da TiendAnimal, que oferece uma ra\u00e7\u00e3o de alta qualidade a um pre\u00e7o bem acess\u00edvel (at\u00e9 metade do pre\u00e7o quando comparado com marcas tradicionais). Basta experimentar para constatar a diferen\u00e7a.<\/p>\n<p>Alimento de qualidade super-premium para cachorros a um pre\u00e7o bastante acess\u00edvel. Este significativo benef\u00edcio a n\u00edvel de pre\u00e7o deve-se \u00e0 venda direta do produto. N\u00e3o h\u00e1 investimento em marketing, publicidade ou distribui\u00e7\u00e3o, fatores que muitas vezes influenciam o pre\u00e7o final de outros produtos de marcas conhecidas na mesma categoria.<\/p>\n<p><strong>CRIADORES Cachorros <\/strong>\u00e9 uma ra\u00e7\u00e3o completa, com croquetes extrudidos, equilibrados e muito apetitosos, elaborados a partir de mat\u00e9rias-primas selecionadas de primeira qualidade. <strong>Criadores \u00e9 um alimento que visa replicar o mais poss\u00edvel aquilo que o animal ingeriria no seu estado selvagem<\/strong>.<\/p>\n<p>Esta ra\u00e7\u00e3o satisfaz as necessidades de <strong>cachorros de todas as ra\u00e7as e tamanhos<\/strong>, assim como de <strong>f\u00eameas gr\u00e1vidas<\/strong> ou em per\u00edodo de amamenta\u00e7\u00e3o. Considera-se um c\u00e3o cachorro at\u00e9 atingir <strong>1 ano de idade<\/strong>.<\/p>\n<p><em>A partir da data em que os receber, \u00e9 garantido um prazo de 3 meses antes do fim da data de validade, ou de 1 m\u00eas no caso dos produtos l\u00e1cteos e a ra\u00e7\u00e3o org\u00e2nica.<\/em><\/p>\n","protected":false},"excerpt":{"rendered":"<p>Ra\u00e7\u00e3o para cachorros de porte m\u00e9dio, rica em prote\u00ednas e ingredientes naturais para estimular o crescimento do c\u00e3o.<\/p>\n<p><img decoding=\"async\" style=\"object-fit: cover; width: 100%;\" title=\"\" src=\"images\/Banners\/banner_alimentacion_seca_humeda_pt.jpg?$staticlink$\" alt=\"\" \/><\/p>\n","protected":false},"featured_media":1868,"comment_status":"open","ping_status":"closed","template":"","meta":{"_acf_changed":false},"product_brand":[],"product_cat":[99,92,98],"product_tag":[],"class_list":{"0":"post-2260","1":"product","2":"type-product","3":"status-publish","4":"has-post-thumbnail","6":"product_cat-alimentacao-seca","7":"product_cat-cao","8":"product_cat-original-pt-pt","10":"first","11":"instock","12":"shipping-taxable","13":"product-type-simple"},"acf":[],"_links":{"self":[{"href":"https:\/\/www.criadores.es\/pt-pt\/wp-json\/wp\/v2\/product\/2260","targetHints":{"allow":["GET"]}}],"collection":[{"href":"https:\/\/www.criadores.es\/pt-pt\/wp-json\/wp\/v2\/product"}],"about":[{"href":"https:\/\/www.criadores.es\/pt-pt\/wp-json\/wp\/v2\/types\/product"}],"replies":[{"embeddable":true,"href":"https:\/\/www.criadores.es\/pt-pt\/wp-json\/wp\/v2\/comments?post=2260"}],"wp:featuredmedia":[{"embeddable":true,"href":"https:\/\/www.criadores.es\/pt-pt\/wp-json\/wp\/v2\/media\/1868"}],"wp:attachment":[{"href":"https:\/\/www.criadores.es\/pt-pt\/wp-json\/wp\/v2\/media?parent=2260"}],"wp:term":[{"taxonomy":"product_brand","embeddable":true,"href":"https:\/\/www.criadores.es\/pt-pt\/wp-json\/wp\/v2\/product_brand?post=2260"},{"taxonomy":"product_cat","embeddable":true,"href":"https:\/\/www.criadores.es\/pt-pt\/wp-json\/wp\/v2\/product_cat?post=2260"},{"taxonomy":"product_tag","embeddable":true,"href":"https:\/\/www.criadores.es\/pt-pt\/wp-json\/wp\/v2\/product_tag?post=2260"}],"curies":[{"name":"wp","href":"https:\/\/api.w.org\/{rel}","templated":true}]}}