{"id":2262,"date":"2025-02-14T11:22:27","date_gmt":"2025-02-14T10:22:27","guid":{"rendered":"https:\/\/www.criadores.es\/producto\/criadores-huesito-duo-cordeiro-e-arroz-para-caes\/"},"modified":"2025-06-11T13:54:32","modified_gmt":"2025-06-11T11:54:32","slug":"criadores-huesito-duo-cordeiro-e-arroz-para-caes","status":"publish","type":"product","link":"https:\/\/www.criadores.es\/pt-pt\/producto\/criadores-huesito-duo-cordeiro-e-arroz-para-caes\/","title":{"rendered":"Criadores Huesito D\u00fao Cordeiro e Arroz para c\u00e3es"},"content":{"rendered":"<h2>Saboroso snack em forma de osso de tamanho pequeno para todos os c\u00e3es<\/h2>\n<p>Os snacks para c\u00e3es Criadores Ossinhos Duo com cordeiro e arroz s\u00e3o um <strong>pr\u00e9mio ideal<\/strong> para dar ao seu animal de estima\u00e7\u00e3o em qualquer momento do dia. O seu pequeno tamanho de apenas 2 cm permite que possa dar mais quantidade de guloseimas e ele ficar\u00e1 muito mais feliz porque receber\u00e1 o dobro de pr\u00e9mios que com os snacks maiores. O seu tamanho tamb\u00e9m faz com que seja um <strong>snack perfeito para utilizar como recompensa<\/strong> para o treino ou adestramento, s\u00e3o muito confort\u00e1veis de levar em qualquer bolso pequeno.<\/p>\n<p>Este snack est\u00e1 feito com <strong>saborosa carne fumada<\/strong> como o cordeiro e cereais como o arroz. Criadores utiliza ingredientes selecionados para fazer um delicioso snack sem aditivos e de f\u00e1cil digest\u00e3o. A sua <strong>consist\u00eancia macia<\/strong> faz com que todos os c\u00e3es adorem este snack, tanto cachorros, c\u00e3es adultos como c\u00e3es de idade avan\u00e7ada podem com\u00ea-lo sem problemas. T\u00eam forma de osso com o exterior na cor bege e o interior castanho escuro.<\/p>\n<p><strong><em>Os snacks para c\u00e3es Criadores Ossinhos<\/em><\/strong> <strong><em>Duo com cordeiro e arroz s\u00e3o muito saborosos e t\u00eam um tamanho ideal para recompensar o seu animal de estima\u00e7\u00e3o v\u00e1rias vezes por dia.<\/em><\/strong><\/p>\n<p><em>A partir da data em que os receba \u00e9 garantido um prazo de 3 meses antes do vencimento da data de validade, ou de 1 m\u00eas no caso dos produtos l\u00e1cteos e da ra\u00e7\u00e3o ecol\u00f3gica.<\/em><\/p>\n","protected":false},"excerpt":{"rendered":"<p>Ossinhos mini de carneiro e arroz para c\u00e3es de todas as idades, ideais para oferecer como recompensa nos treinamentos, feitos com ingredientes naturais, s\u00e3o f\u00e1ceis de digerir.<\/p>\n","protected":false},"featured_media":2033,"comment_status":"open","ping_status":"closed","template":"","meta":{"_acf_changed":false},"product_brand":[],"product_cat":[92,98,101],"product_tag":[],"class_list":{"0":"post-2262","1":"product","2":"type-product","3":"status-publish","4":"has-post-thumbnail","6":"product_cat-cao","7":"product_cat-original-pt-pt","8":"product_cat-snacks-pt-pt","10":"first","11":"instock","12":"shipping-taxable","13":"product-type-simple"},"acf":[],"_links":{"self":[{"href":"https:\/\/www.criadores.es\/pt-pt\/wp-json\/wp\/v2\/product\/2262","targetHints":{"allow":["GET"]}}],"collection":[{"href":"https:\/\/www.criadores.es\/pt-pt\/wp-json\/wp\/v2\/product"}],"about":[{"href":"https:\/\/www.criadores.es\/pt-pt\/wp-json\/wp\/v2\/types\/product"}],"replies":[{"embeddable":true,"href":"https:\/\/www.criadores.es\/pt-pt\/wp-json\/wp\/v2\/comments?post=2262"}],"wp:featuredmedia":[{"embeddable":true,"href":"https:\/\/www.criadores.es\/pt-pt\/wp-json\/wp\/v2\/media\/2033"}],"wp:attachment":[{"href":"https:\/\/www.criadores.es\/pt-pt\/wp-json\/wp\/v2\/media?parent=2262"}],"wp:term":[{"taxonomy":"product_brand","embeddable":true,"href":"https:\/\/www.criadores.es\/pt-pt\/wp-json\/wp\/v2\/product_brand?post=2262"},{"taxonomy":"product_cat","embeddable":true,"href":"https:\/\/www.criadores.es\/pt-pt\/wp-json\/wp\/v2\/product_cat?post=2262"},{"taxonomy":"product_tag","embeddable":true,"href":"https:\/\/www.criadores.es\/pt-pt\/wp-json\/wp\/v2\/product_tag?post=2262"}],"curies":[{"name":"wp","href":"https:\/\/api.w.org\/{rel}","templated":true}]}}