{"id":2263,"date":"2025-02-13T12:01:29","date_gmt":"2025-02-13T11:01:29","guid":{"rendered":"https:\/\/www.criadores.es\/producto\/criadores-adult-borrego-e-arroz-racao-para-caes-de-porte-medio-e-grande\/"},"modified":"2025-06-12T12:16:22","modified_gmt":"2025-06-12T10:16:22","slug":"criadores-adult-borrego-e-arroz-racao-para-caes-de-porte-medio-e-grande","status":"publish","type":"product","link":"https:\/\/www.criadores.es\/pt-pt\/producto\/criadores-adult-borrego-e-arroz-racao-para-caes-de-porte-medio-e-grande\/","title":{"rendered":"Criadores Adult Borrego e Arroz ra\u00e7\u00e3o para c\u00e3es de porte m\u00e9dio e grande"},"content":{"rendered":"<h2>Ra\u00e7\u00e3o para c\u00e3es de borrego e arroz da Criadores<\/h2>\n<p><strong>Ra\u00e7\u00e3o completa de borrego e arroz para c\u00e3es.<\/strong> Alimento pensado especialmente para c\u00e3es adultos, \u00e9 uma op\u00e7\u00e3o muito equilibrada e apetitosa que tem a qualidade nutricional certa para <strong>satisfazer as necessidades dos c\u00e3es mais exigentes.<\/strong><\/p>\n<p>Pode ser uma \u00f3tima op\u00e7\u00e3o para c\u00e3es com sensibilidade a outras fontes de prote\u00edna al\u00e9m do borrego. A carne de borrego\u00a0<strong>fornece uma grande quantidade de prote\u00ednas facilmente assimil\u00e1veis, favorecendo a alta digestibilidade para o seu animal de estima\u00e7\u00e3o<\/strong>. O arroz fornece os hidratos de carbono necess\u00e1rios para as suas necessidades energ\u00e9ticas di\u00e1rias. Gra\u00e7as ao facto de ser fornecido em croquetes secos extrudidos e formulado sem gl\u00faten, <strong>promover\u00e1 uma digest\u00e3o mais leve e a manuten\u00e7\u00e3o adequada da sa\u00fade dent\u00e1ria.<\/strong><\/p>\n<p>A ra\u00e7\u00e3o Criadores de Borrego e Arroz tamb\u00e9m cont\u00e9m<strong> vitaminas, minerais e antioxidantes <\/strong>que ajudam a impulsionar o sistema imunit\u00e1rio.<\/p>\n<p><strong>Esta ra\u00e7\u00e3o cont\u00e9m <\/strong><strong>\u00f3leo de linha\u00e7a e \u00f3leo de salm\u00e3o<\/strong>, que s\u00e3o uma fonte de <strong>\u00d3mega 3 para a manuten\u00e7\u00e3o adequada da pelagem e da sa\u00fade da pele. <\/strong><\/p>\n<p><strong>O seu \u00fanico cereal \u00e9 o arroz<\/strong>, portanto, \u00e9 uma ra\u00e7\u00e3o formulada sem gl\u00faten que pode ajudar os animais de estima\u00e7\u00e3o que exigem uma dieta mais delicada.<\/p>\n<p><strong>Pode dar ao seu animal de estima\u00e7\u00e3o a ra\u00e7\u00e3o da Criadores a partir dos 12 meses. <\/strong>\u00c9 saborosa e \u00e9 bem aceite pela maioria dos c\u00e3es.<\/p>\n","protected":false},"excerpt":{"rendered":"<p>Ra\u00e7\u00e3o de borrego e arroz para c\u00e3es, especialmente formulada para satisfazer as necessidades nutricionais de c\u00e3es adultos de porte m\u00e9dio e grande.<\/p>\n","protected":false},"featured_media":1871,"comment_status":"open","ping_status":"closed","template":"","meta":{"_acf_changed":false},"product_brand":[],"product_cat":[99,92,98],"product_tag":[],"class_list":{"0":"post-2263","1":"product","2":"type-product","3":"status-publish","4":"has-post-thumbnail","6":"product_cat-alimentacao-seca","7":"product_cat-cao","8":"product_cat-original-pt-pt","10":"first","11":"instock","12":"shipping-taxable","13":"product-type-simple"},"acf":[],"_links":{"self":[{"href":"https:\/\/www.criadores.es\/pt-pt\/wp-json\/wp\/v2\/product\/2263","targetHints":{"allow":["GET"]}}],"collection":[{"href":"https:\/\/www.criadores.es\/pt-pt\/wp-json\/wp\/v2\/product"}],"about":[{"href":"https:\/\/www.criadores.es\/pt-pt\/wp-json\/wp\/v2\/types\/product"}],"replies":[{"embeddable":true,"href":"https:\/\/www.criadores.es\/pt-pt\/wp-json\/wp\/v2\/comments?post=2263"}],"wp:featuredmedia":[{"embeddable":true,"href":"https:\/\/www.criadores.es\/pt-pt\/wp-json\/wp\/v2\/media\/1871"}],"wp:attachment":[{"href":"https:\/\/www.criadores.es\/pt-pt\/wp-json\/wp\/v2\/media?parent=2263"}],"wp:term":[{"taxonomy":"product_brand","embeddable":true,"href":"https:\/\/www.criadores.es\/pt-pt\/wp-json\/wp\/v2\/product_brand?post=2263"},{"taxonomy":"product_cat","embeddable":true,"href":"https:\/\/www.criadores.es\/pt-pt\/wp-json\/wp\/v2\/product_cat?post=2263"},{"taxonomy":"product_tag","embeddable":true,"href":"https:\/\/www.criadores.es\/pt-pt\/wp-json\/wp\/v2\/product_tag?post=2263"}],"curies":[{"name":"wp","href":"https:\/\/api.w.org\/{rel}","templated":true}]}}