{"id":2265,"date":"2025-02-12T13:50:41","date_gmt":"2025-02-12T12:50:41","guid":{"rendered":"https:\/\/www.criadores.es\/producto\/criadores-jumbo-bone-para-caes\/"},"modified":"2025-06-11T16:30:09","modified_gmt":"2025-06-11T14:30:09","slug":"criadores-jumbo-bone-para-caes","status":"publish","type":"product","link":"https:\/\/www.criadores.es\/pt-pt\/producto\/criadores-jumbo-bone-para-caes\/","title":{"rendered":"Criadores Jumbo Bone para c\u00e3es"},"content":{"rendered":"<h2>Saborosas sticks macias de carne de frango<\/h2>\n<p>Os snacks para c\u00e3es Criadores Dogsticks de frango satisfazem o instinto natural de morder do seu animal de estima\u00e7\u00e3o <strong>limpando os seus dentes<\/strong> mediante a mastiga\u00e7\u00e3o da barrita. O seu c\u00e3o vai adorar mastigar este pr\u00e9mio saboroso e macio que gra\u00e7as \u00e0 sua consist\u00eancia proporciona um momento de <strong>entretenimento e divers\u00e3o<\/strong>. Poder\u00e1 dar como recompensa em qualquer momento do dia.<\/p>\n<p>\u00c9 um alimento complement\u00e1rio para c\u00e3es elaborado com <strong>ingredientes selecionados<\/strong> que garantem a boa sa\u00fade do seu animal de estima\u00e7\u00e3o e uma boa digest\u00e3o. Estes sticks de 10 cm s\u00e3o <strong>saborosos e macios <\/strong>por tanto os cachorros e os c\u00e3es mais velhos poder\u00e3o com\u00ea-lo facilmente.<\/p>\n<p><strong><em>Os snacks para c\u00e3es Criadores Dogsticks de frango satisfazem o instinto de mastigar do seu animal de estima\u00e7\u00e3o enquanto limpam os seus dentes.<\/em><\/strong><\/p>\n<p><em>A partir da data em que os receba \u00e9 garantido um prazo de 3 meses antes do vencimento da data de validade, ou de 1 m\u00eas no caso dos produtos l\u00e1cteos e da ra\u00e7\u00e3o ecol\u00f3gica.<\/em><\/p>\n","protected":false},"excerpt":{"rendered":"<p>Palitos de frango para c\u00e3es de todas as ra\u00e7as e idades, elaborados com ingredientes naturais e f\u00e1ceis de digerir, estimulam a mastiga\u00e7\u00e3o e ajudam a limpar os dentes e gengivas.<\/p>\n","protected":false},"featured_media":1741,"comment_status":"open","ping_status":"closed","template":"","meta":{"_acf_changed":false},"product_brand":[],"product_cat":[92,98,101],"product_tag":[],"class_list":{"0":"post-2265","1":"product","2":"type-product","3":"status-publish","4":"has-post-thumbnail","6":"product_cat-cao","7":"product_cat-original-pt-pt","8":"product_cat-snacks-pt-pt","10":"first","11":"instock","12":"shipping-taxable","13":"product-type-simple"},"acf":[],"_links":{"self":[{"href":"https:\/\/www.criadores.es\/pt-pt\/wp-json\/wp\/v2\/product\/2265","targetHints":{"allow":["GET"]}}],"collection":[{"href":"https:\/\/www.criadores.es\/pt-pt\/wp-json\/wp\/v2\/product"}],"about":[{"href":"https:\/\/www.criadores.es\/pt-pt\/wp-json\/wp\/v2\/types\/product"}],"replies":[{"embeddable":true,"href":"https:\/\/www.criadores.es\/pt-pt\/wp-json\/wp\/v2\/comments?post=2265"}],"wp:featuredmedia":[{"embeddable":true,"href":"https:\/\/www.criadores.es\/pt-pt\/wp-json\/wp\/v2\/media\/1741"}],"wp:attachment":[{"href":"https:\/\/www.criadores.es\/pt-pt\/wp-json\/wp\/v2\/media?parent=2265"}],"wp:term":[{"taxonomy":"product_brand","embeddable":true,"href":"https:\/\/www.criadores.es\/pt-pt\/wp-json\/wp\/v2\/product_brand?post=2265"},{"taxonomy":"product_cat","embeddable":true,"href":"https:\/\/www.criadores.es\/pt-pt\/wp-json\/wp\/v2\/product_cat?post=2265"},{"taxonomy":"product_tag","embeddable":true,"href":"https:\/\/www.criadores.es\/pt-pt\/wp-json\/wp\/v2\/product_tag?post=2265"}],"curies":[{"name":"wp","href":"https:\/\/api.w.org\/{rel}","templated":true}]}}