{"id":2266,"date":"2025-02-11T13:19:26","date_gmt":"2025-02-11T12:19:26","guid":{"rendered":"https:\/\/www.criadores.es\/producto\/criadores-adulto-frango-e-arroz-racao-para-caes-porte-medio\/"},"modified":"2025-06-12T13:47:24","modified_gmt":"2025-06-12T11:47:24","slug":"criadores-adulto-frango-e-arroz-racao-para-caes-porte-medio","status":"publish","type":"product","link":"https:\/\/www.criadores.es\/pt-pt\/producto\/criadores-adulto-frango-e-arroz-racao-para-caes-porte-medio\/","title":{"rendered":"Criadores Adulto Frango e Arroz ra\u00e7\u00e3o para c\u00e3es porte m\u00e9dio"},"content":{"rendered":"<h2>Ra\u00e7\u00e3o Criadores para c\u00e3es<\/h2>\n<p>A ra\u00e7\u00e3o Criadores Manuten\u00e7\u00e3o para c\u00e3es \u00e9 um alimento 100% natural, elaborado com ingredientes de alta qualidade, cuidadosamente selecionados para responder \u00e0s necessidades nutricionais de ra\u00e7as adultas de tamanho m\u00e9dio (10-25 kg).<\/p>\n<p>O segredo desta receita reside na naturalidade dos seus componentes: frango desidratado, arroz, milho, polpa de ma\u00e7\u00e3, porco desidratado e extrato de yucca e de alecrim. Tudo isto complementado com \u00f3leos de salm\u00e3o e de linha\u00e7a, altamente diger\u00edveis e nutritivos, que possuem importantes propriedades antioxidantes e anti-inflamat\u00f3rias.<\/p>\n<p>A combina\u00e7\u00e3o de todos estes elementos faz desta ra\u00e7\u00e3o para c\u00e3es de porte m\u00e9dio uma excelente op\u00e7\u00e3o que cuidar\u00e1 da sa\u00fade intestinal do seu animal e manter\u00e1 o seu vigor e vitalidade.<\/p>\n<p><em>Se pretende realmente cuidar do seu c\u00e3o no dia-a-dia, a ra\u00e7\u00e3o Criadores Manuten\u00e7\u00e3o para ra\u00e7as de porte m\u00e9dio \u00e9 uma escolha acertada.<\/em><\/p>\n","protected":false},"excerpt":{"rendered":"<p>Ra\u00e7\u00e3o para c\u00e3es adultos de porte m\u00e9dio. Com frango e arroz integral, \u00e9 um alimento rico em prote\u00ednas e com baixo teor de gorduras que protegem a sa\u00fade intestinal do seu animal.<\/p>\n","protected":false},"featured_media":1681,"comment_status":"open","ping_status":"closed","template":"","meta":{"_acf_changed":false},"product_brand":[],"product_cat":[99,92,98],"product_tag":[],"class_list":{"0":"post-2266","1":"product","2":"type-product","3":"status-publish","4":"has-post-thumbnail","6":"product_cat-alimentacao-seca","7":"product_cat-cao","8":"product_cat-original-pt-pt","10":"first","11":"instock","12":"shipping-taxable","13":"product-type-simple"},"acf":[],"_links":{"self":[{"href":"https:\/\/www.criadores.es\/pt-pt\/wp-json\/wp\/v2\/product\/2266","targetHints":{"allow":["GET"]}}],"collection":[{"href":"https:\/\/www.criadores.es\/pt-pt\/wp-json\/wp\/v2\/product"}],"about":[{"href":"https:\/\/www.criadores.es\/pt-pt\/wp-json\/wp\/v2\/types\/product"}],"replies":[{"embeddable":true,"href":"https:\/\/www.criadores.es\/pt-pt\/wp-json\/wp\/v2\/comments?post=2266"}],"wp:featuredmedia":[{"embeddable":true,"href":"https:\/\/www.criadores.es\/pt-pt\/wp-json\/wp\/v2\/media\/1681"}],"wp:attachment":[{"href":"https:\/\/www.criadores.es\/pt-pt\/wp-json\/wp\/v2\/media?parent=2266"}],"wp:term":[{"taxonomy":"product_brand","embeddable":true,"href":"https:\/\/www.criadores.es\/pt-pt\/wp-json\/wp\/v2\/product_brand?post=2266"},{"taxonomy":"product_cat","embeddable":true,"href":"https:\/\/www.criadores.es\/pt-pt\/wp-json\/wp\/v2\/product_cat?post=2266"},{"taxonomy":"product_tag","embeddable":true,"href":"https:\/\/www.criadores.es\/pt-pt\/wp-json\/wp\/v2\/product_tag?post=2266"}],"curies":[{"name":"wp","href":"https:\/\/api.w.org\/{rel}","templated":true}]}}