{"id":2267,"date":"2025-02-14T08:27:58","date_gmt":"2025-02-14T07:27:58","guid":{"rendered":"https:\/\/www.criadores.es\/producto\/criadores-biscoitos-coracoes-para-caes\/"},"modified":"2025-06-11T13:56:33","modified_gmt":"2025-06-11T11:56:33","slug":"criadores-biscoitos-coracoes-para-caes","status":"publish","type":"product","link":"https:\/\/www.criadores.es\/pt-pt\/producto\/criadores-biscoitos-coracoes-para-caes\/","title":{"rendered":"Criadores Biscoitos cora\u00e7\u00f5es para c\u00e3es"},"content":{"rendered":"<h2>Mix de 2 cora\u00e7\u00f5es de tamanho pequeno e diferentes cores<\/h2>\n<p>Os snacks para c\u00e3es Criadores Cora\u00e7\u00f5es Mistura s\u00e3o um <strong>pr\u00e9mio ideal<\/strong> para dar ao seu animal de estima\u00e7\u00e3o em qualquer momento do dia. O seu tamanho de apenas 1 cm permite dar mais quantidade v\u00e1rias vezes para que o seu c\u00e3o desfrute a dobrar, ao contr\u00e1rio dos snacks maiores. O seu <strong>pequeno tamanho<\/strong> faz com que sejam perfeitos para utilizar como recompensa no treino ou adestramento do seu c\u00e3o. Poder\u00e1 coloc\u00e1-los em qualquer bolso de forma confort\u00e1vel para levar nos passeios e para onde quiser, assim poder\u00e1 premiar o seu animal de estima\u00e7\u00e3o em qualquer lugar.<\/p>\n<p>Este snack est\u00e1 feito com<strong> carne fumada <\/strong>e em diferentes cores. Tem um <strong>delicioso sabor <\/strong>que o seu c\u00e3o ir\u00e1 adorar, e est\u00e3o feitos com ingredientes selecionados e sem aditivos para conseguir um alimento complement\u00e1rio saud\u00e1vel e de f\u00e1cil digest\u00e3o. Gra\u00e7as \u00e0 sua textura mole s\u00e3o perfeitos para os cachorros e os c\u00e3es mais idosos, j\u00e1 que t\u00eam dificuldade de mastigar e comer. O seu c\u00e3o vai adorar o formato de cora\u00e7\u00e3o em diferentes cores.<\/p>\n<p><strong><em>Os snacks para c\u00e3es Criadores Cora\u00e7\u00f5es Mistura s\u00e3o tenros e saborosos.<\/em><\/strong><\/p>\n<p><em>A partir da data em que os receba \u00e9 garantido um prazo de 3 meses antes do vencimento da data de validade, ou de 1 m\u00eas no caso dos produtos l\u00e1cteos e da ra\u00e7\u00e3o ecol\u00f3gica.<\/em><\/p>\n","protected":false},"excerpt":{"rendered":"<p>Biscoitos de carne semi \u00famidos para c\u00e3es de todas as idades,ricos em prote\u00edna e de baixo teor de gorduras, f\u00e1ceis de digerir, s\u00e3o adequadas para oferecer como recompensa ou lanche.<\/p>\n","protected":false},"featured_media":1990,"comment_status":"open","ping_status":"closed","template":"","meta":{"_acf_changed":false},"product_brand":[],"product_cat":[92,98,101],"product_tag":[],"class_list":{"0":"post-2267","1":"product","2":"type-product","3":"status-publish","4":"has-post-thumbnail","6":"product_cat-cao","7":"product_cat-original-pt-pt","8":"product_cat-snacks-pt-pt","10":"first","11":"instock","12":"shipping-taxable","13":"product-type-simple"},"acf":[],"_links":{"self":[{"href":"https:\/\/www.criadores.es\/pt-pt\/wp-json\/wp\/v2\/product\/2267","targetHints":{"allow":["GET"]}}],"collection":[{"href":"https:\/\/www.criadores.es\/pt-pt\/wp-json\/wp\/v2\/product"}],"about":[{"href":"https:\/\/www.criadores.es\/pt-pt\/wp-json\/wp\/v2\/types\/product"}],"replies":[{"embeddable":true,"href":"https:\/\/www.criadores.es\/pt-pt\/wp-json\/wp\/v2\/comments?post=2267"}],"wp:featuredmedia":[{"embeddable":true,"href":"https:\/\/www.criadores.es\/pt-pt\/wp-json\/wp\/v2\/media\/1990"}],"wp:attachment":[{"href":"https:\/\/www.criadores.es\/pt-pt\/wp-json\/wp\/v2\/media?parent=2267"}],"wp:term":[{"taxonomy":"product_brand","embeddable":true,"href":"https:\/\/www.criadores.es\/pt-pt\/wp-json\/wp\/v2\/product_brand?post=2267"},{"taxonomy":"product_cat","embeddable":true,"href":"https:\/\/www.criadores.es\/pt-pt\/wp-json\/wp\/v2\/product_cat?post=2267"},{"taxonomy":"product_tag","embeddable":true,"href":"https:\/\/www.criadores.es\/pt-pt\/wp-json\/wp\/v2\/product_tag?post=2267"}],"curies":[{"name":"wp","href":"https:\/\/api.w.org\/{rel}","templated":true}]}}