{"id":2268,"date":"2025-02-14T10:54:28","date_gmt":"2025-02-14T09:54:28","guid":{"rendered":"https:\/\/www.criadores.es\/producto\/criadores-ossinhos-trainer-mix-para-caea\/"},"modified":"2025-06-11T11:35:57","modified_gmt":"2025-06-11T09:35:57","slug":"criadores-ossinhos-trainer-mix-para-caea","status":"publish","type":"product","link":"https:\/\/www.criadores.es\/pt-pt\/producto\/criadores-ossinhos-trainer-mix-para-caea\/","title":{"rendered":"Criadores Ossinhos Trainer Mix para c\u00e3ea"},"content":{"rendered":"<h2>Mix de 3 ossos de pequeno tamanho e diferentes sabores para todos os c\u00e3es<\/h2>\n<p>Os snacks para c\u00e3es Criadores Ossos Trainer Mix s\u00e3o um <strong>pr\u00e9mio ideal<\/strong> para dar ao seu animal de estima\u00e7\u00e3o em qualquer momento do dia. O seu tamanho de apenas 1 cm permite dar mais quantidade em v\u00e1rias vezes para que o seu c\u00e3o desfrute a dobrar, ao contr\u00e1rio dos snacks maiores. O seu pequeno tamanho faz com que sejam <strong>perfeitos para utilizar como recompensa<\/strong> no treino ou adestramento do seu c\u00e3o. Poder\u00e1 colocar em qualquer bolso de forma confort\u00e1vel para levar para os passeios e para onde quiser, assim poder\u00e1 premiar o seu animal de estima\u00e7\u00e3o em qualquer lugar.<\/p>\n<p>Este snack est\u00e1 feito com <strong>3 tipos diferentes de carne<\/strong>, que correspondem a cada uma das cores, para que o seu c\u00e3o possa desfrutar de diferentes sabores com este <strong>mix<\/strong>: <strong>frango, cordeiro e boi.<\/strong> As tr\u00eas variedades t\u00eam um delicioso sabor que o seu c\u00e3o vai adorar. Al\u00e9m disso, est\u00e3o feitos com ingredientes selecionados e sem aditivos para conseguir um alimento complement\u00e1rio saud\u00e1vel e de <strong>f\u00e1cil digest\u00e3o<\/strong>. Gra\u00e7as \u00e0 sua textura tenra s\u00e3o perfeitos para os cachorros e os c\u00e3es mais idosos, j\u00e1 que t\u00eam dificuldade de mastigar e comer. V\u00e3o adorar seu formato de osso em diferentes cores.<\/p>\n<p><strong><em>Os snacks para c\u00e3es Criadores Ossos Trainer Mix s\u00e3o tenros e saborosos com 3 sabores diferentes.<\/em><\/strong><\/p>\n<p><em>A partir da data em que os receba \u00e9 garantido um prazo de 3 meses antes do vencimento da data de validade, ou de 1 m\u00eas no caso dos produtos l\u00e1cteos e da ra\u00e7\u00e3o ecol\u00f3gica.<\/em><\/p>\n","protected":false},"excerpt":{"rendered":"<p>Mini Ossinhos para c\u00e3es de todas as idades, s\u00e3o muito pequenos e macios para oferecer como recompensa durante os treinos ou como uma simples guloseima, feitos com carne de ca\u00e7a, carne bovina e frango, s\u00e3o f\u00e1ceis de digerir.<\/p>\n","protected":false},"featured_media":2026,"comment_status":"open","ping_status":"closed","template":"","meta":{"_acf_changed":false},"product_brand":[],"product_cat":[92,98,101],"product_tag":[],"class_list":{"0":"post-2268","1":"product","2":"type-product","3":"status-publish","4":"has-post-thumbnail","6":"product_cat-cao","7":"product_cat-original-pt-pt","8":"product_cat-snacks-pt-pt","10":"first","11":"instock","12":"shipping-taxable","13":"product-type-simple"},"acf":[],"_links":{"self":[{"href":"https:\/\/www.criadores.es\/pt-pt\/wp-json\/wp\/v2\/product\/2268","targetHints":{"allow":["GET"]}}],"collection":[{"href":"https:\/\/www.criadores.es\/pt-pt\/wp-json\/wp\/v2\/product"}],"about":[{"href":"https:\/\/www.criadores.es\/pt-pt\/wp-json\/wp\/v2\/types\/product"}],"replies":[{"embeddable":true,"href":"https:\/\/www.criadores.es\/pt-pt\/wp-json\/wp\/v2\/comments?post=2268"}],"wp:featuredmedia":[{"embeddable":true,"href":"https:\/\/www.criadores.es\/pt-pt\/wp-json\/wp\/v2\/media\/2026"}],"wp:attachment":[{"href":"https:\/\/www.criadores.es\/pt-pt\/wp-json\/wp\/v2\/media?parent=2268"}],"wp:term":[{"taxonomy":"product_brand","embeddable":true,"href":"https:\/\/www.criadores.es\/pt-pt\/wp-json\/wp\/v2\/product_brand?post=2268"},{"taxonomy":"product_cat","embeddable":true,"href":"https:\/\/www.criadores.es\/pt-pt\/wp-json\/wp\/v2\/product_cat?post=2268"},{"taxonomy":"product_tag","embeddable":true,"href":"https:\/\/www.criadores.es\/pt-pt\/wp-json\/wp\/v2\/product_tag?post=2268"}],"curies":[{"name":"wp","href":"https:\/\/api.w.org\/{rel}","templated":true}]}}