{"id":2271,"date":"2025-02-14T11:15:03","date_gmt":"2025-02-14T10:15:03","guid":{"rendered":"https:\/\/www.criadores.es\/producto\/criadores-ossinhos-duo-carne-de-caca-para-caes\/"},"modified":"2025-06-11T13:54:39","modified_gmt":"2025-06-11T11:54:39","slug":"criadores-ossinhos-duo-carne-de-caca-para-caes","status":"publish","type":"product","link":"https:\/\/www.criadores.es\/pt-pt\/producto\/criadores-ossinhos-duo-carne-de-caca-para-caes\/","title":{"rendered":"Criadores Ossinhos Duo Carne de Ca\u00e7a para c\u00e3es"},"content":{"rendered":"<h2>Saboroso snack em forma de osso de tamanho pequeno para todos os c\u00e3es<\/h2>\n<p>Os snacks para c\u00e3es Criadores Ossinhos Duo com cordeiro s\u00e3o um pr\u00e9mio ideal para dar ao seu animal de estima\u00e7\u00e3o em qualquer momento do dia. O seu pequeno tamanho de apenas 2 cm permite que possa dar mais quantidade de guloseimas, o que deixar\u00e1 ele muito feliz. O seu tamanho tamb\u00e9m faz com que seja um <strong>snack perfeito para utilizar como recompensa para o treino<\/strong> ou adestramento, s\u00e3o muito confort\u00e1veis de levar em qualquer bolso pequeno.<\/p>\n<p>Este snack est\u00e1 feito com<strong> saborosa carne e cereais<\/strong>. Criadores utiliza ingredientes selecionados para fazer um delicioso snack sem aditivos e de f\u00e1cil digest\u00e3o. A sua <strong>consist\u00eancia macia<\/strong> faz com que todos os c\u00e3es adorem este snack, tanto cachorros, adultos como c\u00e3es de idade avan\u00e7ada podem com\u00ea-lo sem problemas. T\u00eam forma de osso com o exterior na cor ocre e o interior castanho escuro.<\/p>\n<p><strong><em>Os snacks para c\u00e3es Criadores Ossinhos Duo com ca\u00e7a s\u00e3o muito saborosos e t\u00eam um tamanho ideal para recompensar o seu animal de estima\u00e7\u00e3o v\u00e1rias vezes por dia.<\/em><\/strong><\/p>\n<p><em>A partir da data em que os receba \u00e9 garantido um prazo de 3 meses antes do vencimento da data de validade, ou de 1 m\u00eas no caso dos produtos l\u00e1cteos e da ra\u00e7\u00e3o ecol\u00f3gica.<\/em><\/p>\n","protected":false},"excerpt":{"rendered":"<p>Ossos para c\u00e3es, t\u00eam consist\u00eancia macia e s\u00e3o preparados com carne de ca\u00e7a e cereais, s\u00e3o isentos de corantes e conservantes artificiais, s\u00e3o muito f\u00e1ceis de digerir e ricos em prote\u00ednas e vitaminas.<\/p>\n","protected":false},"featured_media":2032,"comment_status":"open","ping_status":"closed","template":"","meta":{"_acf_changed":false},"product_brand":[],"product_cat":[92,98,101],"product_tag":[],"class_list":{"0":"post-2271","1":"product","2":"type-product","3":"status-publish","4":"has-post-thumbnail","6":"product_cat-cao","7":"product_cat-original-pt-pt","8":"product_cat-snacks-pt-pt","10":"first","11":"instock","12":"shipping-taxable","13":"product-type-simple"},"acf":[],"_links":{"self":[{"href":"https:\/\/www.criadores.es\/pt-pt\/wp-json\/wp\/v2\/product\/2271","targetHints":{"allow":["GET"]}}],"collection":[{"href":"https:\/\/www.criadores.es\/pt-pt\/wp-json\/wp\/v2\/product"}],"about":[{"href":"https:\/\/www.criadores.es\/pt-pt\/wp-json\/wp\/v2\/types\/product"}],"replies":[{"embeddable":true,"href":"https:\/\/www.criadores.es\/pt-pt\/wp-json\/wp\/v2\/comments?post=2271"}],"wp:featuredmedia":[{"embeddable":true,"href":"https:\/\/www.criadores.es\/pt-pt\/wp-json\/wp\/v2\/media\/2032"}],"wp:attachment":[{"href":"https:\/\/www.criadores.es\/pt-pt\/wp-json\/wp\/v2\/media?parent=2271"}],"wp:term":[{"taxonomy":"product_brand","embeddable":true,"href":"https:\/\/www.criadores.es\/pt-pt\/wp-json\/wp\/v2\/product_brand?post=2271"},{"taxonomy":"product_cat","embeddable":true,"href":"https:\/\/www.criadores.es\/pt-pt\/wp-json\/wp\/v2\/product_cat?post=2271"},{"taxonomy":"product_tag","embeddable":true,"href":"https:\/\/www.criadores.es\/pt-pt\/wp-json\/wp\/v2\/product_tag?post=2271"}],"curies":[{"name":"wp","href":"https:\/\/api.w.org\/{rel}","templated":true}]}}