{"id":2272,"date":"2025-02-14T12:19:02","date_gmt":"2025-02-14T11:19:02","guid":{"rendered":"https:\/\/www.criadores.es\/producto\/criadores-biscoitos-red-cream-steaks-para-caes\/"},"modified":"2025-06-11T13:55:52","modified_gmt":"2025-06-11T11:55:52","slug":"criadores-biscoitos-red-cream-steaks-para-caes","status":"publish","type":"product","link":"https:\/\/www.criadores.es\/pt-pt\/producto\/criadores-biscoitos-red-cream-steaks-para-caes\/","title":{"rendered":"Criadores Biscoitos Red Cream Steaks para c\u00e3es"},"content":{"rendered":"<h2>Snack em forma de costeleta tenro e saboroso<\/h2>\n<p>Os snacks para c\u00e3es Criadores Red Cream Steaks s\u00e3o <strong>pequenos e saborosos<\/strong> para recompensar o seu c\u00e3o em qualquer momento do dia. Estes snacks medem apenas 4 cm de comprimento pelo que poder\u00e1 dar mais quantidade de guloseimas do que com os snacks de tamanho maior. T\u00eam uma <strong>divertida forma de costeleta<\/strong> na cor vermelha e bege.<\/p>\n<p>Este alimento complementar est\u00e1 feito com <strong>deliciosa carne defumada <\/strong>e tem uma consist\u00eancia tenra para que qualquer c\u00e3o possa com\u00ea-lo, at\u00e9 mesmo os mais idosos. Os seus ingredientes s\u00e3o selecionados para fazer um snack saud\u00e1vel e f\u00e1cil de digerir. O seu pequeno tamanho permite lev\u00e1-lo para onde quiser confortavelmente para poder recompensar o seu animal de estima\u00e7\u00e3o em qualquer lugar. Tamb\u00e9m <strong>s\u00e3o ideais para utiliz\u00e1-los no adestramento<\/strong>.<\/p>\n<p><strong><em>Os snacks para c\u00e3es Criadores Red Cream Steaks s\u00e3o um alimento complementar delicioso e saud\u00e1vel para recompensar o seu animal de estima\u00e7\u00e3o em qualquer momento do dia.<\/em><\/strong><\/p>\n<p><em>A partir da data em que os receba \u00e9 garantido um prazo de 3 meses antes do vencimento da data de validade, ou de 1 m\u00eas no caso dos produtos l\u00b4cteos e a ra\u00e7\u00e3o ecol\u00f3gica.<\/em><\/p>\n","protected":false},"excerpt":{"rendered":"<p>Lanches em forma de fil\u00e9 para c\u00e3es de todas as idades, de consist\u00eancia macia, ricos em prote\u00ednas e baixos em gorduras, s\u00e3o f\u00e1ceis de digerir.<\/p>\n","protected":false},"featured_media":2046,"comment_status":"open","ping_status":"closed","template":"","meta":{"_acf_changed":false},"product_brand":[],"product_cat":[92,98,101],"product_tag":[],"class_list":{"0":"post-2272","1":"product","2":"type-product","3":"status-publish","4":"has-post-thumbnail","6":"product_cat-cao","7":"product_cat-original-pt-pt","8":"product_cat-snacks-pt-pt","10":"first","11":"instock","12":"shipping-taxable","13":"product-type-simple"},"acf":[],"_links":{"self":[{"href":"https:\/\/www.criadores.es\/pt-pt\/wp-json\/wp\/v2\/product\/2272","targetHints":{"allow":["GET"]}}],"collection":[{"href":"https:\/\/www.criadores.es\/pt-pt\/wp-json\/wp\/v2\/product"}],"about":[{"href":"https:\/\/www.criadores.es\/pt-pt\/wp-json\/wp\/v2\/types\/product"}],"replies":[{"embeddable":true,"href":"https:\/\/www.criadores.es\/pt-pt\/wp-json\/wp\/v2\/comments?post=2272"}],"wp:featuredmedia":[{"embeddable":true,"href":"https:\/\/www.criadores.es\/pt-pt\/wp-json\/wp\/v2\/media\/2046"}],"wp:attachment":[{"href":"https:\/\/www.criadores.es\/pt-pt\/wp-json\/wp\/v2\/media?parent=2272"}],"wp:term":[{"taxonomy":"product_brand","embeddable":true,"href":"https:\/\/www.criadores.es\/pt-pt\/wp-json\/wp\/v2\/product_brand?post=2272"},{"taxonomy":"product_cat","embeddable":true,"href":"https:\/\/www.criadores.es\/pt-pt\/wp-json\/wp\/v2\/product_cat?post=2272"},{"taxonomy":"product_tag","embeddable":true,"href":"https:\/\/www.criadores.es\/pt-pt\/wp-json\/wp\/v2\/product_tag?post=2272"}],"curies":[{"name":"wp","href":"https:\/\/api.w.org\/{rel}","templated":true}]}}