{"id":2273,"date":"2025-02-13T10:05:41","date_gmt":"2025-02-13T09:05:41","guid":{"rendered":"https:\/\/www.criadores.es\/producto\/criadores-adultos-atum-e-frango-em-lata-para-gatos\/"},"modified":"2025-06-11T15:55:31","modified_gmt":"2025-06-11T13:55:31","slug":"criadores-adultos-atum-e-frango-em-lata-para-gatos","status":"publish","type":"product","link":"https:\/\/www.criadores.es\/pt-pt\/producto\/criadores-adultos-atum-e-frango-em-lata-para-gatos\/","title":{"rendered":"Criadores Adultos Atum e Frango em lata para gatos"},"content":{"rendered":"<h2>Comida para gatos Criadores<\/h2>\n<p>O <strong>alimento h\u00famido para gatos Criadores atum com frango, surimi e arroz 400 gr<\/strong> oferece ao seu gato adulto uma dieta completa e equilibrada e ao mesmo tempo cuida da sua sa\u00fade.<\/p>\n<p>Saboroso e com grande aceita\u00e7\u00e3o, protege o <strong>sistema digestivo<\/strong> do seu gato gra\u00e7as \u00e0 a\u00e7\u00e3o dos pr\u00e9-bi\u00f3ticos (FOS e MOS) e melhora a sua <strong>pele e o pelo<\/strong>, tornando-o mais forte e brilhante.<br \/>\nIsto \u00e9 poss\u00edvel porque \u00e9 composto apenas por <strong>ingredientes naturais<\/strong> selecionados de grande qualidade e de origem adequada para o consumo humano. As prote\u00ednas de alta qualidade e f\u00e1cil assimila\u00e7\u00e3o provenientes do atum, do frango e do surimi ajudam a manter fortes os m\u00fasculos do seu gato. O seu grande teor de humidade ajuda a que o seu gato esteja sempre bem hidratado, principalmente em \u00e9pocas mais quentes.<\/p>\n<p>\u00c9 elaborado com <strong>58% de atum e frango<\/strong> e \u00e9 um produto <strong>isento de transg\u00e9nicos<\/strong> (OGM). O processo de fabrico garante a homogeneidade dos nutrientes, especialmente das prote\u00ednas que mantem a sua estrutura intata de modo a evitar ra\u00e7\u00f5es al\u00e9rgicas no seu animal de estima\u00e7\u00e3o.<\/p>\n<p>\u00c9 por todas estas raz\u00f5es que \u201cCriadores\u201d \u00e9 a marca preferida dos especialistas. Nunca um produto de t\u00e3o boa qualidade tinha estado a um pre\u00e7o t\u00e3o bom.<\/p>\n<p><em>A partir da data em que os receba \u00e9 garantido um prazo de 3 meses antes do vencimento da data de validade, ou de 1 m\u00eas no caso dos produtos l\u00b4cteos e a ra\u00e7\u00e3o ecol\u00f3gica.<\/em><\/p>\n","protected":false},"excerpt":{"rendered":"<p>O alimento h\u00famido para gatos de atum e frango da Criadores \u00e9 uma combina\u00e7\u00e3o de ingredientes 100% naturais, sem OGM e sem aditivos artificiais.<\/p>\n","protected":false},"featured_media":1827,"comment_status":"open","ping_status":"closed","template":"","meta":{"_acf_changed":false},"product_brand":[],"product_cat":[110,111,106],"product_tag":[],"class_list":{"0":"post-2273","1":"product","2":"type-product","3":"status-publish","4":"has-post-thumbnail","6":"product_cat-comida-humida-pt","7":"product_cat-gatos","8":"product_cat-original-gato-pt-pt","10":"first","11":"instock","12":"shipping-taxable","13":"product-type-simple"},"acf":[],"_links":{"self":[{"href":"https:\/\/www.criadores.es\/pt-pt\/wp-json\/wp\/v2\/product\/2273","targetHints":{"allow":["GET"]}}],"collection":[{"href":"https:\/\/www.criadores.es\/pt-pt\/wp-json\/wp\/v2\/product"}],"about":[{"href":"https:\/\/www.criadores.es\/pt-pt\/wp-json\/wp\/v2\/types\/product"}],"replies":[{"embeddable":true,"href":"https:\/\/www.criadores.es\/pt-pt\/wp-json\/wp\/v2\/comments?post=2273"}],"wp:featuredmedia":[{"embeddable":true,"href":"https:\/\/www.criadores.es\/pt-pt\/wp-json\/wp\/v2\/media\/1827"}],"wp:attachment":[{"href":"https:\/\/www.criadores.es\/pt-pt\/wp-json\/wp\/v2\/media?parent=2273"}],"wp:term":[{"taxonomy":"product_brand","embeddable":true,"href":"https:\/\/www.criadores.es\/pt-pt\/wp-json\/wp\/v2\/product_brand?post=2273"},{"taxonomy":"product_cat","embeddable":true,"href":"https:\/\/www.criadores.es\/pt-pt\/wp-json\/wp\/v2\/product_cat?post=2273"},{"taxonomy":"product_tag","embeddable":true,"href":"https:\/\/www.criadores.es\/pt-pt\/wp-json\/wp\/v2\/product_tag?post=2273"}],"curies":[{"name":"wp","href":"https:\/\/api.w.org\/{rel}","templated":true}]}}