{"id":2274,"date":"2025-02-14T12:18:46","date_gmt":"2025-02-14T11:18:46","guid":{"rendered":"https:\/\/www.criadores.es\/producto\/criadores-biscoitos-healthy-mix-para-caes\/"},"modified":"2025-06-11T13:58:05","modified_gmt":"2025-06-11T11:58:05","slug":"criadores-biscoitos-healthy-mix-para-caes","status":"publish","type":"product","link":"https:\/\/www.criadores.es\/pt-pt\/producto\/criadores-biscoitos-healthy-mix-para-caes\/","title":{"rendered":"Criadores Biscoitos Healthy Mix para c\u00e3es"},"content":{"rendered":"<h2>Mix de 4 saborosos snacks com diferentes formas e cores<\/h2>\n<p>Os snacks para c\u00e3es Criadores Healthy Mix t\u00eam um tamanho pequeno para recompensar o seu animal de estima\u00e7\u00e3o sempre que quiser. S\u00e3o muito macios e deliciosos e v\u00eam em um mix de diferentes cores e formas para que o seu c\u00e3o nunca fique entediado. Poder\u00e1 alternar o seu pr\u00e9mio com cora\u00e7\u00f5es vermelhos, quadrados de cor castanha, bolinhas verdes e estrelas bege. Al\u00e9m disso, este \u00faltimo com aspeto de estrela tem uma forma especial que entra mais entre os dentes para limp\u00e1-los e prevenir o t\u00e1rtaro.<\/p>\n<p>O tamanho destes snacks \u00e9 de aproximadamente 2 cm, isto permite que possa guard\u00e1-los em qualquer lugar e lev\u00e1-los para onde quiser facilmente para poder premiar o seu c\u00e3o tamb\u00e9m na rua. S\u00e3o tamb\u00e9m ideais para utilizar como recompensa durante o treino. O seu sabor a carne de frango e pato far\u00e1 com que o seu c\u00e3o tenha muito mais interesse nos seus exerc\u00edcios.<\/p>\n<p><strong><em>Os snacks para c\u00e3es Criadores<\/em><\/strong> <strong><em>Healthy Mix s\u00e3o tenros, saborosos e saud\u00e1veis.<\/em><\/strong><strong><em>\u00a0<\/em><\/strong><\/p>\n<p><em>A partir da data em que os receba \u00e9 garantido um prazo de 3 meses antes do vencimento da data de validade, ou de 1 m\u00eas no caso dos produtos l\u00e1cteos e da ra\u00e7\u00e3o ecol\u00f3gica.<\/em><\/p>\n","protected":false},"excerpt":{"rendered":"<p>Petiscos para c\u00e3es de todas as idades, tem formas pequenas de cora\u00e7\u00e3o, quadrado, ov\u00e1lico e estrela, sua consist\u00eancia \u00e9 macia e s\u00e3o semi-\u00famidos, ideais para oferecer como mimo ou recompensa.<\/p>\n","protected":false},"featured_media":2045,"comment_status":"open","ping_status":"closed","template":"","meta":{"_acf_changed":false},"product_brand":[],"product_cat":[92,98,101],"product_tag":[],"class_list":{"0":"post-2274","1":"product","2":"type-product","3":"status-publish","4":"has-post-thumbnail","6":"product_cat-cao","7":"product_cat-original-pt-pt","8":"product_cat-snacks-pt-pt","10":"first","11":"instock","12":"shipping-taxable","13":"product-type-simple"},"acf":[],"_links":{"self":[{"href":"https:\/\/www.criadores.es\/pt-pt\/wp-json\/wp\/v2\/product\/2274","targetHints":{"allow":["GET"]}}],"collection":[{"href":"https:\/\/www.criadores.es\/pt-pt\/wp-json\/wp\/v2\/product"}],"about":[{"href":"https:\/\/www.criadores.es\/pt-pt\/wp-json\/wp\/v2\/types\/product"}],"replies":[{"embeddable":true,"href":"https:\/\/www.criadores.es\/pt-pt\/wp-json\/wp\/v2\/comments?post=2274"}],"wp:featuredmedia":[{"embeddable":true,"href":"https:\/\/www.criadores.es\/pt-pt\/wp-json\/wp\/v2\/media\/2045"}],"wp:attachment":[{"href":"https:\/\/www.criadores.es\/pt-pt\/wp-json\/wp\/v2\/media?parent=2274"}],"wp:term":[{"taxonomy":"product_brand","embeddable":true,"href":"https:\/\/www.criadores.es\/pt-pt\/wp-json\/wp\/v2\/product_brand?post=2274"},{"taxonomy":"product_cat","embeddable":true,"href":"https:\/\/www.criadores.es\/pt-pt\/wp-json\/wp\/v2\/product_cat?post=2274"},{"taxonomy":"product_tag","embeddable":true,"href":"https:\/\/www.criadores.es\/pt-pt\/wp-json\/wp\/v2\/product_tag?post=2274"}],"curies":[{"name":"wp","href":"https:\/\/api.w.org\/{rel}","templated":true}]}}