{"id":2275,"date":"2025-02-11T15:58:55","date_gmt":"2025-02-11T14:58:55","guid":{"rendered":"https:\/\/www.criadores.es\/producto\/criadores-comida-humida-de-peixe-para-caes\/"},"modified":"2025-06-12T13:35:03","modified_gmt":"2025-06-12T11:35:03","slug":"criadores-comida-humida-de-peixe-para-caes","status":"publish","type":"product","link":"https:\/\/www.criadores.es\/pt-pt\/producto\/criadores-comida-humida-de-peixe-para-caes\/","title":{"rendered":"Criadores comida h\u00famida de peixe para c\u00e3es"},"content":{"rendered":"<h2>Alimento h\u00famido para c\u00e3es com sabor a peixe Criadores<\/h2>\n<p>A comida h\u00famida para c\u00e3es Criadores com sabor a peixe \u00e9 indicada para a <strong>dieta di\u00e1ria de animais de estima\u00e7\u00e3o adultos<\/strong>, pois inclui todos os nutrientes que um animal nesta idade necessita. Escolha um alimento completo, que aposte na sa\u00fade do seu melhor amigo, mantendo-o bem alimentado, saud\u00e1vel e forte. A marca Criadores, de venda exclusiva na nossa loja, oferece-lhe uma <strong>gama alta a um pre\u00e7o bastante econ\u00f3mico<\/strong>.<\/p>\n<p>Este alimento h\u00famido para c\u00e3es \u00e9 elaborado com uma grande quantidade de peixe, cerca de 40%, e vegetais. Todos s\u00e3o <strong>ingredientes naturais de grande qualidade<\/strong>, como a truta, o salm\u00e3o, a sardinha ou a batata. \u00c9 uma comida para animais de estima\u00e7\u00e3o que se carateriza por proporcionar <strong>equil\u00edbrio na sua composi\u00e7\u00e3o<\/strong>. A sua f\u00f3rmula n\u00e3o inclui farinhas, conservantes, corantes, nem aditivos ou aromas artificiais. Confie na sa\u00fade do seu melhor amigo com a receita de Criadores.<\/p>\n<p>Criadores com sabor a peixe \u00e9 um alimento h\u00famido para animais de estima\u00e7\u00e3o que o seu c\u00e3o ir\u00e1 adorar, pois \u00e9 uma <strong>comida muito saborosa<\/strong>, que ele vai achar bastante deliciosa. Al\u00e9m disso, cuida da sua sa\u00fade, pois \u00e9 muito nutritiva e tornar\u00e1 as suas <strong>digest\u00f5es mais f\u00e1ceis<\/strong>, devido \u00e0 sua elevada digestibilidade. O seu melhor amigo ir\u00e1 manter-se forte e saud\u00e1vel.<\/p>\n<p><em><strong>Cuide do seu melhor amigo com a comida h\u00famida para c\u00e3es Criadores com sabor a peixe.<\/strong><\/em><\/p>\n<p><em>A partir da data em que os receba \u00e9 garantido um prazo de 3 meses antes do vencimento da data de validade, ou de 1 m\u00eas no caso dos produtos l\u00b4cteos e a ra\u00e7\u00e3o ecol\u00f3gica.<\/em><\/p>\n","protected":false},"excerpt":{"rendered":"<p>A comida h\u00famida para c\u00e3es Criadores com sabor a peixe \u00e9 indicada para a dieta di\u00e1ria de animais de estima\u00e7\u00e3o adultos , pois inclui todos os nutrientes que um&#8230;<\/p>\n","protected":false},"featured_media":1698,"comment_status":"open","ping_status":"closed","template":"","meta":{"_acf_changed":false},"product_brand":[],"product_cat":[92,94,98],"product_tag":[],"class_list":{"0":"post-2275","1":"product","2":"type-product","3":"status-publish","4":"has-post-thumbnail","6":"product_cat-cao","7":"product_cat-comida-humida","8":"product_cat-original-pt-pt","10":"first","11":"instock","12":"shipping-taxable","13":"product-type-simple"},"acf":[],"_links":{"self":[{"href":"https:\/\/www.criadores.es\/pt-pt\/wp-json\/wp\/v2\/product\/2275","targetHints":{"allow":["GET"]}}],"collection":[{"href":"https:\/\/www.criadores.es\/pt-pt\/wp-json\/wp\/v2\/product"}],"about":[{"href":"https:\/\/www.criadores.es\/pt-pt\/wp-json\/wp\/v2\/types\/product"}],"replies":[{"embeddable":true,"href":"https:\/\/www.criadores.es\/pt-pt\/wp-json\/wp\/v2\/comments?post=2275"}],"wp:featuredmedia":[{"embeddable":true,"href":"https:\/\/www.criadores.es\/pt-pt\/wp-json\/wp\/v2\/media\/1698"}],"wp:attachment":[{"href":"https:\/\/www.criadores.es\/pt-pt\/wp-json\/wp\/v2\/media?parent=2275"}],"wp:term":[{"taxonomy":"product_brand","embeddable":true,"href":"https:\/\/www.criadores.es\/pt-pt\/wp-json\/wp\/v2\/product_brand?post=2275"},{"taxonomy":"product_cat","embeddable":true,"href":"https:\/\/www.criadores.es\/pt-pt\/wp-json\/wp\/v2\/product_cat?post=2275"},{"taxonomy":"product_tag","embeddable":true,"href":"https:\/\/www.criadores.es\/pt-pt\/wp-json\/wp\/v2\/product_tag?post=2275"}],"curies":[{"name":"wp","href":"https:\/\/api.w.org\/{rel}","templated":true}]}}