{"id":2276,"date":"2025-02-14T10:57:25","date_gmt":"2025-02-14T09:57:25","guid":{"rendered":"https:\/\/www.criadores.es\/producto\/criadores-biscoitos-drumsticks-para-caes\/"},"modified":"2025-06-11T11:34:59","modified_gmt":"2025-06-11T09:34:59","slug":"criadores-biscoitos-drumsticks-para-caes","status":"publish","type":"product","link":"https:\/\/www.criadores.es\/pt-pt\/producto\/criadores-biscoitos-drumsticks-para-caes\/","title":{"rendered":"Criadores Biscoitos Drumsticks para c\u00e3es"},"content":{"rendered":"<h2>Snack em forma de perna de frango tenro e saboroso<\/h2>\n<p>Os snacks para c\u00e3es Criadores Drumsticks s\u00e3o pequenos e saborosos\u00a0para recompensar o seu c\u00e3o em qualquer momento do dia. Mede apenas 3,6 cm de comprimento pelo que poder\u00e1 dar mais quantidade de guloseimas do que com os snacks de tamanho maior. Tem uma\u00a0divertida forma de perna de frango\u00a0na cor castanho e bege.<\/p>\n<p>Este alimento complementar est\u00e1 feito com\u00a0deliciosa carne de frango\u00a0e tem uma consist\u00eancia tenra para que qualquer c\u00e3o possa com\u00ea-lo, at\u00e9 mesmo os mais idosos. Os seus ingredientes s\u00e3o selecionados para fazer um snack saud\u00e1vel e f\u00e1cil de digerir. O seu pequeno tamanho permite lev\u00e1-lo para onde quiser confortavelmente para poder recompensar o seu animal de estima\u00e7\u00e3o em qualquer lugar. Tamb\u00e9m\u00a0s\u00e3o ideais para utiliz\u00e1-los no adestramento.<\/p>\n<p><strong><em>Os snacks para c\u00e3es Criadores Drumsticks s\u00e3o um alimento complementar delicioso e saud\u00e1vel para recompensar o seu animal de estima\u00e7\u00e3o em qualquer momento do dia.<\/em><\/strong><\/p>\n<p><em>A partir da data em que os receba \u00e9 garantido um prazo de 3 meses antes do vencimento da data de validade, ou de 1 m\u00eas no caso dos produtos l\u00b4cteos e a ra\u00e7\u00e3o ecol\u00f3gica.<\/em><\/p>\n","protected":false},"excerpt":{"rendered":"<p>Biscoitos para c\u00e3es de todas as ra\u00e7as e idades, s\u00e3o de consist\u00eancia macia, f\u00e1ceis de mastigar e digerir, ideais para servir como lanche ou recompensa nos treinamentos.<\/p>\n","protected":false},"featured_media":2027,"comment_status":"open","ping_status":"closed","template":"","meta":{"_acf_changed":false},"product_brand":[],"product_cat":[92,98,101],"product_tag":[],"class_list":{"0":"post-2276","1":"product","2":"type-product","3":"status-publish","4":"has-post-thumbnail","6":"product_cat-cao","7":"product_cat-original-pt-pt","8":"product_cat-snacks-pt-pt","10":"first","11":"instock","12":"shipping-taxable","13":"product-type-simple"},"acf":[],"_links":{"self":[{"href":"https:\/\/www.criadores.es\/pt-pt\/wp-json\/wp\/v2\/product\/2276","targetHints":{"allow":["GET"]}}],"collection":[{"href":"https:\/\/www.criadores.es\/pt-pt\/wp-json\/wp\/v2\/product"}],"about":[{"href":"https:\/\/www.criadores.es\/pt-pt\/wp-json\/wp\/v2\/types\/product"}],"replies":[{"embeddable":true,"href":"https:\/\/www.criadores.es\/pt-pt\/wp-json\/wp\/v2\/comments?post=2276"}],"wp:featuredmedia":[{"embeddable":true,"href":"https:\/\/www.criadores.es\/pt-pt\/wp-json\/wp\/v2\/media\/2027"}],"wp:attachment":[{"href":"https:\/\/www.criadores.es\/pt-pt\/wp-json\/wp\/v2\/media?parent=2276"}],"wp:term":[{"taxonomy":"product_brand","embeddable":true,"href":"https:\/\/www.criadores.es\/pt-pt\/wp-json\/wp\/v2\/product_brand?post=2276"},{"taxonomy":"product_cat","embeddable":true,"href":"https:\/\/www.criadores.es\/pt-pt\/wp-json\/wp\/v2\/product_cat?post=2276"},{"taxonomy":"product_tag","embeddable":true,"href":"https:\/\/www.criadores.es\/pt-pt\/wp-json\/wp\/v2\/product_tag?post=2276"}],"curies":[{"name":"wp","href":"https:\/\/api.w.org\/{rel}","templated":true}]}}