{"id":2278,"date":"2025-02-13T10:54:25","date_gmt":"2025-02-13T09:54:25","guid":{"rendered":"https:\/\/www.criadores.es\/producto\/criadores-osso-de-presunto-para-caes\/"},"modified":"2025-06-12T12:39:04","modified_gmt":"2025-06-12T10:39:04","slug":"criadores-osso-de-presunto-para-caes","status":"publish","type":"product","link":"https:\/\/www.criadores.es\/pt-pt\/producto\/criadores-osso-de-presunto-para-caes\/","title":{"rendered":"Criadores Osso de Presunto para c\u00e3es"},"content":{"rendered":"<h2>Osso para c\u00e3es<\/h2>\n<p>Os c\u00e3es adoram ossos, especialmente se tiverem um <strong>delicioso sabor a presunto<\/strong>. Este <strong>snack da Criadores<\/strong> \u00e9 perfeito para a sa\u00fade dent\u00e1ria do seu animal, uma vez que <strong>previne o aparecimento de t\u00e1rtaro e placa bacteriana<\/strong>. Al\u00e9m disso, proporciona entretenimento e <strong>mant\u00e9m-nos ocupados<\/strong> por bastante tempo.<\/p>\n<p>Os <strong>ossos para c\u00e3es da Criadores<\/strong> contribuem para o fortalecimento dos seus dentes e m\u00fasculos maxilares. E, devido \u00e0 sua embalagem a v\u00e1cuo, <strong>as suas propriedades e caracter\u00edsticas mant\u00eam-se intactas<\/strong> at\u00e9 ao momento de serem consumidos.<\/p>\n<p><em>Diga adeus aos objetos ro\u00eddos, gra\u00e7as a este saboroso osso da Criadores!<\/em><\/p>\n","protected":false},"excerpt":{"rendered":"<p>Snacks desidratados completamente naturais para c\u00e3es. Perfeitos para proporcionar uma mastiga\u00e7\u00e3o prolongada, que evita a forma\u00e7\u00e3o de t\u00e1rtaro e placa bacteriana para manter uma boa sa\u00fade oral.<\/p>\n","protected":false},"featured_media":1848,"comment_status":"open","ping_status":"closed","template":"","meta":{"_acf_changed":false},"product_brand":[],"product_cat":[92,98,101],"product_tag":[],"class_list":{"0":"post-2278","1":"product","2":"type-product","3":"status-publish","4":"has-post-thumbnail","6":"product_cat-cao","7":"product_cat-original-pt-pt","8":"product_cat-snacks-pt-pt","10":"first","11":"instock","12":"shipping-taxable","13":"product-type-simple"},"acf":[],"_links":{"self":[{"href":"https:\/\/www.criadores.es\/pt-pt\/wp-json\/wp\/v2\/product\/2278","targetHints":{"allow":["GET"]}}],"collection":[{"href":"https:\/\/www.criadores.es\/pt-pt\/wp-json\/wp\/v2\/product"}],"about":[{"href":"https:\/\/www.criadores.es\/pt-pt\/wp-json\/wp\/v2\/types\/product"}],"replies":[{"embeddable":true,"href":"https:\/\/www.criadores.es\/pt-pt\/wp-json\/wp\/v2\/comments?post=2278"}],"wp:featuredmedia":[{"embeddable":true,"href":"https:\/\/www.criadores.es\/pt-pt\/wp-json\/wp\/v2\/media\/1848"}],"wp:attachment":[{"href":"https:\/\/www.criadores.es\/pt-pt\/wp-json\/wp\/v2\/media?parent=2278"}],"wp:term":[{"taxonomy":"product_brand","embeddable":true,"href":"https:\/\/www.criadores.es\/pt-pt\/wp-json\/wp\/v2\/product_brand?post=2278"},{"taxonomy":"product_cat","embeddable":true,"href":"https:\/\/www.criadores.es\/pt-pt\/wp-json\/wp\/v2\/product_cat?post=2278"},{"taxonomy":"product_tag","embeddable":true,"href":"https:\/\/www.criadores.es\/pt-pt\/wp-json\/wp\/v2\/product_tag?post=2278"}],"curies":[{"name":"wp","href":"https:\/\/api.w.org\/{rel}","templated":true}]}}