{"id":2279,"date":"2025-02-11T15:33:12","date_gmt":"2025-02-11T14:33:12","guid":{"rendered":"https:\/\/www.criadores.es\/producto\/criadores-bovino-e-feijoes-lata-para-cachorros\/"},"modified":"2025-06-12T13:40:19","modified_gmt":"2025-06-12T11:40:19","slug":"criadores-bovino-e-feijoes-lata-para-cachorros","status":"publish","type":"product","link":"https:\/\/www.criadores.es\/pt-pt\/producto\/criadores-bovino-e-feijoes-lata-para-cachorros\/","title":{"rendered":"Criadores Bovino e Feij\u00f5es lata para cachorros"},"content":{"rendered":"<h2>Alimento h\u00famido com vitela para c\u00e3es jovens<\/h2>\n<p>O alimento h\u00famido <strong>completo e equilibrado para cachorros<\/strong> da marca Criadores com sabor a <strong>bovino com peru e feij\u00e3o \u00e9 um alimento muito saboroso que \u00e9 45%<\/strong> \u00e0 base de carne. Os alimentos s\u00e3o diretamente embalados ap\u00f3s o processamento, evitando assim a contamina\u00e7\u00e3o cruzada.<\/p>\n<p>\u00c9 um <strong>alimento com vitaminas que ajuda o seu animal a crescer<\/strong> de forma \u00f3tima. \u00c9 uma receita deliciosa para o seu animal de estima\u00e7\u00e3o ter uma melhor assimila\u00e7\u00e3o de nutrientes. A sua f\u00f3rmula \u00e9 muito equilibrada e a sua composi\u00e7\u00e3o inclui prote\u00ednas e minerais essenciais. Distingue-se pela sua <strong>elevada palatabilidade<\/strong>, que ser\u00e1 muito saboroso para o seu cachorro.<\/p>\n<p><strong><em>D\u00ea ao seu c\u00e3o o melhor na sua fase de crescimento com Criadores alimento h\u00famido para cachorros com bovino!<\/em><\/strong><\/p>\n<p><em>A partir da data de rece\u00e7\u00e3o do seu produto, \u00e9 garantido por 3 meses antes da data de validade, ou 1 m\u00eas no caso de produtos l\u00e1cteos e a ra\u00e7\u00e3o ecol\u00f3gica.<\/em><\/p>\n","protected":false},"excerpt":{"rendered":"<p>O alimento h\u00famido completo e equilibrado para cachorros da marca Criadores sabor a carne de bovino com feij\u00f5es e peru \u00e9 um alimento muito saboroso que \u00e9 feito a partir de 45% carne.<\/p>\n","protected":false},"featured_media":1695,"comment_status":"open","ping_status":"closed","template":"","meta":{"_acf_changed":false},"product_brand":[],"product_cat":[92,94,98],"product_tag":[],"class_list":{"0":"post-2279","1":"product","2":"type-product","3":"status-publish","4":"has-post-thumbnail","6":"product_cat-cao","7":"product_cat-comida-humida","8":"product_cat-original-pt-pt","10":"first","11":"instock","12":"shipping-taxable","13":"product-type-simple"},"acf":[],"_links":{"self":[{"href":"https:\/\/www.criadores.es\/pt-pt\/wp-json\/wp\/v2\/product\/2279","targetHints":{"allow":["GET"]}}],"collection":[{"href":"https:\/\/www.criadores.es\/pt-pt\/wp-json\/wp\/v2\/product"}],"about":[{"href":"https:\/\/www.criadores.es\/pt-pt\/wp-json\/wp\/v2\/types\/product"}],"replies":[{"embeddable":true,"href":"https:\/\/www.criadores.es\/pt-pt\/wp-json\/wp\/v2\/comments?post=2279"}],"wp:featuredmedia":[{"embeddable":true,"href":"https:\/\/www.criadores.es\/pt-pt\/wp-json\/wp\/v2\/media\/1695"}],"wp:attachment":[{"href":"https:\/\/www.criadores.es\/pt-pt\/wp-json\/wp\/v2\/media?parent=2279"}],"wp:term":[{"taxonomy":"product_brand","embeddable":true,"href":"https:\/\/www.criadores.es\/pt-pt\/wp-json\/wp\/v2\/product_brand?post=2279"},{"taxonomy":"product_cat","embeddable":true,"href":"https:\/\/www.criadores.es\/pt-pt\/wp-json\/wp\/v2\/product_cat?post=2279"},{"taxonomy":"product_tag","embeddable":true,"href":"https:\/\/www.criadores.es\/pt-pt\/wp-json\/wp\/v2\/product_tag?post=2279"}],"curies":[{"name":"wp","href":"https:\/\/api.w.org\/{rel}","templated":true}]}}