{"id":2280,"date":"2025-02-14T09:18:34","date_gmt":"2025-02-14T08:18:34","guid":{"rendered":"https:\/\/www.criadores.es\/producto\/criadores-adulto-mini-coelho-terrina-para-caes\/"},"modified":"2025-06-11T17:57:58","modified_gmt":"2025-06-11T15:57:58","slug":"criadores-adulto-mini-coelho-terrina-para-caes","status":"publish","type":"product","link":"https:\/\/www.criadores.es\/pt-pt\/producto\/criadores-adulto-mini-coelho-terrina-para-caes\/","title":{"rendered":"Criadores Adulto Mini Coelho terrina para c\u00e3es"},"content":{"rendered":"<h2>Terrina de Pat\u00ea para c\u00e3es adultos de ra\u00e7as pequenas<\/h2>\n<p>A comida h\u00famida para c\u00e3es Criadores de coelho, batata e massa \u00e9 um pat\u00ea em terrina para <strong>c\u00e3es adultos<\/strong> a partir dos 12 meses de idade. Trata-se de uma receita completa e equilibrada elaborada com ingredientes seleccionados para cuidar da sa\u00fade do seu patudo. A sua f\u00f3rmula est\u00e1 especialmente concebida para os c\u00e3es de ra\u00e7a pequena, <strong>com menos de 10 kg de peso<\/strong>.<\/p>\n<p>Esta deliciosa terrina de pat\u00ea oferece ao seu c\u00e3o uma refei\u00e7\u00e3o verdadeira, nutritiva e saud\u00e1vel. Al\u00e9m disso, \u00e9 <strong>naturalmente saborosa <\/strong>para que o seu c\u00e3o desfrute mais do que nunca da sua alimenta\u00e7\u00e3o di\u00e1ria. \u00c9 feita com 14% de coelho e outras carnes e peixes. Para melhorar a receita e torn\u00e1-la muito mais completa, adiciona batatas, massa e \u00f3leo de girassol. A combina\u00e7\u00e3o destes ingredientes numa <strong>suave textura de pat\u00ea <\/strong>faz com que os c\u00e3es n\u00e3o possam resistir ao seu sabor.<\/p>\n<p>A terrina de Pat\u00ea para c\u00e3es adultos da Criadores \u00e9 de<strong> f\u00e1cil digest\u00e3o.<\/strong> Tamb\u00e9m promove a sa\u00fade da pele gra\u00e7as ao aporte de \u00e1cidos gordos e zinco. Al\u00e9m disso, est\u00e1 enriquecida com <strong>vitaminas e minerais<\/strong> <strong>para fortalecer o sistema imunit\u00e1rio<\/strong>. As terrinas t\u00eam diferentes receitas para que possa oferecer um sabor diferente a cada dia: peru com cenouras e espinafres, vitela com borrego e ma\u00e7\u00e3s e coelho com batata e massa. E se o seu c\u00e3o ainda \u00e9 cachorro, escolha o pat\u00ea de frango e arroz, para c\u00e3es com menos de 12 meses.<\/p>\n<p><strong><em>As terrinas de pat\u00ea para c\u00e3es adultos Criadores Mini t\u00eam um sabor irresist\u00edvel e intenso a carne e uma textura suculenta \u00e0 qual o seu c\u00e3o n\u00e3o conseguir\u00e1 resistir.<\/em><\/strong><\/p>\n","protected":false},"excerpt":{"rendered":"<p>Alimento h\u00famido para coelhos para c\u00e3es adultos de ra\u00e7as pequenas<\/p>\n","protected":false},"featured_media":2006,"comment_status":"open","ping_status":"closed","template":"","meta":{"_acf_changed":false},"product_brand":[],"product_cat":[92,94,98],"product_tag":[],"class_list":{"0":"post-2280","1":"product","2":"type-product","3":"status-publish","4":"has-post-thumbnail","6":"product_cat-cao","7":"product_cat-comida-humida","8":"product_cat-original-pt-pt","10":"first","11":"instock","12":"shipping-taxable","13":"product-type-simple"},"acf":[],"_links":{"self":[{"href":"https:\/\/www.criadores.es\/pt-pt\/wp-json\/wp\/v2\/product\/2280","targetHints":{"allow":["GET"]}}],"collection":[{"href":"https:\/\/www.criadores.es\/pt-pt\/wp-json\/wp\/v2\/product"}],"about":[{"href":"https:\/\/www.criadores.es\/pt-pt\/wp-json\/wp\/v2\/types\/product"}],"replies":[{"embeddable":true,"href":"https:\/\/www.criadores.es\/pt-pt\/wp-json\/wp\/v2\/comments?post=2280"}],"wp:featuredmedia":[{"embeddable":true,"href":"https:\/\/www.criadores.es\/pt-pt\/wp-json\/wp\/v2\/media\/2006"}],"wp:attachment":[{"href":"https:\/\/www.criadores.es\/pt-pt\/wp-json\/wp\/v2\/media?parent=2280"}],"wp:term":[{"taxonomy":"product_brand","embeddable":true,"href":"https:\/\/www.criadores.es\/pt-pt\/wp-json\/wp\/v2\/product_brand?post=2280"},{"taxonomy":"product_cat","embeddable":true,"href":"https:\/\/www.criadores.es\/pt-pt\/wp-json\/wp\/v2\/product_cat?post=2280"},{"taxonomy":"product_tag","embeddable":true,"href":"https:\/\/www.criadores.es\/pt-pt\/wp-json\/wp\/v2\/product_tag?post=2280"}],"curies":[{"name":"wp","href":"https:\/\/api.w.org\/{rel}","templated":true}]}}