{"id":2282,"date":"2025-02-12T15:24:49","date_gmt":"2025-02-12T14:24:49","guid":{"rendered":"https:\/\/www.criadores.es\/producto\/criadores-osso-de-couro-prensado-para-caes\/"},"modified":"2025-06-11T16:22:00","modified_gmt":"2025-06-11T14:22:00","slug":"criadores-osso-de-couro-prensado-para-caes","status":"publish","type":"product","link":"https:\/\/www.criadores.es\/pt-pt\/producto\/criadores-osso-de-couro-prensado-para-caes\/","title":{"rendered":"Criadores Osso de Couro Prensado para c\u00e3es"},"content":{"rendered":"<h2>Ossos para c\u00e3es da Criadores<\/h2>\n<p>Os <strong>ossos<\/strong> ser\u00e3o sempre uma boa escolha se quiser dar um mimo ao seu animal de estima\u00e7\u00e3o, por isso a <strong>Criadores<\/strong> traz-lhe estes\u00a0<strong>snacks para c\u00e3es<\/strong>, \u00e9<strong> feito de couro prensado<\/strong> para que o seu amigo morda o seu pestico durante muito tempo.<\/p>\n<p>Al\u00e9m disso, est\u00e3o dispon\u00edveis em v\u00e1rios tamanhos para que todas as ra\u00e7as de c\u00e3es possam desfrutar deste osso requintado. O seu grande amigo ser\u00e1 capaz de acalmar a sua ansiedade e passar v\u00e1rias horas num canto apenas a mastigar o seu snack.<\/p>\n","protected":false},"excerpt":{"rendered":"<p>Snack de couro resistente para c\u00e3es. Ideal para estimular a mastiga\u00e7\u00e3o, ajudando a reduzir o stress e a ansiedade e contribuindo para a remo\u00e7\u00e3o do t\u00e1rtaro e da placa bacteriana para uma boa higiene oral.<\/p>\n","protected":false},"featured_media":1747,"comment_status":"open","ping_status":"closed","template":"","meta":{"_acf_changed":false},"product_brand":[],"product_cat":[92,98,101],"product_tag":[],"class_list":{"0":"post-2282","1":"product","2":"type-product","3":"status-publish","4":"has-post-thumbnail","6":"product_cat-cao","7":"product_cat-original-pt-pt","8":"product_cat-snacks-pt-pt","10":"first","11":"instock","12":"shipping-taxable","13":"product-type-simple"},"acf":[],"_links":{"self":[{"href":"https:\/\/www.criadores.es\/pt-pt\/wp-json\/wp\/v2\/product\/2282","targetHints":{"allow":["GET"]}}],"collection":[{"href":"https:\/\/www.criadores.es\/pt-pt\/wp-json\/wp\/v2\/product"}],"about":[{"href":"https:\/\/www.criadores.es\/pt-pt\/wp-json\/wp\/v2\/types\/product"}],"replies":[{"embeddable":true,"href":"https:\/\/www.criadores.es\/pt-pt\/wp-json\/wp\/v2\/comments?post=2282"}],"wp:featuredmedia":[{"embeddable":true,"href":"https:\/\/www.criadores.es\/pt-pt\/wp-json\/wp\/v2\/media\/1747"}],"wp:attachment":[{"href":"https:\/\/www.criadores.es\/pt-pt\/wp-json\/wp\/v2\/media?parent=2282"}],"wp:term":[{"taxonomy":"product_brand","embeddable":true,"href":"https:\/\/www.criadores.es\/pt-pt\/wp-json\/wp\/v2\/product_brand?post=2282"},{"taxonomy":"product_cat","embeddable":true,"href":"https:\/\/www.criadores.es\/pt-pt\/wp-json\/wp\/v2\/product_cat?post=2282"},{"taxonomy":"product_tag","embeddable":true,"href":"https:\/\/www.criadores.es\/pt-pt\/wp-json\/wp\/v2\/product_tag?post=2282"}],"curies":[{"name":"wp","href":"https:\/\/api.w.org\/{rel}","templated":true}]}}