{"id":2284,"date":"2025-02-12T17:38:38","date_gmt":"2025-02-12T16:38:38","guid":{"rendered":"https:\/\/www.criadores.es\/producto\/criadores-ossos-prensados-com-nos-para-caes\/"},"modified":"2025-06-12T12:59:19","modified_gmt":"2025-06-12T10:59:19","slug":"criadores-ossos-prensados-com-nos-para-caes","status":"publish","type":"product","link":"https:\/\/www.criadores.es\/pt-pt\/producto\/criadores-ossos-prensados-com-nos-para-caes\/","title":{"rendered":"Criadores ossos prensados com n\u00f3s para c\u00e3es"},"content":{"rendered":"<h2><strong>Snack para c\u00e3es 100% natural com formato de osso prensado<\/strong><\/h2>\n<p>Este <strong>osso de dois n\u00f3s Criadores<\/strong> \u00e9 um produto ideal para ajudar a <strong>fortalecer a boca do seu c\u00e3o<\/strong>, o que \u00e9 muito importante para a sua sa\u00fade. <strong>Limpa, entret\u00e9m e melhora as gengivas <\/strong>e a mand\u00edbula do rei da casa. \u00c9 importante manter uma correta higiene dental do seu animal de estima\u00e7\u00e3o para evitar problemas de mais dif\u00edcil solu\u00e7\u00e3o.<\/p>\n<p>Este osso dental responde aos princ\u00edpios b\u00e1sicos que qualquer c\u00e3o precisa. Com ele o seu animal de estima\u00e7\u00e3o poder\u00e1 <strong>mastigar, roer e morder <\/strong>com o formato de que ele mais gosta. A embalagem est\u00e1 dispon\u00edvel em dois tamanhos para se adaptar \u00e0s necessidades de cada animal de estima\u00e7\u00e3o.<\/p>\n<p>Os ossos s\u00e3o guloseimas muito nutritivas, apetec\u00edveis e adequadas na alimenta\u00e7\u00e3o canina. Utilize como <strong>recompensa se estiver a adestrar o seu c\u00e3o<\/strong>, ofere\u00e7a como pr\u00e9mio pelo bom m\u00e9rito da sua educa\u00e7\u00e3o ou como um presente especial, sem ter um motivo espec\u00edfico.<\/p>\n<p><strong><em>Quer que o seu c\u00e3o fique entretido por um bom tempo com um osso saud\u00e1vel? Ofere\u00e7a-lhe este produto que, al\u00e9m do mais, fortalecer\u00e1 os seus dentes.<\/em><\/strong><\/p>\n<p><em>A partir da data em que os receba \u00e9 garantido um prazo de 3 meses antes do vencimento da data de validade, ou de 1 m\u00eas no caso dos produtos l\u00b4cteos e a ra\u00e7\u00e3o ecol\u00f3gica.<\/em><\/p>\n","protected":false},"excerpt":{"rendered":"<p>Ossos de couro prensado com n\u00f3s para c\u00e3es de todas as idades, feitos com couro de vaca, s\u00e3o ideais para que os animais os mastiguem e se entretenham, al\u00e9m de ajudarem a manter os dentes e gengivas mais limpas.<\/p>\n","protected":false},"featured_media":1789,"comment_status":"open","ping_status":"closed","template":"","meta":{"_acf_changed":false},"product_brand":[],"product_cat":[92,98,101],"product_tag":[],"class_list":{"0":"post-2284","1":"product","2":"type-product","3":"status-publish","4":"has-post-thumbnail","6":"product_cat-cao","7":"product_cat-original-pt-pt","8":"product_cat-snacks-pt-pt","10":"first","11":"instock","12":"shipping-taxable","13":"product-type-simple"},"acf":[],"_links":{"self":[{"href":"https:\/\/www.criadores.es\/pt-pt\/wp-json\/wp\/v2\/product\/2284","targetHints":{"allow":["GET"]}}],"collection":[{"href":"https:\/\/www.criadores.es\/pt-pt\/wp-json\/wp\/v2\/product"}],"about":[{"href":"https:\/\/www.criadores.es\/pt-pt\/wp-json\/wp\/v2\/types\/product"}],"replies":[{"embeddable":true,"href":"https:\/\/www.criadores.es\/pt-pt\/wp-json\/wp\/v2\/comments?post=2284"}],"wp:featuredmedia":[{"embeddable":true,"href":"https:\/\/www.criadores.es\/pt-pt\/wp-json\/wp\/v2\/media\/1789"}],"wp:attachment":[{"href":"https:\/\/www.criadores.es\/pt-pt\/wp-json\/wp\/v2\/media?parent=2284"}],"wp:term":[{"taxonomy":"product_brand","embeddable":true,"href":"https:\/\/www.criadores.es\/pt-pt\/wp-json\/wp\/v2\/product_brand?post=2284"},{"taxonomy":"product_cat","embeddable":true,"href":"https:\/\/www.criadores.es\/pt-pt\/wp-json\/wp\/v2\/product_cat?post=2284"},{"taxonomy":"product_tag","embeddable":true,"href":"https:\/\/www.criadores.es\/pt-pt\/wp-json\/wp\/v2\/product_tag?post=2284"}],"curies":[{"name":"wp","href":"https:\/\/api.w.org\/{rel}","templated":true}]}}