{"id":2285,"date":"2025-02-13T12:08:39","date_gmt":"2025-02-13T11:08:39","guid":{"rendered":"https:\/\/www.criadores.es\/producto\/criadores-adulto-frango-e-arroz-racao-para-caes-de-racas-grandes\/"},"modified":"2025-06-11T15:35:51","modified_gmt":"2025-06-11T13:35:51","slug":"criadores-adulto-frango-e-arroz-racao-para-caes-de-racas-grandes","status":"publish","type":"product","link":"https:\/\/www.criadores.es\/pt-pt\/producto\/criadores-adulto-frango-e-arroz-racao-para-caes-de-racas-grandes\/","title":{"rendered":"Criadores Adulto Frango e Arroz ra\u00e7\u00e3o para c\u00e3es de ra\u00e7as grandes"},"content":{"rendered":"<h2><strong>Ra\u00e7\u00e3o para c\u00e3es de ra\u00e7a grande da Criadores<\/strong><\/h2>\n<p>A ra\u00e7\u00e3o para c\u00e3es adultos <strong>Criadores Ra\u00e7as Grandes (&gt; de 25kg peso em adulto) <\/strong>\u00e9 um alimento natural super premium completo, equilibrado e muito saboroso. Esta ra\u00e7\u00e3o foi pensada para satisfazer as necessidades dos c\u00e3es adultos de ra\u00e7as grandes com n\u00edveis de atividade moderados. A sua c\u00f3moda apresenta\u00e7\u00e3o sob a forma de <strong>croquete seco extrudido<\/strong>, muito apetitoso e diger\u00edvel, \u00e9 ideal para promover o cuidado da sa\u00fade oral do seu animal de estima\u00e7\u00e3o.<\/p>\n<p>Criadores Ra\u00e7as grandes \u00e9 um alimento feito com frango, uma fonte de prote\u00edna animal que \u00e9 muito palat\u00e1vel e diger\u00edvel para os c\u00e3es mais exigentes. A sua rela\u00e7\u00e3o c\u00e1lcio-f\u00f3sforo ideal apoia a manuten\u00e7\u00e3o de articula\u00e7\u00f5es fortes e saud\u00e1veis para ajudar o seu melhor amigo a sentir-se \u00e1gil e cheio de vitalidade. Al\u00e9m disso, a sua f\u00f3rmula cont\u00e9m vitaminas e minerais essenciais, para ajudar a apoiar o sistema imunit\u00e1rio. Cont\u00e9m fontes de \u00e1cidos gordos \u00f3mega 3, como o \u00f3leo de salm\u00e3o, que contribuem para a sa\u00fade da pele do seu c\u00e3o e para uma pelagem saud\u00e1vel e brilhante.<\/p>\n<p>Os ingredientes naturais selecionados da ra\u00e7\u00e3o Criadores s\u00e3o de elevada qualidade e proporcionam a esta ra\u00e7\u00e3o um equil\u00edbrio entre gorduras e prote\u00ednas, alcan\u00e7ando assim uma elevada <strong>digestibilidade.<\/strong><\/p>\n<p>Esta ra\u00e7\u00e3o para c\u00e3es \u00e9 de alta qualidade e, como todas as ra\u00e7\u00f5es da marca Criadores, \u00e9 feita com polpa de ma\u00e7\u00e3, uma fonte de fibra de origem natural, que ajuda a melhorar a <strong>sa\u00fade intestinal.<\/strong><\/p>\n","protected":false},"excerpt":{"rendered":"<p>Ra\u00e7\u00e3o para c\u00e3es de ra\u00e7as grandes com mais de 25 kg que necessitam de um adequado n\u00edvel de energia.<\/p>\n","protected":false},"featured_media":1877,"comment_status":"open","ping_status":"closed","template":"","meta":{"_acf_changed":false},"product_brand":[],"product_cat":[99,92,98],"product_tag":[],"class_list":{"0":"post-2285","1":"product","2":"type-product","3":"status-publish","4":"has-post-thumbnail","6":"product_cat-alimentacao-seca","7":"product_cat-cao","8":"product_cat-original-pt-pt","10":"first","11":"instock","12":"shipping-taxable","13":"product-type-simple"},"acf":[],"_links":{"self":[{"href":"https:\/\/www.criadores.es\/pt-pt\/wp-json\/wp\/v2\/product\/2285","targetHints":{"allow":["GET"]}}],"collection":[{"href":"https:\/\/www.criadores.es\/pt-pt\/wp-json\/wp\/v2\/product"}],"about":[{"href":"https:\/\/www.criadores.es\/pt-pt\/wp-json\/wp\/v2\/types\/product"}],"replies":[{"embeddable":true,"href":"https:\/\/www.criadores.es\/pt-pt\/wp-json\/wp\/v2\/comments?post=2285"}],"wp:featuredmedia":[{"embeddable":true,"href":"https:\/\/www.criadores.es\/pt-pt\/wp-json\/wp\/v2\/media\/1877"}],"wp:attachment":[{"href":"https:\/\/www.criadores.es\/pt-pt\/wp-json\/wp\/v2\/media?parent=2285"}],"wp:term":[{"taxonomy":"product_brand","embeddable":true,"href":"https:\/\/www.criadores.es\/pt-pt\/wp-json\/wp\/v2\/product_brand?post=2285"},{"taxonomy":"product_cat","embeddable":true,"href":"https:\/\/www.criadores.es\/pt-pt\/wp-json\/wp\/v2\/product_cat?post=2285"},{"taxonomy":"product_tag","embeddable":true,"href":"https:\/\/www.criadores.es\/pt-pt\/wp-json\/wp\/v2\/product_tag?post=2285"}],"curies":[{"name":"wp","href":"https:\/\/api.w.org\/{rel}","templated":true}]}}