{"id":2286,"date":"2025-02-14T10:47:49","date_gmt":"2025-02-14T09:47:49","guid":{"rendered":"https:\/\/www.criadores.es\/producto\/criadores-tendao-de-bufalo-para-caes\/"},"modified":"2025-06-11T13:54:51","modified_gmt":"2025-06-11T11:54:51","slug":"criadores-tendao-de-bufalo-para-caes","status":"publish","type":"product","link":"https:\/\/www.criadores.es\/pt-pt\/producto\/criadores-tendao-de-bufalo-para-caes\/","title":{"rendered":"Criadores Tend\u00e3o de B\u00fafalo para c\u00e3es"},"content":{"rendered":"<h2>Tend\u00e3o de b\u00fafalo 100% natural Criadores<\/h2>\n<p>O seu c\u00e3o adora os pr\u00e9mios naturais como os ossos ou os sticks de couro? Pois hoje trazemos um novo snack que de certeza ir\u00e1 adorar! Trata-se do tend\u00e3o de b\u00fafalo, um<strong> snack completamente natural<\/strong> que coloca a mand\u00edbula do seu c\u00e3ozinho \u00e0 prova.<\/p>\n<p>Este snack \u00e9 perfeito para o entretenimento dos c\u00e3es. Proporciona uma<strong> mastiga\u00e7\u00e3o duradoura<\/strong> e ajudam a gastar energia e reduzir o t\u00e9dio e o stress. A sua textura e dureza t\u00eam um<strong> efeito de escovagem<\/strong> que ajuda a eliminar o t\u00e1rtaro acumulado enquanto o mordem, prevenindo dessa forma a placa e outros problemas dent\u00e1rios. Conta com a garantia de qualidade de Criadores e \u00e9 <strong>totalmente seguro<\/strong> para os c\u00e3es.<\/p>\n","protected":false},"excerpt":{"rendered":"<p>Petisco de tend\u00e3o de b\u00fafalo para todas as ra\u00e7as e idades de c\u00e3es, ajuda a manter os dentes e gengivas limpos e evita o desenvolvimento de t\u00e1rtaro e placa dental, \u00e9 rico em prote\u00ednas e baixo em gorduras.<\/p>\n","protected":false},"featured_media":2022,"comment_status":"open","ping_status":"closed","template":"","meta":{"_acf_changed":false},"product_brand":[],"product_cat":[92,98,101],"product_tag":[],"class_list":{"0":"post-2286","1":"product","2":"type-product","3":"status-publish","4":"has-post-thumbnail","6":"product_cat-cao","7":"product_cat-original-pt-pt","8":"product_cat-snacks-pt-pt","10":"first","11":"instock","12":"shipping-taxable","13":"product-type-simple"},"acf":[],"_links":{"self":[{"href":"https:\/\/www.criadores.es\/pt-pt\/wp-json\/wp\/v2\/product\/2286","targetHints":{"allow":["GET"]}}],"collection":[{"href":"https:\/\/www.criadores.es\/pt-pt\/wp-json\/wp\/v2\/product"}],"about":[{"href":"https:\/\/www.criadores.es\/pt-pt\/wp-json\/wp\/v2\/types\/product"}],"replies":[{"embeddable":true,"href":"https:\/\/www.criadores.es\/pt-pt\/wp-json\/wp\/v2\/comments?post=2286"}],"wp:featuredmedia":[{"embeddable":true,"href":"https:\/\/www.criadores.es\/pt-pt\/wp-json\/wp\/v2\/media\/2022"}],"wp:attachment":[{"href":"https:\/\/www.criadores.es\/pt-pt\/wp-json\/wp\/v2\/media?parent=2286"}],"wp:term":[{"taxonomy":"product_brand","embeddable":true,"href":"https:\/\/www.criadores.es\/pt-pt\/wp-json\/wp\/v2\/product_brand?post=2286"},{"taxonomy":"product_cat","embeddable":true,"href":"https:\/\/www.criadores.es\/pt-pt\/wp-json\/wp\/v2\/product_cat?post=2286"},{"taxonomy":"product_tag","embeddable":true,"href":"https:\/\/www.criadores.es\/pt-pt\/wp-json\/wp\/v2\/product_tag?post=2286"}],"curies":[{"name":"wp","href":"https:\/\/api.w.org\/{rel}","templated":true}]}}