{"id":2287,"date":"2025-02-13T12:24:21","date_gmt":"2025-02-13T11:24:21","guid":{"rendered":"https:\/\/www.criadores.es\/producto\/criadores-snack-orelha-de-bufalo-para-caes\/"},"modified":"2025-06-11T15:33:52","modified_gmt":"2025-06-11T13:33:52","slug":"criadores-snack-orelha-de-bufalo-para-caes","status":"publish","type":"product","link":"https:\/\/www.criadores.es\/pt-pt\/producto\/criadores-snack-orelha-de-bufalo-para-caes\/","title":{"rendered":"Criadores snack Orelha de b\u00fafalo para c\u00e3es"},"content":{"rendered":"<h2>Snack natural de orelha de b\u00fafalo para c\u00e3es<\/h2>\n<p>Os snacks do seu c\u00e3o duram menos de 1 segundo na sua boca? No lugar de mastiga-lo, os engole de uma s\u00f3 vez? Isso n\u00e3o acontecer\u00e1 com a orelha de b\u00fafalo Criadores, um snack natural que proporcionar\u00e1 um<strong> longo momento de entretenimento<\/strong>.<\/p>\n<p>J\u00e1 experimentou algumas vez oferecer ao seu c\u00e3o pr\u00e9mios naturais de couro? De certeza que j\u00e1 conhece os cl\u00e1ssicos ossos de couro e, de facto, j\u00e1 ofereceu alguma vez um desses snacks para o seu animal de companhia. O snack de orelha de b\u00fafalo 100% \u00e9 outra op\u00e7\u00e3o estupenda para recompensar o seu melhor amigo: <strong>natural, saboroso, mastig\u00e1vel e de longa dura\u00e7\u00e3o<\/strong><strong>.<\/strong> A sua textura e consist\u00eancia ajudar\u00e3o a limpar os seus dentes e eliminar o t\u00e1rtaro acumulado, o que promove uma<strong> boa sa\u00fade e higiene dent\u00e1ria<\/strong>. Al\u00e9m do mais, \u00e9 um bom est\u00edmulo para reduzir o t\u00e9dio e o stress.<\/p>\n","protected":false},"excerpt":{"rendered":"<p>Orelha de b\u00fafalo para c\u00e3es de todas as idades, \u00e9 um lanche natural, sem gl\u00faten nem corantes artificiais, \u00e9 f\u00e1cil de digerir, muito baixo em gorduras e rico em prote\u00ednas, ideal para que a sua mascote mastigue e limpe os dentes e gengivas.<\/p>\n","protected":false},"featured_media":1884,"comment_status":"open","ping_status":"closed","template":"","meta":{"_acf_changed":false},"product_brand":[],"product_cat":[92,98,101],"product_tag":[],"class_list":{"0":"post-2287","1":"product","2":"type-product","3":"status-publish","4":"has-post-thumbnail","6":"product_cat-cao","7":"product_cat-original-pt-pt","8":"product_cat-snacks-pt-pt","10":"first","11":"instock","12":"shipping-taxable","13":"product-type-simple"},"acf":[],"_links":{"self":[{"href":"https:\/\/www.criadores.es\/pt-pt\/wp-json\/wp\/v2\/product\/2287","targetHints":{"allow":["GET"]}}],"collection":[{"href":"https:\/\/www.criadores.es\/pt-pt\/wp-json\/wp\/v2\/product"}],"about":[{"href":"https:\/\/www.criadores.es\/pt-pt\/wp-json\/wp\/v2\/types\/product"}],"replies":[{"embeddable":true,"href":"https:\/\/www.criadores.es\/pt-pt\/wp-json\/wp\/v2\/comments?post=2287"}],"wp:featuredmedia":[{"embeddable":true,"href":"https:\/\/www.criadores.es\/pt-pt\/wp-json\/wp\/v2\/media\/1884"}],"wp:attachment":[{"href":"https:\/\/www.criadores.es\/pt-pt\/wp-json\/wp\/v2\/media?parent=2287"}],"wp:term":[{"taxonomy":"product_brand","embeddable":true,"href":"https:\/\/www.criadores.es\/pt-pt\/wp-json\/wp\/v2\/product_brand?post=2287"},{"taxonomy":"product_cat","embeddable":true,"href":"https:\/\/www.criadores.es\/pt-pt\/wp-json\/wp\/v2\/product_cat?post=2287"},{"taxonomy":"product_tag","embeddable":true,"href":"https:\/\/www.criadores.es\/pt-pt\/wp-json\/wp\/v2\/product_tag?post=2287"}],"curies":[{"name":"wp","href":"https:\/\/api.w.org\/{rel}","templated":true}]}}