{"id":2288,"date":"2025-02-14T08:58:34","date_gmt":"2025-02-14T07:58:34","guid":{"rendered":"https:\/\/www.criadores.es\/producto\/cominter-aparas-de-madeira-para-roedores\/"},"modified":"2025-06-11T18:03:24","modified_gmt":"2025-06-11T16:03:24","slug":"cominter-aparas-de-madeira-para-roedores","status":"publish","type":"product","link":"https:\/\/www.criadores.es\/pt-pt\/producto\/cominter-aparas-de-madeira-para-roedores\/","title":{"rendered":"Cominter Aparas de madeira para roedores"},"content":{"rendered":"<h2>Guloseimas para a limpeza dent\u00e1ria Donut de couro para c\u00e3es<\/h2>\n<p>Saboroso e saud\u00e1vel donut de pele de vaca enriquecido com clorofila para uma<strong> perfeita higiene dent\u00e1ria<\/strong>. Tem, aproximadamente, 9 cm de di\u00e2metro e 3 cm de espessura. Esta deliciosa guloseima para c\u00e3es est\u00e1 fabricada com<strong> ingredientes naturais<\/strong> selecionados de primeira qualidade. \u00c9 um produto fabricado na Espanha, de grande qualidade.<\/p>\n<p>Este<strong> snack saud\u00e1vel<\/strong>, ir\u00e1 manter o seu c\u00e3o entretido durante um bom tempo, \u00e9 ideal para cuidar da sua sa\u00fade. O donut serve tamb\u00e9m como recompensa durante o adestramento ou simplesmente como um delicioso snack para qualquer ocasi\u00e3o. Confie na boa nutri\u00e7\u00e3o canina com esta guloseima para c\u00e3es.<\/p>\n<p>Este alimento ajuda a manter a higiene dent\u00e1ria do seu animal de estima\u00e7\u00e3o, j\u00e1 que<strong> favorece a elimina\u00e7\u00e3o do t\u00e1rtaro<\/strong> acumulado, deixa um<strong> agrad\u00e1vel h\u00e1lito<\/strong> e fortalece os m\u00fasculos mastigat\u00f3rios. Qualquer c\u00e3o ir\u00e1 adorar estes deliciosos snacks.<\/p>\n","protected":false},"excerpt":{"rendered":"<p>Donut de couro de vaca com clorofila para c\u00e3es de todas as idades, \u00e9 rico em prote\u00ednas e muito baixo em gorduras, facilmente diger\u00edvel, ajuda a limpar os dentes e as gengivas, mant\u00e9m o c\u00e3o entretido.<\/p>\n","protected":false},"featured_media":1998,"comment_status":"open","ping_status":"closed","template":"","meta":{"_acf_changed":false},"product_brand":[],"product_cat":[92,98,101],"product_tag":[],"class_list":{"0":"post-2288","1":"product","2":"type-product","3":"status-publish","4":"has-post-thumbnail","6":"product_cat-cao","7":"product_cat-original-pt-pt","8":"product_cat-snacks-pt-pt","10":"first","11":"instock","12":"shipping-taxable","13":"product-type-simple"},"acf":[],"_links":{"self":[{"href":"https:\/\/www.criadores.es\/pt-pt\/wp-json\/wp\/v2\/product\/2288","targetHints":{"allow":["GET"]}}],"collection":[{"href":"https:\/\/www.criadores.es\/pt-pt\/wp-json\/wp\/v2\/product"}],"about":[{"href":"https:\/\/www.criadores.es\/pt-pt\/wp-json\/wp\/v2\/types\/product"}],"replies":[{"embeddable":true,"href":"https:\/\/www.criadores.es\/pt-pt\/wp-json\/wp\/v2\/comments?post=2288"}],"wp:featuredmedia":[{"embeddable":true,"href":"https:\/\/www.criadores.es\/pt-pt\/wp-json\/wp\/v2\/media\/1998"}],"wp:attachment":[{"href":"https:\/\/www.criadores.es\/pt-pt\/wp-json\/wp\/v2\/media?parent=2288"}],"wp:term":[{"taxonomy":"product_brand","embeddable":true,"href":"https:\/\/www.criadores.es\/pt-pt\/wp-json\/wp\/v2\/product_brand?post=2288"},{"taxonomy":"product_cat","embeddable":true,"href":"https:\/\/www.criadores.es\/pt-pt\/wp-json\/wp\/v2\/product_cat?post=2288"},{"taxonomy":"product_tag","embeddable":true,"href":"https:\/\/www.criadores.es\/pt-pt\/wp-json\/wp\/v2\/product_tag?post=2288"}],"curies":[{"name":"wp","href":"https:\/\/api.w.org\/{rel}","templated":true}]}}