{"id":2289,"date":"2025-02-13T12:29:15","date_gmt":"2025-02-13T11:29:15","guid":{"rendered":"https:\/\/www.criadores.es\/producto\/criadores-donut-de-couro-de-vaca-para-caes\/"},"modified":"2025-06-11T15:33:29","modified_gmt":"2025-06-11T13:33:29","slug":"criadores-donut-de-couro-de-vaca-para-caes","status":"publish","type":"product","link":"https:\/\/www.criadores.es\/pt-pt\/producto\/criadores-donut-de-couro-de-vaca-para-caes\/","title":{"rendered":"Criadores Donut de Couro de vaca para c\u00e3es"},"content":{"rendered":"<h2>Guloseima para c\u00e3es em forma de donut com sabor vitela Criadores<\/h2>\n<p>Se o seu animal de companhia merece um pr\u00e9mio, ofere\u00e7a o delicioso donut de couro bovino. Esta guloseima para c\u00e3es feita na Espanha, est\u00e1 elaborada <strong>ingredientes naturais selecionados de primeira qualidade<\/strong>. Estes snacks para c\u00e3es de couro s\u00e3o ideais para a sa\u00fade do seu animal de estima\u00e7\u00e3o porque mant\u00eam o seu c\u00e3o entretido durante um bom tempo. Servem tamb\u00e9m como recompensa durante o adestramento ou simplesmente como um delicioso snack para qualquer ocasi\u00e3o.<\/p>\n<p>Ao estar feito com mat\u00e9ria prima de primeira qualidade, <strong>ajudam a manter a higiene dent\u00e1ria<\/strong> do seu c\u00e3o, j\u00e1 que favorecem a elimina\u00e7\u00e3o do t\u00e1rtaro acumulado e fortalecem os m\u00fasculos mastigat\u00f3rios. Al\u00e9m do mais, todos os c\u00e3es os aceitam com devo\u00e7\u00e3o por serem uns snacks muito<strong> gostoso<\/strong>.<\/p>\n","protected":false},"excerpt":{"rendered":"<p>Donuts de couro bovino aperto para c\u00e3es de todas as idades, \u00e9 rico em prote\u00ednas e baixo em gorduras, facilmente diger\u00edvel, ajuda a limpar os dentes e gengivas, ajuda a entreter o c\u00e3o.<\/p>\n","protected":false},"featured_media":1886,"comment_status":"open","ping_status":"closed","template":"","meta":{"_acf_changed":false},"product_brand":[],"product_cat":[92,98,101],"product_tag":[],"class_list":{"0":"post-2289","1":"product","2":"type-product","3":"status-publish","4":"has-post-thumbnail","6":"product_cat-cao","7":"product_cat-original-pt-pt","8":"product_cat-snacks-pt-pt","10":"first","11":"instock","12":"shipping-taxable","13":"product-type-simple"},"acf":[],"_links":{"self":[{"href":"https:\/\/www.criadores.es\/pt-pt\/wp-json\/wp\/v2\/product\/2289","targetHints":{"allow":["GET"]}}],"collection":[{"href":"https:\/\/www.criadores.es\/pt-pt\/wp-json\/wp\/v2\/product"}],"about":[{"href":"https:\/\/www.criadores.es\/pt-pt\/wp-json\/wp\/v2\/types\/product"}],"replies":[{"embeddable":true,"href":"https:\/\/www.criadores.es\/pt-pt\/wp-json\/wp\/v2\/comments?post=2289"}],"wp:featuredmedia":[{"embeddable":true,"href":"https:\/\/www.criadores.es\/pt-pt\/wp-json\/wp\/v2\/media\/1886"}],"wp:attachment":[{"href":"https:\/\/www.criadores.es\/pt-pt\/wp-json\/wp\/v2\/media?parent=2289"}],"wp:term":[{"taxonomy":"product_brand","embeddable":true,"href":"https:\/\/www.criadores.es\/pt-pt\/wp-json\/wp\/v2\/product_brand?post=2289"},{"taxonomy":"product_cat","embeddable":true,"href":"https:\/\/www.criadores.es\/pt-pt\/wp-json\/wp\/v2\/product_cat?post=2289"},{"taxonomy":"product_tag","embeddable":true,"href":"https:\/\/www.criadores.es\/pt-pt\/wp-json\/wp\/v2\/product_tag?post=2289"}],"curies":[{"name":"wp","href":"https:\/\/api.w.org\/{rel}","templated":true}]}}