{"id":2290,"date":"2025-02-13T15:22:20","date_gmt":"2025-02-13T14:22:20","guid":{"rendered":"https:\/\/www.criadores.es\/producto\/criadores-biscoitos-hipoalergenicos-para-caes\/"},"modified":"2025-06-11T15:10:13","modified_gmt":"2025-06-11T13:10:13","slug":"criadores-biscoitos-hipoalergenicos-para-caes","status":"publish","type":"product","link":"https:\/\/www.criadores.es\/pt-pt\/producto\/criadores-biscoitos-hipoalergenicos-para-caes\/","title":{"rendered":"Criadores Biscoitos Hipoalerg\u00e9nicos para c\u00e3es"},"content":{"rendered":"<h2>Biscoitos com forma de osso Criadores Hipoalerg\u00e9nico<\/h2>\n<p>As guloseimas semi h\u00famidas de carne s\u00e3o muito boas, mas n\u00e3o h\u00e1 c\u00e3o que resista aos biscoitos, e se tiverem sabor a frango, melhor ainda! Os snacks hipoalerg\u00e9nicos Criadores s\u00e3o deliciosos e saud\u00e1veis biscoitos<strong> feitos com ingredientes selecionados que cuidam da sa\u00fade do seu animal de estima\u00e7\u00e3o<\/strong>. Formulados por veterin\u00e1rios para garantir um pr\u00e9mio delicioso, nutritivo e saud\u00e1vel para o seu melhor amigo.<\/p>\n<p>Os biscoitos com formato de osso s\u00e3o uma das guloseimas preferidas dos c\u00e3es. S\u00e3o<strong> leves, saborosos<\/strong> e uma op\u00e7\u00e3o estupenda para oferecer em qualquer momento do dia. E o melhor disso tudo \u00e9 a sua composi\u00e7\u00e3o: feitos <strong>\u00e0 base de batata doce, arroz e prote\u00edna hidrolisada de frango<\/strong>. A prote\u00edna hidrolisada \u00e9 altamente diger\u00edvel e \u00e9 perfeita para os c\u00e3es que sofrem de alergias alimentares. O processo ao qual as prote\u00ednas s\u00e3o submetidas faz com que se decomponham em partes menores para assim reduzir o risco de rea\u00e7\u00f5es al\u00e9rgicas, por isso os snacks s\u00e3o<strong> hipoalerg\u00e9nicos<\/strong>.<\/p>\n<p><strong><em>Fa\u00e7a o seu c\u00e3ozinho feliz ao mesmo tempo em que cuida da sua sa\u00fade com os snacks hipoalerg\u00e9nicos Criadores.<\/em><\/strong><\/p>\n","protected":false},"excerpt":{"rendered":"<p>Biscoitos hipoalerg\u00eanicos para c\u00e3es de todas as idades, sabor de frango, elaborados com ingredientes naturais, f\u00e1ceis de digerir e que ajudam a manter os dentes e gengivas limpas.<\/p>\n","protected":false},"featured_media":1926,"comment_status":"open","ping_status":"closed","template":"","meta":{"_acf_changed":false},"product_brand":[],"product_cat":[92,98,101],"product_tag":[],"class_list":{"0":"post-2290","1":"product","2":"type-product","3":"status-publish","4":"has-post-thumbnail","6":"product_cat-cao","7":"product_cat-original-pt-pt","8":"product_cat-snacks-pt-pt","10":"first","11":"instock","12":"shipping-taxable","13":"product-type-simple"},"acf":[],"_links":{"self":[{"href":"https:\/\/www.criadores.es\/pt-pt\/wp-json\/wp\/v2\/product\/2290","targetHints":{"allow":["GET"]}}],"collection":[{"href":"https:\/\/www.criadores.es\/pt-pt\/wp-json\/wp\/v2\/product"}],"about":[{"href":"https:\/\/www.criadores.es\/pt-pt\/wp-json\/wp\/v2\/types\/product"}],"replies":[{"embeddable":true,"href":"https:\/\/www.criadores.es\/pt-pt\/wp-json\/wp\/v2\/comments?post=2290"}],"wp:featuredmedia":[{"embeddable":true,"href":"https:\/\/www.criadores.es\/pt-pt\/wp-json\/wp\/v2\/media\/1926"}],"wp:attachment":[{"href":"https:\/\/www.criadores.es\/pt-pt\/wp-json\/wp\/v2\/media?parent=2290"}],"wp:term":[{"taxonomy":"product_brand","embeddable":true,"href":"https:\/\/www.criadores.es\/pt-pt\/wp-json\/wp\/v2\/product_brand?post=2290"},{"taxonomy":"product_cat","embeddable":true,"href":"https:\/\/www.criadores.es\/pt-pt\/wp-json\/wp\/v2\/product_cat?post=2290"},{"taxonomy":"product_tag","embeddable":true,"href":"https:\/\/www.criadores.es\/pt-pt\/wp-json\/wp\/v2\/product_tag?post=2290"}],"curies":[{"name":"wp","href":"https:\/\/api.w.org\/{rel}","templated":true}]}}