{"id":2291,"date":"2025-02-13T10:09:27","date_gmt":"2025-02-13T09:09:27","guid":{"rendered":"https:\/\/www.criadores.es\/producto\/criadores-mini-terrina-de-pate-de-frango-e-arroz-para-caes\/"},"modified":"2025-06-11T15:54:48","modified_gmt":"2025-06-11T13:54:48","slug":"criadores-mini-terrina-de-pate-de-frango-e-arroz-para-caes","status":"publish","type":"product","link":"https:\/\/www.criadores.es\/pt-pt\/producto\/criadores-mini-terrina-de-pate-de-frango-e-arroz-para-caes\/","title":{"rendered":"Criadores Mini Terrina de pat\u00ea de frango e arroz para c\u00e3es"},"content":{"rendered":"<h2>Terrina de Pat\u00ea Criadores para c\u00e3es de ra\u00e7as pequenas<\/h2>\n<p>A Mini terrina Pat\u00ea Criadores Peru, cenoura e espinafres \u00e9 um alimento h\u00famido para c\u00e3es adultos a partir dos 12 meses de idade. Trata-se de uma <strong>receita completa e equilibrada<\/strong>, elaborada com <strong>ingredientes selecionados<\/strong> para cuidar da sa\u00fade do seu peludo. A sua f\u00f3rmula est\u00e1 especialmente desenhada para os c\u00e3es de ra\u00e7a pequena, de menos de 10 kg de peso.<\/p>\n<p>Esta deliciosa terrina de pat\u00ea oferece ao seu c\u00e3o uma <strong>comida de verdade, nutritiva e saud\u00e1vel<\/strong>. Al\u00e9m do mais, \u00e9 naturalmente saborosa para que desfrute mais do que nunca com o seu menu di\u00e1rio. Est\u00e1 elaborada com <strong>30% de peru\u00a0<\/strong>e outras carnes e peixes. Para melhora a recita e fazer com que seja muito mais completa, adiciona cenoura e espinafres, assim como\u00a0<strong>\u00f3leo de salm\u00e3o<\/strong>. A combina\u00e7\u00e3o destes ingredientes em uma suave textura de pat\u00ea faz com que os c\u00e3es adorem o seu delicioso sabor.<\/p>\n<p>A <strong>terrina de Pat\u00ea Criadores Mini<\/strong> para c\u00e3es de ra\u00e7a pequena \u00e9 de <strong>f\u00e1cil digest\u00e3o<\/strong>. Tamb\u00e9m promove a sa\u00fade da pele gra\u00e7as ao aporte de \u00e1cidos gordos e o zinco. Al\u00e9m disso, est\u00e1 enriquecida com <strong>vitaminas e minerais<\/strong> para fortalecer o sistema imunol\u00f3gico. As terrinas t\u00eam diferentes receitas para que possa oferecer um sabor diferente cada dia: peru com cenoura e espinafres, vitela com cordeiro e ma\u00e7\u00e3 e coelho com batata e massa. E se o seu c\u00e3o ainda \u00e9 cachorro, escolha o pat\u00ea de frango e arroz, para c\u00e3es com menos de 12 meses.<\/p>\n<p><strong><em>As terrinas de pat\u00ea Criadores Mini t\u00eam um irresist\u00edvel e intenso sabor a carne e uma textura suculenta que o seu c\u00e3o de certeza ir\u00e1 adorar.<\/em><\/strong><\/p>\n","protected":false},"excerpt":{"rendered":"<p>A Mini terrina Pat\u00ea Criadores Peru, cenoura e espinafres \u00e9 um alimento h\u00famido para c\u00e3es adultos a partir dos 12 meses de idade. Trata-se de uma receita completa e &#8230;<\/p>\n","protected":false},"featured_media":1828,"comment_status":"open","ping_status":"closed","template":"","meta":{"_acf_changed":false},"product_brand":[],"product_cat":[92,94,98],"product_tag":[],"class_list":{"0":"post-2291","1":"product","2":"type-product","3":"status-publish","4":"has-post-thumbnail","6":"product_cat-cao","7":"product_cat-comida-humida","8":"product_cat-original-pt-pt","10":"first","11":"instock","12":"shipping-taxable","13":"product-type-simple"},"acf":[],"_links":{"self":[{"href":"https:\/\/www.criadores.es\/pt-pt\/wp-json\/wp\/v2\/product\/2291","targetHints":{"allow":["GET"]}}],"collection":[{"href":"https:\/\/www.criadores.es\/pt-pt\/wp-json\/wp\/v2\/product"}],"about":[{"href":"https:\/\/www.criadores.es\/pt-pt\/wp-json\/wp\/v2\/types\/product"}],"replies":[{"embeddable":true,"href":"https:\/\/www.criadores.es\/pt-pt\/wp-json\/wp\/v2\/comments?post=2291"}],"wp:featuredmedia":[{"embeddable":true,"href":"https:\/\/www.criadores.es\/pt-pt\/wp-json\/wp\/v2\/media\/1828"}],"wp:attachment":[{"href":"https:\/\/www.criadores.es\/pt-pt\/wp-json\/wp\/v2\/media?parent=2291"}],"wp:term":[{"taxonomy":"product_brand","embeddable":true,"href":"https:\/\/www.criadores.es\/pt-pt\/wp-json\/wp\/v2\/product_brand?post=2291"},{"taxonomy":"product_cat","embeddable":true,"href":"https:\/\/www.criadores.es\/pt-pt\/wp-json\/wp\/v2\/product_cat?post=2291"},{"taxonomy":"product_tag","embeddable":true,"href":"https:\/\/www.criadores.es\/pt-pt\/wp-json\/wp\/v2\/product_tag?post=2291"}],"curies":[{"name":"wp","href":"https:\/\/api.w.org\/{rel}","templated":true}]}}