{"id":2294,"date":"2025-02-13T13:28:22","date_gmt":"2025-02-13T12:28:22","guid":{"rendered":"https:\/\/www.criadores.es\/producto\/criadores-adulto-coelho-em-pate-terrina-para-gatos\/"},"modified":"2025-06-12T11:58:27","modified_gmt":"2025-06-12T09:58:27","slug":"criadores-adulto-coelho-em-pate-terrina-para-gatos","status":"publish","type":"product","link":"https:\/\/www.criadores.es\/pt-pt\/producto\/criadores-adulto-coelho-em-pate-terrina-para-gatos\/","title":{"rendered":"Criadores Adulto Coelho em pat\u00ea terrina para gatos"},"content":{"rendered":"<h2>Pat\u00ea para gatos Criadores sem cereais<\/h2>\n<p>A terrina de Pat\u00ea Criadores com Coelho oferece a gatos adultos a partir dos 6 meses de idade um<strong> alimento completo e equilibrado<\/strong>. Uma receita, para mimar o seu felino, elaborada com os melhores ingredientes para cuidar da sua sa\u00fade.<\/p>\n<p>O Pat\u00ea Criadores apenas utiliza<strong> ingredientes nutritivos e de primeira qualidade<\/strong>. Incorpora uma alta percentagem de carne e peixe para satisfazer a natureza carn\u00edvora dos gatos. A carne oferece o aporte de prote\u00ednas que precisam para estarem saud\u00e1veis e fortes e com energia cada dia. Nada de longas listas de ingredientes que n\u00e3o aportam nenhum valor nutricional, apenas <strong>carne e um extra de vitaminas e minerais<\/strong> para favorecer o seu sistema imunol\u00f3gico.<\/p>\n<p>Outra das vantagens destas terrinas \u00e9 que <strong>n\u00e3o cont\u00eam cereais<\/strong> que dificultem a digest\u00e3o. Assim, al\u00e9m de melhorar o tr\u00e2nsito intestinal, se reduzem as intoler\u00e2ncias alimentares e s\u00e3o <strong>adequadas para gatos com alergia<\/strong> ao gr\u00e3o ou com o est\u00f4mago sens\u00edvel. A comida h\u00famida tamb\u00e9m melhora a hidrata\u00e7\u00e3o dos felinos gra\u00e7as ao seu alto conte\u00fado em \u00e1gua.<\/p>\n<p>As <strong>terrinas de pat\u00ea<\/strong> <strong>Criadores<\/strong> s\u00e3o completas e <strong>naturalmente saborosas<\/strong>. Poder\u00e1 escolher entre diferentes receitas para oferecer ao seu pequeno um uma alimenta\u00e7\u00e3o diferente cada dia: ricas em frango, em coelho e em salm\u00e3o. Al\u00e9m do mais, se o seu gatinho ainda est\u00e1 na etapa de crescimento, poder\u00e1 oferece a receita de vitela e frango para um \u00f3timo desenvolvimento.<\/p>\n<p><strong><em>Ofere\u00e7a ao seu felino um alimento saboroso e de primeira qualidade com as terrinas de pat\u00ea Criadores.<\/em><\/strong><\/p>\n","protected":false},"excerpt":{"rendered":"<p>Terrina com sabor a coelho em textura de pat\u00ea para o seu gatinho adulto da marca Criadores.<\/p>\n","protected":false},"featured_media":1905,"comment_status":"open","ping_status":"closed","template":"","meta":{"_acf_changed":false},"product_brand":[],"product_cat":[110,111,106],"product_tag":[],"class_list":{"0":"post-2294","1":"product","2":"type-product","3":"status-publish","4":"has-post-thumbnail","6":"product_cat-comida-humida-pt","7":"product_cat-gatos","8":"product_cat-original-gato-pt-pt","10":"first","11":"instock","12":"shipping-taxable","13":"product-type-simple"},"acf":[],"_links":{"self":[{"href":"https:\/\/www.criadores.es\/pt-pt\/wp-json\/wp\/v2\/product\/2294","targetHints":{"allow":["GET"]}}],"collection":[{"href":"https:\/\/www.criadores.es\/pt-pt\/wp-json\/wp\/v2\/product"}],"about":[{"href":"https:\/\/www.criadores.es\/pt-pt\/wp-json\/wp\/v2\/types\/product"}],"replies":[{"embeddable":true,"href":"https:\/\/www.criadores.es\/pt-pt\/wp-json\/wp\/v2\/comments?post=2294"}],"wp:featuredmedia":[{"embeddable":true,"href":"https:\/\/www.criadores.es\/pt-pt\/wp-json\/wp\/v2\/media\/1905"}],"wp:attachment":[{"href":"https:\/\/www.criadores.es\/pt-pt\/wp-json\/wp\/v2\/media?parent=2294"}],"wp:term":[{"taxonomy":"product_brand","embeddable":true,"href":"https:\/\/www.criadores.es\/pt-pt\/wp-json\/wp\/v2\/product_brand?post=2294"},{"taxonomy":"product_cat","embeddable":true,"href":"https:\/\/www.criadores.es\/pt-pt\/wp-json\/wp\/v2\/product_cat?post=2294"},{"taxonomy":"product_tag","embeddable":true,"href":"https:\/\/www.criadores.es\/pt-pt\/wp-json\/wp\/v2\/product_tag?post=2294"}],"curies":[{"name":"wp","href":"https:\/\/api.w.org\/{rel}","templated":true}]}}