{"id":2295,"date":"2025-02-12T15:36:55","date_gmt":"2025-02-12T14:36:55","guid":{"rendered":"https:\/\/www.criadores.es\/producto\/criadores-biscoitos-mini-mix-milk-para-caes\/"},"modified":"2025-06-12T13:09:02","modified_gmt":"2025-06-12T11:09:02","slug":"criadores-biscoitos-mini-mix-milk-para-caes","status":"publish","type":"product","link":"https:\/\/www.criadores.es\/pt-pt\/producto\/criadores-biscoitos-mini-mix-milk-para-caes\/","title":{"rendered":"Criadores biscoitos Mini Mix Milk para c\u00e3es"},"content":{"rendered":"<h2>Biscoitos para c\u00e3es especial cachorros e com sabor a leite<\/h2>\n<p>Os <strong>biscoitos para c\u00e3es Criadores Mini Mix Milk<\/strong> s\u00e3o o complemento perfeito para premiar o seu cachorro durante o processo de adestramento. Elaborados com <strong>ingredientes selecionados de primeira qualidade<\/strong>, este complemento alimentar est\u00e1 desenhado especialmente para cachorros de qualquer ra\u00e7a.<\/p>\n<p>Estes deliciosos snacks com\u00a0aroma a baunilha est\u00e3o formulados com <strong>baixo conte\u00fado em gordura e enriquecidos com antioxidantes naturais<\/strong>, por tanto, al\u00e9m de dar um alimento saboroso ao seu cachorro ser\u00e1 um complemento saud\u00e1vel que <strong>favorecer\u00e1 o crescimento e desenvolvimento do seu animal de estima\u00e7\u00e3o<\/strong>.<\/p>\n<p>Os primeiros meses de vida do seu cachorro s\u00e3o b\u00e1sicos, n\u00e3o apenas para o desenvolvimento do animal, mas tamb\u00e9m para o seu <strong>adestramento e educa\u00e7\u00e3o<\/strong>, e com estes biscoitos tem o complemento perfeito para ajudar nesta tarefa. Os biscoitos para c\u00e3es Criadores Mini Mix Milk s\u00e3o um <strong>delicioso pr\u00e9mio <\/strong>para que o seu cachorro entenda quando faz de maneira correta determinadas a\u00e7\u00f5es.<\/p>\n<p>Estes biscoitos formam parte da gama de produtos que conta <strong>Criadores<\/strong>, uma marca que tem em considera\u00e7\u00e3o a sele\u00e7\u00e3o dos melhores ingredientes para realizar alimentos super premium para c\u00e3es de todas as idades e ra\u00e7as.\u00a0<strong>Ra\u00e7\u00e3o seca e h\u00famida, biscoitos e snacks <\/strong>de diversos sabores e propriedades formam parte de uma sele\u00e7\u00e3o de produtos nutricionais para animais de estima\u00e7\u00e3o.<\/p>\n<p><strong><em>Premie o seu cachorro com os deliciosos biscoitos para c\u00e3es Criadores Mini Mix Milk com aroma a baunilha.<\/em><\/strong><\/p>\n<p><em>A partir da data em que os receba \u00e9 garantido um prazo de 3 meses antes do vencimento da data de validade, ou de 1 m\u00eas no caso dos produtos l\u00b4cteos e a ra\u00e7\u00e3o ecol\u00f3gica.<\/em><\/p>\n","protected":false},"excerpt":{"rendered":"<p>Biscoitos em forma de ossinhos para c\u00e3es pequenos, com sabor a leite e baunilha com alto teor de prote\u00edna, s\u00e3o baixos em gordura, f\u00e1ceis de digerir e tamb\u00e9m ajudam a limpar os dentes e gengivas.<\/p>\n","protected":false},"featured_media":1749,"comment_status":"open","ping_status":"closed","template":"","meta":{"_acf_changed":false},"product_brand":[],"product_cat":[92,98,101],"product_tag":[],"class_list":{"0":"post-2295","1":"product","2":"type-product","3":"status-publish","4":"has-post-thumbnail","6":"product_cat-cao","7":"product_cat-original-pt-pt","8":"product_cat-snacks-pt-pt","10":"first","11":"instock","12":"shipping-taxable","13":"product-type-simple"},"acf":[],"_links":{"self":[{"href":"https:\/\/www.criadores.es\/pt-pt\/wp-json\/wp\/v2\/product\/2295","targetHints":{"allow":["GET"]}}],"collection":[{"href":"https:\/\/www.criadores.es\/pt-pt\/wp-json\/wp\/v2\/product"}],"about":[{"href":"https:\/\/www.criadores.es\/pt-pt\/wp-json\/wp\/v2\/types\/product"}],"replies":[{"embeddable":true,"href":"https:\/\/www.criadores.es\/pt-pt\/wp-json\/wp\/v2\/comments?post=2295"}],"wp:featuredmedia":[{"embeddable":true,"href":"https:\/\/www.criadores.es\/pt-pt\/wp-json\/wp\/v2\/media\/1749"}],"wp:attachment":[{"href":"https:\/\/www.criadores.es\/pt-pt\/wp-json\/wp\/v2\/media?parent=2295"}],"wp:term":[{"taxonomy":"product_brand","embeddable":true,"href":"https:\/\/www.criadores.es\/pt-pt\/wp-json\/wp\/v2\/product_brand?post=2295"},{"taxonomy":"product_cat","embeddable":true,"href":"https:\/\/www.criadores.es\/pt-pt\/wp-json\/wp\/v2\/product_cat?post=2295"},{"taxonomy":"product_tag","embeddable":true,"href":"https:\/\/www.criadores.es\/pt-pt\/wp-json\/wp\/v2\/product_tag?post=2295"}],"curies":[{"name":"wp","href":"https:\/\/api.w.org\/{rel}","templated":true}]}}