{"id":2296,"date":"2025-02-14T09:31:18","date_gmt":"2025-02-14T08:31:18","guid":{"rendered":"https:\/\/www.criadores.es\/producto\/criadores-adulto-frango-em-pate-terrina-para-gatos\/"},"modified":"2025-06-11T17:57:29","modified_gmt":"2025-06-11T15:57:29","slug":"criadores-adulto-frango-em-pate-terrina-para-gatos","status":"publish","type":"product","link":"https:\/\/www.criadores.es\/pt-pt\/producto\/criadores-adulto-frango-em-pate-terrina-para-gatos\/","title":{"rendered":"Criadores Adulto Frango em pat\u00ea terrina para gatos"},"content":{"rendered":"<h2>Pat\u00ea de frango para gatos adultos<\/h2>\n<p><strong>O alimento h\u00famido para gatos da Criadores<\/strong> \u00e9 um delicioso pat\u00ea feito com carne e peixe para satisfazer o paladar do seu gato. A carne fornece ao seu animal de estima\u00e7\u00e3o os nutrientes que necessita para manter-se saud\u00e1vel e cheio de energia. Um alimento completo e equilibrado para gatos a partir dos 6 meses de idade, para mimar o seu felino.<\/p>\n<p>Esta terrina da Criadores n\u00e3o cont\u00e9m cereais para facilitar a digest\u00e3o do seu gato, apenas carne, <strong>vitaminas e minerais extra para fortalecer o seu sistema imunit\u00e1rio<\/strong>. Tamb\u00e9m <strong>melhora o tr\u00e2nsito intestinal, reduz as intoler\u00e2ncias alimentares<\/strong> e \u00e9 adequado para gatos que sofrem de alergias ou intoler\u00e2ncias alimentares. Este alimento melhorar\u00e1 a hidrata\u00e7\u00e3o do seu gato gra\u00e7as \u00e0 humidade do alimento.<\/p>\n<p>Um alimento completo, natural e altamente palat\u00e1vel, que o torna irresist\u00edvel para o seu animal de estima\u00e7\u00e3o. Al\u00e9m disso, a sua receita de frango torna-a <strong>adequada para o crescimento de gatos jovens<\/strong>.<\/p>\n<p><em>Ofere\u00e7a este delicioso pat\u00ea ao seu animal de estima\u00e7\u00e3o!<\/em><\/p>\n","protected":false},"excerpt":{"rendered":"<p>O alimento h\u00famido da Criadores \u00e9 um delicioso pat\u00ea para gatos adultos que proporciona um elevado n\u00edvel de energia para manter o seu gato forte e ativo.<\/p>\n","protected":false},"featured_media":2012,"comment_status":"open","ping_status":"closed","template":"","meta":{"_acf_changed":false},"product_brand":[],"product_cat":[110,111,106],"product_tag":[],"class_list":{"0":"post-2296","1":"product","2":"type-product","3":"status-publish","4":"has-post-thumbnail","6":"product_cat-comida-humida-pt","7":"product_cat-gatos","8":"product_cat-original-gato-pt-pt","10":"first","11":"instock","12":"shipping-taxable","13":"product-type-simple"},"acf":[],"_links":{"self":[{"href":"https:\/\/www.criadores.es\/pt-pt\/wp-json\/wp\/v2\/product\/2296","targetHints":{"allow":["GET"]}}],"collection":[{"href":"https:\/\/www.criadores.es\/pt-pt\/wp-json\/wp\/v2\/product"}],"about":[{"href":"https:\/\/www.criadores.es\/pt-pt\/wp-json\/wp\/v2\/types\/product"}],"replies":[{"embeddable":true,"href":"https:\/\/www.criadores.es\/pt-pt\/wp-json\/wp\/v2\/comments?post=2296"}],"wp:featuredmedia":[{"embeddable":true,"href":"https:\/\/www.criadores.es\/pt-pt\/wp-json\/wp\/v2\/media\/2012"}],"wp:attachment":[{"href":"https:\/\/www.criadores.es\/pt-pt\/wp-json\/wp\/v2\/media?parent=2296"}],"wp:term":[{"taxonomy":"product_brand","embeddable":true,"href":"https:\/\/www.criadores.es\/pt-pt\/wp-json\/wp\/v2\/product_brand?post=2296"},{"taxonomy":"product_cat","embeddable":true,"href":"https:\/\/www.criadores.es\/pt-pt\/wp-json\/wp\/v2\/product_cat?post=2296"},{"taxonomy":"product_tag","embeddable":true,"href":"https:\/\/www.criadores.es\/pt-pt\/wp-json\/wp\/v2\/product_tag?post=2296"}],"curies":[{"name":"wp","href":"https:\/\/api.w.org\/{rel}","templated":true}]}}