{"id":2298,"date":"2025-02-14T09:12:23","date_gmt":"2025-02-14T08:12:23","guid":{"rendered":"https:\/\/www.criadores.es\/producto\/criadores-barras-grain-free-salmao-para-caes\/"},"modified":"2025-06-11T17:58:05","modified_gmt":"2025-06-11T15:58:05","slug":"criadores-barras-grain-free-salmao-para-caes","status":"publish","type":"product","link":"https:\/\/www.criadores.es\/pt-pt\/producto\/criadores-barras-grain-free-salmao-para-caes\/","title":{"rendered":"Criadores Barras Grain Free Salm\u00e3o para c\u00e3es"},"content":{"rendered":"<h2>Sticks de carne para c\u00e3es Criadores<\/h2>\n<p>N\u00e3o \u00e9 segredo algum: <strong>as sticks s\u00e3o uma das guloseimas favoritas de todos os c\u00e3es.<\/strong> Tamb\u00e9m gostam dos snacks em pedacinhos, mas eles adoram apanhar a barrita e lev\u00e1-la de um lugar a outro para mastigar durante um bom tempo. Por isso, as sticks Criadores Grain Free ser\u00e3o o melhor pr\u00e9mio para o seu c\u00e3o. Nada o deixar\u00e1 mais feliz durante o dia do que receber estas<strong> tenras e mastig\u00e1veis sticks de carne<\/strong>. E, o melhor de tudo, dispon\u00edveis em 3 irresist\u00edveis sabores!<\/p>\n<p>Criadores sticks Grain Free s\u00e3o uns snacks elaborados <strong>com ingredientes naturais e com 50% de carne fresca<\/strong>. O alto conte\u00fado de carne, n\u00e3o s\u00f3 aporta um bom n\u00edvel de prote\u00ednas de alto valor biol\u00f3gico, mas tamb\u00e9m, confere \u00e0s sticks um sabor e um aroma muito intensos. As receitas das diferentes sticks completam-se <strong>com frutas e verduras<\/strong> saud\u00e1veis como os mirtilos, as cenouras, os br\u00f3colos e o alho franc\u00eas. Tamb\u00e9m cont\u00eam batata como fonte de carboidratos e \u00f3leo de salm\u00e3o, rico em<strong> \u00e1cidos gordos essenciais.<\/strong> E, o melhor de tudo, livres de cereais para facilitar a digest\u00e3o.<\/p>\n<p><strong>Frango, porco ib\u00e9rico, cordeiro, salm\u00e3o<\/strong>\u2026 combine todas estas guloseimas para surpreender o seu c\u00e3o e enriquecer a sua dieta com um pr\u00e9mio saud\u00e1vel.<\/p>\n<p><strong><em>Mime o seu c\u00e3o com as sticks Criadores Grain Free, ir\u00e1 adorar o seu sabor e a sua textura mastig\u00e1vel!<\/em><\/strong><\/p>\n<p><em>A partir da data em que os receba \u00e9 garantido um prazo de 3 meses antes do vencimento da data de validade, ou de 1 m\u00eas no caso dos produtos l\u00e1cteos e da ra\u00e7\u00e3o ecol\u00f3gica.<\/em><\/p>\n","protected":false},"excerpt":{"rendered":"<p>Barras de salm\u00e3o para c\u00e3es, enriquecidas com mirtilos, cenouras, br\u00f3colis e alho-por\u00f3, s\u00e3o sem gr\u00e3os e de f\u00e1cil digest\u00e3o, ajudam a limpar os dentes e gengivas da mascote enquanto a mant\u00e9m entretida.<\/p>\n","protected":false},"featured_media":2003,"comment_status":"open","ping_status":"closed","template":"","meta":{"_acf_changed":false},"product_brand":[],"product_cat":[92,97,101],"product_tag":[],"class_list":{"0":"post-2298","1":"product","2":"type-product","3":"status-publish","4":"has-post-thumbnail","6":"product_cat-cao","7":"product_cat-grain-free-pt-pt","8":"product_cat-snacks-pt-pt","10":"first","11":"instock","12":"shipping-taxable","13":"product-type-simple"},"acf":[],"_links":{"self":[{"href":"https:\/\/www.criadores.es\/pt-pt\/wp-json\/wp\/v2\/product\/2298","targetHints":{"allow":["GET"]}}],"collection":[{"href":"https:\/\/www.criadores.es\/pt-pt\/wp-json\/wp\/v2\/product"}],"about":[{"href":"https:\/\/www.criadores.es\/pt-pt\/wp-json\/wp\/v2\/types\/product"}],"replies":[{"embeddable":true,"href":"https:\/\/www.criadores.es\/pt-pt\/wp-json\/wp\/v2\/comments?post=2298"}],"wp:featuredmedia":[{"embeddable":true,"href":"https:\/\/www.criadores.es\/pt-pt\/wp-json\/wp\/v2\/media\/2003"}],"wp:attachment":[{"href":"https:\/\/www.criadores.es\/pt-pt\/wp-json\/wp\/v2\/media?parent=2298"}],"wp:term":[{"taxonomy":"product_brand","embeddable":true,"href":"https:\/\/www.criadores.es\/pt-pt\/wp-json\/wp\/v2\/product_brand?post=2298"},{"taxonomy":"product_cat","embeddable":true,"href":"https:\/\/www.criadores.es\/pt-pt\/wp-json\/wp\/v2\/product_cat?post=2298"},{"taxonomy":"product_tag","embeddable":true,"href":"https:\/\/www.criadores.es\/pt-pt\/wp-json\/wp\/v2\/product_tag?post=2298"}],"curies":[{"name":"wp","href":"https:\/\/api.w.org\/{rel}","templated":true}]}}