{"id":2300,"date":"2025-02-11T10:01:02","date_gmt":"2025-02-11T09:01:02","guid":{"rendered":"https:\/\/www.criadores.es\/producto\/criadores-vitela-e-frango-em-pate-terrina-para-gatinhos\/"},"modified":"2025-06-12T15:11:01","modified_gmt":"2025-06-12T13:11:01","slug":"criadores-vitela-e-frango-em-pate-terrina-para-gatinhos","status":"publish","type":"product","link":"https:\/\/www.criadores.es\/pt-pt\/producto\/criadores-vitela-e-frango-em-pate-terrina-para-gatinhos\/","title":{"rendered":"Criadores Vitela e Frango em pat\u00ea terrina para gatinhos"},"content":{"rendered":"<h2>Pat\u00ea para gatos da Criadores\u00a0a partir dos 6 meses<\/h2>\n<p>O pat\u00ea para gatos da Criadores \u00e9 um <strong>alimento completo<\/strong> e com ingredientes de qualidade, que pode come\u00e7ar a dar ao seu gato a partir dos 6 meses de idade devido ao seu valor nutritivo e textura suave.<\/p>\n<p>Este pat\u00ea para gatos \u00e9 uma <strong>fonte de energia muito saud\u00e1vel<\/strong> e necess\u00e1ria para o seu crescimento e dieta carn\u00edvora. A sua composi\u00e7\u00e3o refor\u00e7a as defesas e cuida do seu sistema imunit\u00e1rio.<\/p>\n<p>Al\u00e9m das vantagens deste pat\u00ea para gatos da Criadores, \u00e9 uma receita sem cereais, o que faz com que seja um pat\u00ea <strong>perfeito para gatos com alergias alimentares<\/strong> ou gatinhos cujo est\u00f4mago ainda est\u00e1 a acostumar-se a assimilar novos alimentos.<\/p>\n<p><em>O seu gatinho ir\u00e1 desfrutar de um pat\u00ea com um delicioso sabor, f\u00e1cil de digerir e que lhe ir\u00e1 fornecer as vitaminas necess\u00e1rias para estar cheio de vitalidade. \u00a0<\/em><\/p>\n","protected":false},"excerpt":{"rendered":"<p>Pat\u00ea para gatinhos com uma receita rica em prote\u00ednas, fonte de energia necess\u00e1ria ao seu crescimento e \u00e0 sua alimenta\u00e7\u00e3o carn\u00edvora.<\/p>\n","protected":false},"featured_media":1650,"comment_status":"open","ping_status":"closed","template":"","meta":{"_acf_changed":false},"product_brand":[],"product_cat":[110,111,106],"product_tag":[],"class_list":{"0":"post-2300","1":"product","2":"type-product","3":"status-publish","4":"has-post-thumbnail","6":"product_cat-comida-humida-pt","7":"product_cat-gatos","8":"product_cat-original-gato-pt-pt","10":"first","11":"instock","12":"shipping-taxable","13":"product-type-simple"},"acf":[],"_links":{"self":[{"href":"https:\/\/www.criadores.es\/pt-pt\/wp-json\/wp\/v2\/product\/2300","targetHints":{"allow":["GET"]}}],"collection":[{"href":"https:\/\/www.criadores.es\/pt-pt\/wp-json\/wp\/v2\/product"}],"about":[{"href":"https:\/\/www.criadores.es\/pt-pt\/wp-json\/wp\/v2\/types\/product"}],"replies":[{"embeddable":true,"href":"https:\/\/www.criadores.es\/pt-pt\/wp-json\/wp\/v2\/comments?post=2300"}],"wp:featuredmedia":[{"embeddable":true,"href":"https:\/\/www.criadores.es\/pt-pt\/wp-json\/wp\/v2\/media\/1650"}],"wp:attachment":[{"href":"https:\/\/www.criadores.es\/pt-pt\/wp-json\/wp\/v2\/media?parent=2300"}],"wp:term":[{"taxonomy":"product_brand","embeddable":true,"href":"https:\/\/www.criadores.es\/pt-pt\/wp-json\/wp\/v2\/product_brand?post=2300"},{"taxonomy":"product_cat","embeddable":true,"href":"https:\/\/www.criadores.es\/pt-pt\/wp-json\/wp\/v2\/product_cat?post=2300"},{"taxonomy":"product_tag","embeddable":true,"href":"https:\/\/www.criadores.es\/pt-pt\/wp-json\/wp\/v2\/product_tag?post=2300"}],"curies":[{"name":"wp","href":"https:\/\/api.w.org\/{rel}","templated":true}]}}