{"id":2304,"date":"2025-02-13T11:29:36","date_gmt":"2025-02-13T10:29:36","guid":{"rendered":"https:\/\/www.criadores.es\/producto\/criadores-puppy-frango-com-arroz\/"},"modified":"2025-06-12T12:24:43","modified_gmt":"2025-06-12T10:24:43","slug":"criadores-puppy-frango-com-arroz","status":"publish","type":"product","link":"https:\/\/www.criadores.es\/pt-pt\/producto\/criadores-puppy-frango-com-arroz\/","title":{"rendered":"Criadores Puppy Frango com Arroz"},"content":{"rendered":"<h2>Comida h\u00fameda com prote\u00ednas, vitaminas e minerais essenciais para c\u00e3es filhotes<\/h2>\n<p>Se voc\u00ea deseja oferecer uma comida que promova um desenvolvimento \u00f3timo para sua mascote ap\u00f3s o desmame para que ela prove seu primeiro alimento s\u00f3lido, ent\u00e3o ofere\u00e7a para ela no seu pote de alimenta\u00e7\u00e3o a <strong>comida h\u00fameda para c\u00e3es filhotes da Criadores.<\/strong> Esta \u00e9 uma f\u00f3rmula equilibrada que <strong>fornece prote\u00ednas, vitaminas e minerais essenciais<\/strong> para satisfazer todas as necessidades nutricionais e desfrutar de um <strong>crescimento forte e saud\u00e1vel.<\/strong> A primeira experi\u00eancia ser\u00e1 \u00fanica!<\/p>\n<p>Esta receita \u00e9 monoproteica, com um sabor delicioso de frango com arroz com uma <strong>textura suculenta que seu c\u00e3ozinho vai adorar mastigar e sentir nos dentes.<\/strong> Sua composi\u00e7\u00e3o consiste em ingredientes selecionados de alta qualidade para fornecer uma comida saud\u00e1vel e nutritiva. Cont\u00e9m vitamina D3 e minerais como <strong>zinco<\/strong>, <strong>iodo, magn\u00e9sio e cobre<\/strong> que fornecem energia para seu peludo para que cres\u00e7a ativo e cheio de energia para que jogue como sempre.<\/p>\n<p>A sua textura suave facilita a mastiga\u00e7\u00e3o e hidrata\u00e7\u00e3o extra, ideal para <strong>facilitar a digest\u00e3o e manter as vias urin\u00e1rias em perfeitas condi\u00e7\u00f5es.<\/strong> Al\u00e9m disso, a quantidade limitada de ingredientes, <strong>contribui para reduzir o risco de apresentar alergias e intoler\u00e2ncias alimentares<\/strong> para que ela possa comer tranquilamente.<\/p>\n<p><em>Seu c\u00e3ozinho crescer\u00e1 grande e forte se alimentar com sua deliciosa comida \u00famida com sabor de frango com arroz para Criadores!<\/em><\/p>\n","protected":false},"excerpt":{"rendered":"<p>Alimento h\u00famido monoproteico para c\u00e3es filhotes. Ideal para oferecer como o primeiro alimento depois do desmame e proporcionar um crescimento forte e saud\u00e1vel.<\/p>\n<p><img decoding=\"async\" style=\"object-fit: cover; width: 100%;\" title=\"\" src=\"images\/Banners\/banner_alimentacion_seca_humeda_pt.jpg?$staticlink$\" alt=\"\" \/><\/p>\n","protected":false},"featured_media":1859,"comment_status":"open","ping_status":"closed","template":"","meta":{"_acf_changed":false},"product_brand":[],"product_cat":[92,94,98],"product_tag":[],"class_list":{"0":"post-2304","1":"product","2":"type-product","3":"status-publish","4":"has-post-thumbnail","6":"product_cat-cao","7":"product_cat-comida-humida","8":"product_cat-original-pt-pt","10":"first","11":"instock","12":"shipping-taxable","13":"product-type-simple"},"acf":[],"_links":{"self":[{"href":"https:\/\/www.criadores.es\/pt-pt\/wp-json\/wp\/v2\/product\/2304","targetHints":{"allow":["GET"]}}],"collection":[{"href":"https:\/\/www.criadores.es\/pt-pt\/wp-json\/wp\/v2\/product"}],"about":[{"href":"https:\/\/www.criadores.es\/pt-pt\/wp-json\/wp\/v2\/types\/product"}],"replies":[{"embeddable":true,"href":"https:\/\/www.criadores.es\/pt-pt\/wp-json\/wp\/v2\/comments?post=2304"}],"wp:featuredmedia":[{"embeddable":true,"href":"https:\/\/www.criadores.es\/pt-pt\/wp-json\/wp\/v2\/media\/1859"}],"wp:attachment":[{"href":"https:\/\/www.criadores.es\/pt-pt\/wp-json\/wp\/v2\/media?parent=2304"}],"wp:term":[{"taxonomy":"product_brand","embeddable":true,"href":"https:\/\/www.criadores.es\/pt-pt\/wp-json\/wp\/v2\/product_brand?post=2304"},{"taxonomy":"product_cat","embeddable":true,"href":"https:\/\/www.criadores.es\/pt-pt\/wp-json\/wp\/v2\/product_cat?post=2304"},{"taxonomy":"product_tag","embeddable":true,"href":"https:\/\/www.criadores.es\/pt-pt\/wp-json\/wp\/v2\/product_tag?post=2304"}],"curies":[{"name":"wp","href":"https:\/\/api.w.org\/{rel}","templated":true}]}}