{"id":2305,"date":"2025-02-13T16:05:00","date_gmt":"2025-02-13T15:05:00","guid":{"rendered":"https:\/\/www.criadores.es\/producto\/criadores-adulto-javali-com-arandos-lata-para-caes\/"},"modified":"2025-06-11T15:09:33","modified_gmt":"2025-06-11T13:09:33","slug":"criadores-adulto-javali-com-arandos-lata-para-caes","status":"publish","type":"product","link":"https:\/\/www.criadores.es\/pt-pt\/producto\/criadores-adulto-javali-com-arandos-lata-para-caes\/","title":{"rendered":"Criadores adulto javali com arandos lata para c\u00e3es"},"content":{"rendered":"<h2>Comida h\u00famida completa para c\u00e3es seniores<\/h2>\n<p>A Criadores traz uma comida h\u00famida completa com sabor a javali e arandos.\u00a0\u00c9 adequada para a alimenta\u00e7\u00e3o di\u00e1ria dos c\u00e3es seniores. \u00c9 um alimento muito completo que, gra\u00e7as \u00e0s suas propriedades, cobre as necessidades dos animais de estima\u00e7\u00e3o maduros, uma vez que tem um\u00a0<strong>efeito antioxidante e mant\u00e9m as suas capacidades cognitivas<\/strong>.<\/p>\n<p>A receita para esta comida h\u00famida \u00e9 composta por\u00a0<strong>uma percentagem muito elevada de carne, 65%<\/strong>. Este ingrediente predomina no sabor, por isso ser\u00e1 delicioso para o seu animal de estima\u00e7\u00e3o. Tamb\u00e9m garante que os alimentos s\u00e3o\u00a0<strong>altamente palat\u00e1veis<\/strong>, gra\u00e7as ao\u00a0<strong>\u00f3leo de salm\u00e3o<\/strong>, que \u00e9 tamb\u00e9m muito\u00a0<strong>rico em \u00e1cidos gordos<\/strong>. O seu animal de estima\u00e7\u00e3o n\u00e3o deixar\u00e1 nada no prato e desfrutar\u00e1 enormemente desta comida.<\/p>\n<p>Tem uma receita\u00a0<strong>sem gr\u00e3os<\/strong>. A sua f\u00f3rmula \u00e9\u00a0<strong>monoproteica<\/strong>\u00a0e foi concebida para que o seu c\u00e3o mais velho possa assimilar melhor todos os nutrientes presentes neste alimento. Tamb\u00e9m inclui\u00a0<strong>condroprotectores<\/strong>\u00a0que previnem problemas de mobilidade em animais adultos.<\/p>\n<p>A marca Criadores \u00e9 fabricada na Espanha e s\u00f3 utiliza\u00a0<strong>mat\u00e9rias-primas de primeira qualidade<\/strong>\u00a0para a sua produ\u00e7\u00e3o. Todas as suas refei\u00e7\u00f5es s\u00e3o caracterizadas pelo facto de apenas utilizarem antioxidantes naturais e nenhuma das suas receitas cont\u00e9m subprodutos animais, vegetais ou transg\u00e9nicos, nem utilizam BHA ou BHT.<\/p>\n<p>Com esta dieta, as fezes do seu animal tornam-se mais pequenas e mais compactas. Al\u00e9m disso, por ser um alimento que \u00e9 embalado assim que \u00e9 preparado, evita qualquer tipo de contamina\u00e7\u00e3o. Inclui tamb\u00e9m\u00a0<strong>probi\u00f3ticos e prebi\u00f3ticos<\/strong>, presentes em frutas e vegetais, que\u00a0<strong>promovem a digestibilidade e beneficiam a sua sa\u00fade digestiva<\/strong>.<\/p>\n<p><em><strong>Ofere\u00e7a esta comida deliciosa e saud\u00e1vel da Criadores ao seu c\u00e3o e satisfa\u00e7a as suas necessidades na idade avan\u00e7ada!<\/strong><\/em><\/p>\n","protected":false},"excerpt":{"rendered":"<p>Comida h\u00famida completa com sabor a javali e arandos.\u00a0\u00c9 adequada para a alimenta\u00e7\u00e3o di\u00e1ria dos c\u00e3es seniores.<\/p>\n","protected":false},"featured_media":1940,"comment_status":"open","ping_status":"closed","template":"","meta":{"_acf_changed":false},"product_brand":[],"product_cat":[92,94,98],"product_tag":[],"class_list":{"0":"post-2305","1":"product","2":"type-product","3":"status-publish","4":"has-post-thumbnail","6":"product_cat-cao","7":"product_cat-comida-humida","8":"product_cat-original-pt-pt","10":"first","11":"instock","12":"shipping-taxable","13":"product-type-simple"},"acf":[],"_links":{"self":[{"href":"https:\/\/www.criadores.es\/pt-pt\/wp-json\/wp\/v2\/product\/2305","targetHints":{"allow":["GET"]}}],"collection":[{"href":"https:\/\/www.criadores.es\/pt-pt\/wp-json\/wp\/v2\/product"}],"about":[{"href":"https:\/\/www.criadores.es\/pt-pt\/wp-json\/wp\/v2\/types\/product"}],"replies":[{"embeddable":true,"href":"https:\/\/www.criadores.es\/pt-pt\/wp-json\/wp\/v2\/comments?post=2305"}],"wp:featuredmedia":[{"embeddable":true,"href":"https:\/\/www.criadores.es\/pt-pt\/wp-json\/wp\/v2\/media\/1940"}],"wp:attachment":[{"href":"https:\/\/www.criadores.es\/pt-pt\/wp-json\/wp\/v2\/media?parent=2305"}],"wp:term":[{"taxonomy":"product_brand","embeddable":true,"href":"https:\/\/www.criadores.es\/pt-pt\/wp-json\/wp\/v2\/product_brand?post=2305"},{"taxonomy":"product_cat","embeddable":true,"href":"https:\/\/www.criadores.es\/pt-pt\/wp-json\/wp\/v2\/product_cat?post=2305"},{"taxonomy":"product_tag","embeddable":true,"href":"https:\/\/www.criadores.es\/pt-pt\/wp-json\/wp\/v2\/product_tag?post=2305"}],"curies":[{"name":"wp","href":"https:\/\/api.w.org\/{rel}","templated":true}]}}