{"id":2306,"date":"2025-02-14T11:10:02","date_gmt":"2025-02-14T10:10:02","guid":{"rendered":"https:\/\/www.criadores.es\/producto\/criadores-snacks-dentarios-xxl-calcio-para-caes\/"},"modified":"2025-06-11T13:54:41","modified_gmt":"2025-06-11T11:54:41","slug":"criadores-snacks-dentarios-xxl-calcio-para-caes","status":"publish","type":"product","link":"https:\/\/www.criadores.es\/pt-pt\/producto\/criadores-snacks-dentarios-xxl-calcio-para-caes\/","title":{"rendered":"Criadores Snacks Dent\u00e1rios XXL C\u00e1lcio para c\u00e3es"},"content":{"rendered":"<h2>Snacks semi-h\u00famidos para c\u00e3es Criadores Dental XXL<\/h2>\n<p>Criadores Snack Dental XXL para c\u00e3es s\u00e3o umas deliciosas guloseimas com as que poder\u00e1 mimar o seu peludo em qualquer momento do dia. O seu tamanho faz com que sejam<strong> ideais para o treino<\/strong> e para poder lev\u00e1-las em qualquer bolso. Uma<strong> recompensa deliciosa e saud\u00e1vel <\/strong>que o seu c\u00e3o ir\u00e1 adorar.<\/p>\n<p>Estes pequenos<strong> snacks semi-h\u00famidos <\/strong>t\u00eam um<strong> aroma a carne <\/strong>que atrai os c\u00e3es apenas abrir a embalagem. Ir\u00e3o adorar a sua<strong> textura macia<\/strong> que lhes permite mastigar facilmente. A sua consist\u00eancia faz com que, tanto cachorros como c\u00e3es idosos, possam com\u00ea-los sem dificuldade. S\u00e3o saborosos, saud\u00e1veis e aportam um extra de energia. Um alimento complement\u00e1rio perfeito para incluir na dieta do seu animal de estima\u00e7\u00e3o. Al\u00e9m do mais, estes snacks t\u00eam uma forma de h e uma f\u00f3rmula especial que contribui para o<strong> cuidado dental<\/strong>. A receita adiciona<strong> tripolifosfato de s\u00f3dio<\/strong>, um composto que separa o c\u00e1lcio da saliva, ajudando manter os dentes mais brancos e reduzindo a forma\u00e7\u00e3o do t\u00e1rtaro.<\/p>\n<p><strong><em>Premie o seu c\u00e3o com um snack macio, delicioso e saud\u00e1vel com Criadores Dental XXL.<\/em><\/strong><br \/>\n<em>A partir da data em que os receba \u00e9 garantido um prazo de 3 meses antes do vencimento da data de validade, ou de 1 m\u00eas no caso dos produtos l\u00e1cteos e a ra\u00e7\u00e3o ecol\u00f3gica.<\/em><\/p>\n","protected":false},"excerpt":{"rendered":"<p>Lanche dental para c\u00e3es de todas as ra\u00e7as, tem fun\u00e7\u00e3o 2 em 1, pois \u00e9 um snack com sabor de carne, mas tamb\u00e9m ajuda a limpar os dentes e gengivas do seu animal de estima\u00e7\u00e3o, evitando a forma\u00e7\u00e3o de t\u00e1rtaro e doen\u00e7a periodontal.<\/p>\n","protected":false},"featured_media":2031,"comment_status":"open","ping_status":"closed","template":"","meta":{"_acf_changed":false},"product_brand":[],"product_cat":[92,98,101],"product_tag":[],"class_list":{"0":"post-2306","1":"product","2":"type-product","3":"status-publish","4":"has-post-thumbnail","6":"product_cat-cao","7":"product_cat-original-pt-pt","8":"product_cat-snacks-pt-pt","10":"first","11":"instock","12":"shipping-taxable","13":"product-type-simple"},"acf":[],"_links":{"self":[{"href":"https:\/\/www.criadores.es\/pt-pt\/wp-json\/wp\/v2\/product\/2306","targetHints":{"allow":["GET"]}}],"collection":[{"href":"https:\/\/www.criadores.es\/pt-pt\/wp-json\/wp\/v2\/product"}],"about":[{"href":"https:\/\/www.criadores.es\/pt-pt\/wp-json\/wp\/v2\/types\/product"}],"replies":[{"embeddable":true,"href":"https:\/\/www.criadores.es\/pt-pt\/wp-json\/wp\/v2\/comments?post=2306"}],"wp:featuredmedia":[{"embeddable":true,"href":"https:\/\/www.criadores.es\/pt-pt\/wp-json\/wp\/v2\/media\/2031"}],"wp:attachment":[{"href":"https:\/\/www.criadores.es\/pt-pt\/wp-json\/wp\/v2\/media?parent=2306"}],"wp:term":[{"taxonomy":"product_brand","embeddable":true,"href":"https:\/\/www.criadores.es\/pt-pt\/wp-json\/wp\/v2\/product_brand?post=2306"},{"taxonomy":"product_cat","embeddable":true,"href":"https:\/\/www.criadores.es\/pt-pt\/wp-json\/wp\/v2\/product_cat?post=2306"},{"taxonomy":"product_tag","embeddable":true,"href":"https:\/\/www.criadores.es\/pt-pt\/wp-json\/wp\/v2\/product_tag?post=2306"}],"curies":[{"name":"wp","href":"https:\/\/api.w.org\/{rel}","templated":true}]}}