{"id":2307,"date":"2025-02-14T11:00:32","date_gmt":"2025-02-14T10:00:32","guid":{"rendered":"https:\/\/www.criadores.es\/producto\/criadores-ossinhos-semihumidos-xxl-para-caes\/"},"modified":"2025-06-11T11:31:47","modified_gmt":"2025-06-11T09:31:47","slug":"criadores-ossinhos-semihumidos-xxl-para-caes","status":"publish","type":"product","link":"https:\/\/www.criadores.es\/pt-pt\/producto\/criadores-ossinhos-semihumidos-xxl-para-caes\/","title":{"rendered":"Criadores Ossinhos Semih\u00famidos XXL para c\u00e3es"},"content":{"rendered":"<h2>Snacks semi-h\u00famidos para c\u00e3es Criadores Ossinhos\u00a0XXL<\/h2>\n<p>Criadores Snack Ossinhos\u00a0XXL para c\u00e3es s\u00e3o umas deliciosas guloseimas com as que poder\u00e1 mimar o seu peludo em qualquer momento do dia. O seu tamanho faz com que sejam<strong> ideais para o treino<\/strong> e para poder lev\u00e1-las em qualquer bolso. Uma<strong> recompensa deliciosa e saud\u00e1vel <\/strong>que o seu c\u00e3o ir\u00e1 adorar.<\/p>\n<p>Estes pequenos<strong> ossinhos semi-h\u00famidos <\/strong>t\u00eam um<strong> aroma a carne <\/strong>que atrai os c\u00e3es apenas abrir a embalagem. Ir\u00e3o adorar a sua<strong> textura macia<\/strong> que lhes permite mastigar facilmente. A sua consist\u00eancia faz com que, tanto cachorros como c\u00e3es idosos, possam com\u00ea-los sem dificuldade. S\u00e3o saborosos, saud\u00e1veis e aportam um extra de energia. Um alimento complement\u00e1rio perfeito para incluir na dieta do seu animal de estima\u00e7\u00e3o.<\/p>\n<p><strong><em>Premie o seu c\u00e3o com um snack macio, delicioso e saud\u00e1vel com Criadores Ossinhos XXL.<\/em><\/strong><\/p>\n<p><em>A partir da data em que os receba \u00e9 garantido um prazo de 3 meses antes do vencimento da data de validade, ou de 1 m\u00eas no caso dos produtos l\u00e1cteos e a ra\u00e7\u00e3o ecol\u00f3gica.<\/em><\/p>\n","protected":false},"excerpt":{"rendered":"<p>Ossos extra grandes para c\u00e3es, s\u00e3o ideais para oferecer como pr\u00eamio durante os treinamentos ou como lanche, ricos em prote\u00ednas e baixos em gorduras, s\u00e3o f\u00e1ceis de digerir e t\u00eam consist\u00eancia macia.<\/p>\n","protected":false},"featured_media":2029,"comment_status":"open","ping_status":"closed","template":"","meta":{"_acf_changed":false},"product_brand":[],"product_cat":[92,98,101],"product_tag":[],"class_list":{"0":"post-2307","1":"product","2":"type-product","3":"status-publish","4":"has-post-thumbnail","6":"product_cat-cao","7":"product_cat-original-pt-pt","8":"product_cat-snacks-pt-pt","10":"first","11":"instock","12":"shipping-taxable","13":"product-type-simple"},"acf":[],"_links":{"self":[{"href":"https:\/\/www.criadores.es\/pt-pt\/wp-json\/wp\/v2\/product\/2307","targetHints":{"allow":["GET"]}}],"collection":[{"href":"https:\/\/www.criadores.es\/pt-pt\/wp-json\/wp\/v2\/product"}],"about":[{"href":"https:\/\/www.criadores.es\/pt-pt\/wp-json\/wp\/v2\/types\/product"}],"replies":[{"embeddable":true,"href":"https:\/\/www.criadores.es\/pt-pt\/wp-json\/wp\/v2\/comments?post=2307"}],"wp:featuredmedia":[{"embeddable":true,"href":"https:\/\/www.criadores.es\/pt-pt\/wp-json\/wp\/v2\/media\/2029"}],"wp:attachment":[{"href":"https:\/\/www.criadores.es\/pt-pt\/wp-json\/wp\/v2\/media?parent=2307"}],"wp:term":[{"taxonomy":"product_brand","embeddable":true,"href":"https:\/\/www.criadores.es\/pt-pt\/wp-json\/wp\/v2\/product_brand?post=2307"},{"taxonomy":"product_cat","embeddable":true,"href":"https:\/\/www.criadores.es\/pt-pt\/wp-json\/wp\/v2\/product_cat?post=2307"},{"taxonomy":"product_tag","embeddable":true,"href":"https:\/\/www.criadores.es\/pt-pt\/wp-json\/wp\/v2\/product_tag?post=2307"}],"curies":[{"name":"wp","href":"https:\/\/api.w.org\/{rel}","templated":true}]}}