{"id":2308,"date":"2025-02-10T13:04:23","date_gmt":"2025-02-10T12:04:23","guid":{"rendered":"https:\/\/www.criadores.es\/producto\/criadores-bulldog-frances-frango-racao-para-caes\/"},"modified":"2025-02-28T10:58:06","modified_gmt":"2025-02-28T09:58:06","slug":"criadores-bulldog-frances-frango-racao-para-caes","status":"publish","type":"product","link":"https:\/\/www.criadores.es\/pt-pt\/producto\/criadores-bulldog-frances-frango-racao-para-caes\/","title":{"rendered":"Criadores Bulldog Franc\u00eas Frango ra\u00e7\u00e3o para c\u00e3es"},"content":{"rendered":"<h2>Ra\u00e7\u00e3o Criadores Especial Ra\u00e7as para Bulldog Franc\u00eas com frango fresco<\/h2>\n<p>A ra\u00e7\u00e3o Criadores Especial Ra\u00e7as adaptada ao Bulldog Franc\u00eas foi concebida tendo em conta as necessidades nutricionais espec\u00edficas desta ra\u00e7a. Fornece uma <strong>alimenta\u00e7\u00e3o completa e equilibrada<\/strong> atrav\u00e9s de uma sele\u00e7\u00e3o de ingredientes naturais de qualidade. Foi <strong>formulada por veterin\u00e1rios<\/strong> para garantir a sa\u00fade e vitalidade do Bulldog Franc\u00eas adulto, bem como outros c\u00e3es de porte m\u00e9dio com um n\u00edvel de atividade normal.<\/p>\n<p>Esta ra\u00e7\u00e3o destaca-se pelo seu <strong>elevado teor de carne de frango fresco<\/strong>, uma carne magra e rica em prote\u00ednas de elevado valor biol\u00f3gico, aumentando assim a palatabilidade dos croquetes. Como complemento e para uma alimenta\u00e7\u00e3o completa, integra outros ingredientes como <strong>arroz e ervilhas<\/strong>, bem como extrato de pele de uva. Adicionalmente, incorpora cal\u00eandula, reconhecida pelas suas propriedades antioxidantes que combatem o envelhecimento celular, e polpa de ma\u00e7\u00e3, uma fonte de fibra que favorece a digest\u00e3o.<\/p>\n<p>A ra\u00e7\u00e3o Criadores Especial Ra\u00e7as para Bulldog Franc\u00eas foca-se em pontos cruciais como o cuidado da pele, da digest\u00e3o e da <strong>sa\u00fade cardiorrespirat\u00f3ria<\/strong>. Cont\u00e9m <strong>biotina, \u00e1cido linoleico e \u00f3xido de zinco<\/strong>, essenciais para proteger a pele sens\u00edvel do Bulldog. Os ingredientes de alta qualidade garantem uma absor\u00e7\u00e3o \u00f3tima dos nutrientes e uma <strong>digest\u00e3o facilitada<\/strong>. Al\u00e9m disso, est\u00e1 enriquecida com vitaminas C e E, e taurina, que contribuem para a sa\u00fade card\u00edaca.<\/p>\n<p><strong><em>Cuide da sa\u00fade do seu Bulldog franc\u00eas com os ingredientes naturais da ra\u00e7\u00e3o Criadores Ra\u00e7as.<\/em><\/strong><\/p>\n<p><em>A partir da data de rece\u00e7\u00e3o, \u00e9 garantido um prazo de 3 meses antes do vencimento da data de validade, ou de 1 m\u00eas no caso dos produtos l\u00e1cteos e da ra\u00e7\u00e3o org\u00e2nica.<\/em><\/p>\n","protected":false},"excerpt":{"rendered":"<p>A ra\u00e7\u00e3o Criadores Ra\u00e7as Bulldog franc\u00eas est\u00e1 adaptada \u00e0s necessidades nutricionais espec\u00edficas da ra\u00e7a.<\/p>\n","protected":false},"featured_media":1560,"comment_status":"open","ping_status":"closed","template":"","meta":{"_acf_changed":false},"product_brand":[],"product_cat":[92,98,101],"product_tag":[],"class_list":{"0":"post-2308","1":"product","2":"type-product","3":"status-publish","4":"has-post-thumbnail","6":"product_cat-cao","7":"product_cat-original-pt-pt","8":"product_cat-snacks-pt-pt","10":"first","11":"instock","12":"shipping-taxable","13":"product-type-simple"},"acf":[],"_links":{"self":[{"href":"https:\/\/www.criadores.es\/pt-pt\/wp-json\/wp\/v2\/product\/2308","targetHints":{"allow":["GET"]}}],"collection":[{"href":"https:\/\/www.criadores.es\/pt-pt\/wp-json\/wp\/v2\/product"}],"about":[{"href":"https:\/\/www.criadores.es\/pt-pt\/wp-json\/wp\/v2\/types\/product"}],"replies":[{"embeddable":true,"href":"https:\/\/www.criadores.es\/pt-pt\/wp-json\/wp\/v2\/comments?post=2308"}],"wp:featuredmedia":[{"embeddable":true,"href":"https:\/\/www.criadores.es\/pt-pt\/wp-json\/wp\/v2\/media\/1560"}],"wp:attachment":[{"href":"https:\/\/www.criadores.es\/pt-pt\/wp-json\/wp\/v2\/media?parent=2308"}],"wp:term":[{"taxonomy":"product_brand","embeddable":true,"href":"https:\/\/www.criadores.es\/pt-pt\/wp-json\/wp\/v2\/product_brand?post=2308"},{"taxonomy":"product_cat","embeddable":true,"href":"https:\/\/www.criadores.es\/pt-pt\/wp-json\/wp\/v2\/product_cat?post=2308"},{"taxonomy":"product_tag","embeddable":true,"href":"https:\/\/www.criadores.es\/pt-pt\/wp-json\/wp\/v2\/product_tag?post=2308"}],"curies":[{"name":"wp","href":"https:\/\/api.w.org\/{rel}","templated":true}]}}