{"id":2309,"date":"2025-02-14T11:04:01","date_gmt":"2025-02-14T10:04:01","guid":{"rendered":"https:\/\/www.criadores.es\/producto\/criadores-corno-de-bufalo-para-caes\/"},"modified":"2025-06-11T11:30:52","modified_gmt":"2025-06-11T09:30:52","slug":"criadores-corno-de-bufalo-para-caes","status":"publish","type":"product","link":"https:\/\/www.criadores.es\/pt-pt\/producto\/criadores-corno-de-bufalo-para-caes\/","title":{"rendered":"Criadores Corno de B\u00fafalo para c\u00e3es"},"content":{"rendered":"<h2>Snack 100% Chifre de B\u00fafalo Natural<\/h2>\n<p>Dentro da vasta gama de snacks naturais da Criadores, os chifres para c\u00e3es s\u00e3o ideais para fortalecer a mand\u00edbula e limpar os dentes, servindo ainda como brinquedo e entretenimento.<\/p>\n<p>Trata-se de um snack de b\u00fafalo para c\u00e3es, rico em prote\u00ednas e com um baixo teor natural de gordura. Esta iguaria em forma de chifre destaca-se pela sua resist\u00eancia e longa dura\u00e7\u00e3o, mantendo-se por diversas sess\u00f5es.<\/p>\n<p>Sendo um chifre natural, \u00e9 um snack eficaz para o cuidado da mand\u00edbula: fortalece-a e ajuda a libertar o instinto animal do c\u00e3o. Adicionalmente, contribui para a redu\u00e7\u00e3o do t\u00e1rtaro.<\/p>\n<p>\u00c9 um snack natural perfeito para c\u00e3es que tendem a morder os seus brinquedos, proporcionando uma alternativa \u00e0 altura da sua mand\u00edbula e que ajuda a aliviar o stress e a evitar o t\u00e9dio.<\/p>\n<p><em>Ofere\u00e7a ao seu c\u00e3o um snack natural que respeita o seu comportamento instintivo, proporcionando um snack seguro, resistente e saboroso.<\/em><\/p>\n","protected":false},"excerpt":{"rendered":"<p>Dentro da vasta gama de snacks naturais da Criadores, os chifres para c\u00e3es s\u00e3o ideais para fortalecer a mand\u00edbula e limpar os dentes, servindo ainda como brinquedo e entretenimento.<\/p>\n","protected":false},"featured_media":2028,"comment_status":"open","ping_status":"closed","template":"","meta":{"_acf_changed":false},"product_brand":[],"product_cat":[92,98,101],"product_tag":[],"class_list":{"0":"post-2309","1":"product","2":"type-product","3":"status-publish","4":"has-post-thumbnail","6":"product_cat-cao","7":"product_cat-original-pt-pt","8":"product_cat-snacks-pt-pt","10":"first","11":"instock","12":"shipping-taxable","13":"product-type-simple"},"acf":[],"_links":{"self":[{"href":"https:\/\/www.criadores.es\/pt-pt\/wp-json\/wp\/v2\/product\/2309","targetHints":{"allow":["GET"]}}],"collection":[{"href":"https:\/\/www.criadores.es\/pt-pt\/wp-json\/wp\/v2\/product"}],"about":[{"href":"https:\/\/www.criadores.es\/pt-pt\/wp-json\/wp\/v2\/types\/product"}],"replies":[{"embeddable":true,"href":"https:\/\/www.criadores.es\/pt-pt\/wp-json\/wp\/v2\/comments?post=2309"}],"wp:featuredmedia":[{"embeddable":true,"href":"https:\/\/www.criadores.es\/pt-pt\/wp-json\/wp\/v2\/media\/2028"}],"wp:attachment":[{"href":"https:\/\/www.criadores.es\/pt-pt\/wp-json\/wp\/v2\/media?parent=2309"}],"wp:term":[{"taxonomy":"product_brand","embeddable":true,"href":"https:\/\/www.criadores.es\/pt-pt\/wp-json\/wp\/v2\/product_brand?post=2309"},{"taxonomy":"product_cat","embeddable":true,"href":"https:\/\/www.criadores.es\/pt-pt\/wp-json\/wp\/v2\/product_cat?post=2309"},{"taxonomy":"product_tag","embeddable":true,"href":"https:\/\/www.criadores.es\/pt-pt\/wp-json\/wp\/v2\/product_tag?post=2309"}],"curies":[{"name":"wp","href":"https:\/\/api.w.org\/{rel}","templated":true}]}}