{"id":2310,"date":"2025-02-14T11:04:43","date_gmt":"2025-02-14T10:04:43","guid":{"rendered":"https:\/\/www.criadores.es\/producto\/criadores-nucleo-de-corno-de-bufalo-para-caes\/"},"modified":"2025-06-11T11:32:48","modified_gmt":"2025-06-11T09:32:48","slug":"criadores-nucleo-de-corno-de-bufalo-para-caes","status":"publish","type":"product","link":"https:\/\/www.criadores.es\/pt-pt\/producto\/criadores-nucleo-de-corno-de-bufalo-para-caes\/","title":{"rendered":"Criadores N\u00facleo de Corno de B\u00fafalo para c\u00e3es"},"content":{"rendered":"<h2>Snack natural para c\u00e3es Criadores n\u00facleo de corno de b\u00fafalo<\/h2>\n<p>O n\u00facleo de corno Criadores \u00e9 um alimento complement\u00e1rio para c\u00e3es que<strong> cuida da sa\u00fade dental<\/strong>. Um snack totalmente natural que oferece um grande entretenimento, ao mesmo tempo em que<strong> satisfaz o desejo de morder e mastigar<\/strong>, reduzindo assim a ansiedade. \u00a0Ao mesmo tempo em que proporciona momentos relaxantes, contribui para manter uma boca saud\u00e1vel e dentes fortes.<\/p>\n<p>Este snack dental para c\u00e3es tem uma<strong> textura suave e segura<\/strong> para n\u00e3o magoar as gengivas. \u00c9 r\u00edgido para uma<strong> longa durabilidade<\/strong> e para despertar no c\u00e3o um maior interesse. \u00a0Tem uma alta percentagem de prote\u00ednas e um<strong> reduzido conte\u00fado em gorduras<\/strong>, por tanto \u00e9 ideal como suplemento na dieta do c\u00e3o, sem importar a sua ra\u00e7a e a sua idade. \u00a0Contudo, pelo seu tamanho, est\u00e1 especialmente recomendado para c\u00e3es de tamanho m\u00e9dio e grande, a partir dos 10 kg de peso.<\/p>\n<p>\u00c9 um pr\u00e9mio ideal para os c\u00e3es mais mordedores e tamb\u00e9m para os c\u00e3es sens\u00edveis ou com alergias. \u00a0Com ele poder\u00e1 oferecer um produto adequado para mastigar e evitar\u00e1 que mordam e rompam outros objetos da casa. \u00a0A sua textura especial ajudar\u00e1 a<strong> reduzir o t\u00e1rtaro mediante o atrito<\/strong> e a prevenir a placa, agindo como se fosse uma escova de dentes enquanto o mordem.<\/p>\n<p><strong><em>Ofere\u00e7a um passatempo divertido e duradouro ao seu c\u00e3o, ao mesmo tempo em que cuida dos seus dentes com o n\u00facleo de corno Criadores.<\/em><\/strong><\/p>\n<p><em>A partir da data em que os receba \u00e9 garantido um prazo de 3 meses antes do vencimento da data de validade, ou de 1 m\u00eas no caso dos produtos l\u00b4cteos e a ra\u00e7\u00e3o ecol\u00f3gica.<\/em><\/p>\n","protected":false},"excerpt":{"rendered":"<p>N\u00facleo de chifre de b\u00fafalo para c\u00e3es \u00e9 um snack totalmente natural, sem gl\u00faten ou corantes artificiais, \u00e9 ideal para fortalecer o mordente, tamb\u00e9m ajuda a manter os dentes e gengivas limpos e prevenir a doen\u00e7a periodontal.<\/p>\n","protected":false},"featured_media":2030,"comment_status":"open","ping_status":"closed","template":"","meta":{"_acf_changed":false},"product_brand":[],"product_cat":[92,98,101],"product_tag":[],"class_list":{"0":"post-2310","1":"product","2":"type-product","3":"status-publish","4":"has-post-thumbnail","6":"product_cat-cao","7":"product_cat-original-pt-pt","8":"product_cat-snacks-pt-pt","10":"first","11":"instock","12":"shipping-taxable","13":"product-type-simple"},"acf":[],"_links":{"self":[{"href":"https:\/\/www.criadores.es\/pt-pt\/wp-json\/wp\/v2\/product\/2310","targetHints":{"allow":["GET"]}}],"collection":[{"href":"https:\/\/www.criadores.es\/pt-pt\/wp-json\/wp\/v2\/product"}],"about":[{"href":"https:\/\/www.criadores.es\/pt-pt\/wp-json\/wp\/v2\/types\/product"}],"replies":[{"embeddable":true,"href":"https:\/\/www.criadores.es\/pt-pt\/wp-json\/wp\/v2\/comments?post=2310"}],"wp:featuredmedia":[{"embeddable":true,"href":"https:\/\/www.criadores.es\/pt-pt\/wp-json\/wp\/v2\/media\/2030"}],"wp:attachment":[{"href":"https:\/\/www.criadores.es\/pt-pt\/wp-json\/wp\/v2\/media?parent=2310"}],"wp:term":[{"taxonomy":"product_brand","embeddable":true,"href":"https:\/\/www.criadores.es\/pt-pt\/wp-json\/wp\/v2\/product_brand?post=2310"},{"taxonomy":"product_cat","embeddable":true,"href":"https:\/\/www.criadores.es\/pt-pt\/wp-json\/wp\/v2\/product_cat?post=2310"},{"taxonomy":"product_tag","embeddable":true,"href":"https:\/\/www.criadores.es\/pt-pt\/wp-json\/wp\/v2\/product_tag?post=2310"}],"curies":[{"name":"wp","href":"https:\/\/api.w.org\/{rel}","templated":true}]}}