{"id":2313,"date":"2025-02-10T12:48:06","date_gmt":"2025-02-10T11:48:06","guid":{"rendered":"https:\/\/www.criadores.es\/producto\/criadores-haste-de-cervo-para-caes-snack-natural\/"},"modified":"2025-02-10T12:48:06","modified_gmt":"2025-02-10T11:48:06","slug":"criadores-haste-de-cervo-para-caes-snack-natural","status":"publish","type":"product","link":"https:\/\/www.criadores.es\/pt-pt\/producto\/criadores-haste-de-cervo-para-caes-snack-natural\/","title":{"rendered":"Criadores haste de cervo para c\u00e3es snack natural"},"content":{"rendered":"<h2>Snack natural para c\u00e3es de chifre de cervo<\/h2>\n<p>O chifre de cervo Criadores para c\u00e3es \u00e9 um alimento complement\u00e1rio 100% natural que <strong>ajuda a combater o t\u00e1rtaro e a placa<\/strong>. Um passatempo para os c\u00e3es com o que poder\u00e3o satisfazer a sua necessidade de morder a acalmar a ansiedade. \u00a0\u00c9 um<strong> snack hipoalerg\u00e9nico <\/strong>sem nenhum tipo de aditivo artificial e com um conte\u00fado cal\u00f3rico inexistente.<\/p>\n<p>Os snacks de chifre de cervo<strong> prov\u00eam da <strong>muda <\/strong><\/strong><strong>na primavera. <\/strong>\u00a0Os animais n\u00e3o sofrem nenhum tipo de dano, j\u00e1 que os chifres<strong> s\u00e3o recolhidos diretamente na floresta<\/strong> quando caem de forma natural. \u00a0Uma vez recolhidos, limpam-se com \u00e1gua, cortam-se na medida adequada e s\u00e3o lixados para que n\u00e3o arranhem. \u00a0N\u00e3o se utiliza nenhum tipo de qu\u00edmico em todo o processo. \u00a0Ao mastig\u00e1-los, os chifres se desfazem em pequenos gr\u00e3os criando uma esp\u00e9cie de areia que, ao ro\u00e7ar com os dentes, proporciona um<strong> efeito de escovado<\/strong> que elimina o t\u00e1rtaro acumulado.<\/p>\n<p>Um<strong> snack sem cereais nem gl\u00faten<\/strong> adequado para todos os c\u00e3es, sem perigo de sofrer alergias. \u00a0Tem uma textura dura, com aroma a osso e uma forma irregular, que varia segundo o desenvolvimento natural de cada corno. \u00a0Ao contr\u00e1rio do que acontece com outro tipo de ossos dentais, solta menos lascas e as que solta, amolecem para n\u00e3o serem perigosas. \u00a0Os chifres t\u00eam uma<strong> alta percentagem de prote\u00ednas e pouqu\u00edssimas calorias<\/strong>, por tanto s\u00e3o ideais na dieta do c\u00e3o.<\/p>\n<p>O<strong> chifre de cervo <strong>Criadores <\/strong><\/strong>ajuda a reduzir as condutas destrutivas nos c\u00e3es com muita energia, <strong>acalma a ansiedade<\/strong> e evita que mordam outros objetos. \u00a0Ao mesmo tempo melhora o seu bem-estar mental, fortalece os dentes e a mand\u00edbula. Pode escolher entre m\u00e9dio chifre de cervo ou um chifre inteiro, ou tamb\u00e9m o de veado.<\/p>\n<p><strong><em>Deixe que o seu c\u00e3o desfrute a fazer o que ele mais gosta, sem voc\u00ea ficar preocupado, com o chifre de cervo Criadores. <\/em><\/strong><\/p>\n<p><em>A partir da data em que os receba \u00e9 garantido um prazo de 3 meses antes do vencimento da data de validade, ou de 1 m\u00eas no caso dos produtos l\u00b4cteos e a ra\u00e7\u00e3o ecol\u00f3gica.<\/em><\/p>\n","protected":false},"excerpt":{"rendered":"<p>Chifre de veado para c\u00e3es, totalmente natural, derivado da muda, \u00e9 um lanche rico em prote\u00ednas e minerais, que ajuda a mant\u00ea-lo entretido e limpa os dentes e gengivas.<\/p>\n","protected":false},"featured_media":1558,"comment_status":"open","ping_status":"closed","template":"","meta":{"_acf_changed":false},"product_brand":[],"product_cat":[92,98,101],"product_tag":[],"class_list":{"0":"post-2313","1":"product","2":"type-product","3":"status-publish","4":"has-post-thumbnail","6":"product_cat-cao","7":"product_cat-original-pt-pt","8":"product_cat-snacks-pt-pt","10":"first","11":"instock","12":"shipping-taxable","13":"product-type-simple"},"acf":[],"_links":{"self":[{"href":"https:\/\/www.criadores.es\/pt-pt\/wp-json\/wp\/v2\/product\/2313","targetHints":{"allow":["GET"]}}],"collection":[{"href":"https:\/\/www.criadores.es\/pt-pt\/wp-json\/wp\/v2\/product"}],"about":[{"href":"https:\/\/www.criadores.es\/pt-pt\/wp-json\/wp\/v2\/types\/product"}],"replies":[{"embeddable":true,"href":"https:\/\/www.criadores.es\/pt-pt\/wp-json\/wp\/v2\/comments?post=2313"}],"wp:featuredmedia":[{"embeddable":true,"href":"https:\/\/www.criadores.es\/pt-pt\/wp-json\/wp\/v2\/media\/1558"}],"wp:attachment":[{"href":"https:\/\/www.criadores.es\/pt-pt\/wp-json\/wp\/v2\/media?parent=2313"}],"wp:term":[{"taxonomy":"product_brand","embeddable":true,"href":"https:\/\/www.criadores.es\/pt-pt\/wp-json\/wp\/v2\/product_brand?post=2313"},{"taxonomy":"product_cat","embeddable":true,"href":"https:\/\/www.criadores.es\/pt-pt\/wp-json\/wp\/v2\/product_cat?post=2313"},{"taxonomy":"product_tag","embeddable":true,"href":"https:\/\/www.criadores.es\/pt-pt\/wp-json\/wp\/v2\/product_tag?post=2313"}],"curies":[{"name":"wp","href":"https:\/\/api.w.org\/{rel}","templated":true}]}}