{"id":2316,"date":"2025-02-13T11:27:19","date_gmt":"2025-02-13T10:27:19","guid":{"rendered":"https:\/\/www.criadores.es\/producto\/criadores-candy-maxy-fingers-guloseimas-para-caes\/"},"modified":"2025-06-12T12:25:56","modified_gmt":"2025-06-12T10:25:56","slug":"criadores-candy-maxy-fingers-guloseimas-para-caes","status":"publish","type":"product","link":"https:\/\/www.criadores.es\/pt-pt\/producto\/criadores-candy-maxy-fingers-guloseimas-para-caes\/","title":{"rendered":"Criadores Candy Maxy Fingers guloseimas para c\u00e3es"},"content":{"rendered":"<h2>Alm\u00f4ndegas de carne em molho para c\u00e3es Criadores<\/h2>\n<p>As alm\u00f4ndegas de frango, br\u00f3colos e curcuma Criadores s\u00e3o um alimento h\u00famido completo para c\u00e3es adultos com um sabor irresist\u00edvel. Um novo formato para que o seu c\u00e3o desfrute de um prato diferente: <strong>aut\u00eanticas alm\u00f4ndegas de carne<\/strong> em molho. A sua f\u00f3rmula proporciona uma<strong> nutri\u00e7\u00e3o completa e equilibrada<\/strong> para que o seu peludo desfrute de uma sa\u00fade \u00f3tima.<\/p>\n<p>Esta comida h\u00famida est\u00e1 elaborada com <strong>80% de carne de frango<\/strong> acompanhada de br\u00f3colos e prote\u00edna de ervilhas. Prepara-se com<strong> azeite extra virgem e curcuma<\/strong>. A curcuma \u00e9 uma planta de origem indiana utilizada comumente como condimento nas comidas. Tem in\u00fameras propriedades ben\u00e9ficas: \u00e9 rica em fibra, vitaminas e minerais e tem efeito anti-inflamat\u00f3rio, analg\u00e9sico e antioxidante; tamb\u00e9m ajuda a prevenir a diabetes, melhora as digest\u00f5es e oferece apoio imunit\u00e1rio.<\/p>\n<p>As alm\u00f4ndegas Criadores podem ser oferecidas inteiras ou partidas. T\u00eam um<strong> delicioso sabor<\/strong>, a sua textura \u00e9 irresist\u00edvel, sem falar no aroma a carne. A receita promove uma <strong>boa sa\u00fade digestiva<\/strong>. Al\u00e9m do mais,<strong> n\u00e3o cont\u00eam cereais<\/strong> nem gl\u00faten, por tanto s\u00e3o adequadas para c\u00e3es com intoler\u00e2ncia ou alergia ao gr\u00e3o. Tampouco utilizam conservantes nem aromatizantes artificiais.<\/p>\n<p>Experimente as diferentes <strong>alm\u00f4ndegas para c\u00e3es de<\/strong> <strong>Criadores<\/strong>: frango com br\u00f3colos, cordeiro com ab\u00f3bora, peru com cenoura e vitela com pimentos; todas enriquecidas com curcuma. O seu c\u00e3o n\u00e3o ser\u00e1 capaz de escolher a sua favorita!<\/p>\n<p><strong><em>As alm\u00f4ndegas de frango, br\u00f3colos e curcuma Criadores ser\u00e3o a comida favorita do seu c\u00e3o. <\/em><\/strong><\/p>\n<p><em>A partir da data em que os receba \u00e9 garantido um prazo de 3 meses antes do vencimento da data de validade, ou de 1 m\u00eas no caso dos produtos l\u00b4cteos e a ra\u00e7\u00e3o ecol\u00f3gica.<\/em><\/p>\n","protected":false},"excerpt":{"rendered":"<p>As alm\u00f4ndegas de frango, br\u00f3colos e curcuma Criadores s\u00e3o um alimento h\u00famido completo para c\u00e3es adultos com um sabor irresist\u00edvel. Um novo formato para que o &#8230;<\/p>\n","protected":false},"featured_media":1855,"comment_status":"open","ping_status":"closed","template":"","meta":{"_acf_changed":false},"product_brand":[],"product_cat":[92,94,98],"product_tag":[],"class_list":{"0":"post-2316","1":"product","2":"type-product","3":"status-publish","4":"has-post-thumbnail","6":"product_cat-cao","7":"product_cat-comida-humida","8":"product_cat-original-pt-pt","10":"first","11":"instock","12":"shipping-taxable","13":"product-type-simple"},"acf":[],"_links":{"self":[{"href":"https:\/\/www.criadores.es\/pt-pt\/wp-json\/wp\/v2\/product\/2316","targetHints":{"allow":["GET"]}}],"collection":[{"href":"https:\/\/www.criadores.es\/pt-pt\/wp-json\/wp\/v2\/product"}],"about":[{"href":"https:\/\/www.criadores.es\/pt-pt\/wp-json\/wp\/v2\/types\/product"}],"replies":[{"embeddable":true,"href":"https:\/\/www.criadores.es\/pt-pt\/wp-json\/wp\/v2\/comments?post=2316"}],"wp:featuredmedia":[{"embeddable":true,"href":"https:\/\/www.criadores.es\/pt-pt\/wp-json\/wp\/v2\/media\/1855"}],"wp:attachment":[{"href":"https:\/\/www.criadores.es\/pt-pt\/wp-json\/wp\/v2\/media?parent=2316"}],"wp:term":[{"taxonomy":"product_brand","embeddable":true,"href":"https:\/\/www.criadores.es\/pt-pt\/wp-json\/wp\/v2\/product_brand?post=2316"},{"taxonomy":"product_cat","embeddable":true,"href":"https:\/\/www.criadores.es\/pt-pt\/wp-json\/wp\/v2\/product_cat?post=2316"},{"taxonomy":"product_tag","embeddable":true,"href":"https:\/\/www.criadores.es\/pt-pt\/wp-json\/wp\/v2\/product_tag?post=2316"}],"curies":[{"name":"wp","href":"https:\/\/api.w.org\/{rel}","templated":true}]}}