{"id":2318,"date":"2025-02-14T12:27:04","date_gmt":"2025-02-14T11:27:04","guid":{"rendered":"https:\/\/www.criadores.es\/producto\/criadores-aperitivos-candy-ball-para-caes\/"},"modified":"2025-06-11T13:47:12","modified_gmt":"2025-06-11T11:47:12","slug":"criadores-aperitivos-candy-ball-para-caes","status":"publish","type":"product","link":"https:\/\/www.criadores.es\/pt-pt\/producto\/criadores-aperitivos-candy-ball-para-caes\/","title":{"rendered":"Criadores Aperitivos Candy Ball para c\u00e3es"},"content":{"rendered":"<h2>Snack dental Criadores Candy com formato de bola<\/h2>\n<p>A bola Criadores Candy Ball tem tudo para ser a recompensa favorita do seu c\u00e3o. Um snack 2 em 1 que tamb\u00e9m poder\u00e1 utilizar como brinquedo para passar horas entretido e poder mastigar quando quiser. Trata-se de uma estupenda <strong>alternativa aos ossos de pele prensada<\/strong>, pois a sua apar\u00eancia \u00e9 similar, mas est\u00e3o feitos com farinha de batata doce e ervilha; sem d\u00favida alguma, uma guloseima muito saud\u00e1vel!<\/p>\n<p>Este snack de Criadores Candy est\u00e1 desenhado com<strong> forma de bola entrela\u00e7ada<\/strong> para satisfazer os c\u00e3es que adoram as bolas. Poder\u00e1 brincar de arremessar para que se divirta ao busc\u00e1-la e logo desfrutar ao mord\u00ea-la e com\u00ea-la. Al\u00e9m da base de farinha, incorpora frango, queijo e \u00f3leo de menta: por um lado, para fazer com que seja muito mais<strong> saborosa e apetec\u00edvel<\/strong>; por outro lado, para deixar uma sensa\u00e7\u00e3o refrescante na boca do seu c\u00e3o e reduzir o mau h\u00e1lito.<\/p>\n<p>A bola Criadores Candy Ball<strong> cuida da sa\u00fade dental dos c\u00e3es<\/strong>. Tem uma<strong> textura dura e mastig\u00e1vel<\/strong> que ajuda a limpar os dentes arrastando o t\u00e1rtaro e prevenindo o ac\u00famulo da placa. Al\u00e9m disso, fortalece as gengivas e os m\u00fasculos da mand\u00edbula. A mastiga\u00e7\u00e3o reduz o t\u00e9dio e a ansiedade.<\/p>\n<p>Experimente os diferentes snacks da gama Criadores Candy: regaliz, crocodilos, tran\u00e7as, sticks, rebu\u00e7ados&#8230; in\u00fameras formas e cores para que o seu c\u00e3o nunca fique entediado.<\/p>\n<p><strong><em>A bola Criadores Candy Ball oferece ao seu c\u00e3o um pr\u00e9mio divertido e duradouro com o que poder\u00e1 brincar e satisfazer a sua necessidade de mastigar.<\/em><\/strong><\/p>\n<p><em>A partir da data em que os receba \u00e9 garantido um prazo de 3 meses antes do vencimento da data de validade, ou de 1 m\u00eas no caso dos produtos l\u00b4cteos e a ra\u00e7\u00e3o ecol\u00f3gica.<\/em><\/p>\n","protected":false},"excerpt":{"rendered":"<p>Lanches em forma de bola para c\u00e3es de todas as idades, feitos com ingredientes naturais, s\u00e3o ideais para limpar os dentes e gengivas, bem como para manter o seu animal de estima\u00e7\u00e3o divertido.<\/p>\n","protected":false},"featured_media":2049,"comment_status":"open","ping_status":"closed","template":"","meta":{"_acf_changed":false},"product_brand":[],"product_cat":[92,98,101],"product_tag":[],"class_list":{"0":"post-2318","1":"product","2":"type-product","3":"status-publish","4":"has-post-thumbnail","6":"product_cat-cao","7":"product_cat-original-pt-pt","8":"product_cat-snacks-pt-pt","10":"first","11":"instock","12":"shipping-taxable","13":"product-type-simple"},"acf":[],"_links":{"self":[{"href":"https:\/\/www.criadores.es\/pt-pt\/wp-json\/wp\/v2\/product\/2318","targetHints":{"allow":["GET"]}}],"collection":[{"href":"https:\/\/www.criadores.es\/pt-pt\/wp-json\/wp\/v2\/product"}],"about":[{"href":"https:\/\/www.criadores.es\/pt-pt\/wp-json\/wp\/v2\/types\/product"}],"replies":[{"embeddable":true,"href":"https:\/\/www.criadores.es\/pt-pt\/wp-json\/wp\/v2\/comments?post=2318"}],"wp:featuredmedia":[{"embeddable":true,"href":"https:\/\/www.criadores.es\/pt-pt\/wp-json\/wp\/v2\/media\/2049"}],"wp:attachment":[{"href":"https:\/\/www.criadores.es\/pt-pt\/wp-json\/wp\/v2\/media?parent=2318"}],"wp:term":[{"taxonomy":"product_brand","embeddable":true,"href":"https:\/\/www.criadores.es\/pt-pt\/wp-json\/wp\/v2\/product_brand?post=2318"},{"taxonomy":"product_cat","embeddable":true,"href":"https:\/\/www.criadores.es\/pt-pt\/wp-json\/wp\/v2\/product_cat?post=2318"},{"taxonomy":"product_tag","embeddable":true,"href":"https:\/\/www.criadores.es\/pt-pt\/wp-json\/wp\/v2\/product_tag?post=2318"}],"curies":[{"name":"wp","href":"https:\/\/api.w.org\/{rel}","templated":true}]}}