{"id":2319,"date":"2025-02-12T16:49:48","date_gmt":"2025-02-12T15:49:48","guid":{"rendered":"https:\/\/www.criadores.es\/producto\/criadores-candy-shark-guloseimas-para-caes-patinhas\/"},"modified":"2025-06-12T13:03:59","modified_gmt":"2025-06-12T11:03:59","slug":"criadores-candy-shark-guloseimas-para-caes-patinhas","status":"publish","type":"product","link":"https:\/\/www.criadores.es\/pt-pt\/producto\/criadores-candy-shark-guloseimas-para-caes-patinhas\/","title":{"rendered":"Criadores Candy Shark guloseimas para c\u00e3es patinhas"},"content":{"rendered":"<h2>Snack dental para c\u00e3es Criadores Candy patas de frango<\/h2>\n<p>As patas Criadores Candy Shark s\u00e3o um alimento complement\u00e1rio para c\u00e3es ideal para utilizar como recompensa. Um <strong>snack delicioso, saud\u00e1vel e diferente<\/strong> que surpreender\u00e1 o seu c\u00e3o. \u00c9 uma fant\u00e1stica <strong>alternativa aos cl\u00e1ssicos ossos de couro<\/strong> prensado que ajuda a manter a sa\u00fade dental dos c\u00e3es.<\/p>\n<p>Candy Shark s\u00e3o divertidas patas de frango elaboradas com<strong> farinha de batata doce e de ervilha<\/strong>, frango levedura de cerveja, queijo e \u00f3leo de menta. \u00c9 um <strong>snack baixo em gorduras <\/strong>que aporta um extra de energia e de vitaminas. Tem um sabor apetec\u00edvel para os c\u00e3es e uma consist\u00eancia mastig\u00e1veis irresist\u00edvel. Al\u00e9m do mais, o \u00f3leo de menta deixa um h\u00e1lito fresco na boca. A sua forma com relevo <strong>ajuda a limpar os dentes e a reduzir o t\u00e1rtaro<\/strong> para manter umas gengivas saud\u00e1veis e prevenir o surgimento da placa.<\/p>\n<p>Conhe\u00e7a os demais snacks da linha Criadores Candy em Tiendanimal: regaliz, rebu\u00e7ados, palitos, bolas, tran\u00e7as, crocodilos&#8230; Surpreenda ao seu c\u00e3o com uma variedade diferente cada dia.<\/p>\n<p><strong><em>As patas Criadores Candy Shark t\u00eam uma textura e uma consist\u00eancia especial que limpa os dentes dos c\u00e3es para reduzir o t\u00e1rtaro e manter a sua boca saud\u00e1vel, ao mesmo tempo em que proporcionam um grande entretenimento.<\/em><\/strong><\/p>\n<p><em>A partir da data em que os receba \u00e9 garantido um prazo de 3 meses antes do vencimento da data de validade, ou de 1 m\u00eas no caso dos produtos l\u00b4cteos e a ra\u00e7\u00e3o ecol\u00f3gica.<\/em><\/p>\n","protected":false},"excerpt":{"rendered":"<p>Lanches para c\u00e3es de todas as idades, t\u00eam forma de patas de frango e a sua textura \u00e9 \u00e1spera, ideal para limpar os dentes e gengivas, divertem o cachorro e s\u00e3o fabricados com ingredientes naturais.<\/p>\n","protected":false},"featured_media":1775,"comment_status":"open","ping_status":"closed","template":"","meta":{"_acf_changed":false},"product_brand":[],"product_cat":[92,98,101],"product_tag":[],"class_list":{"0":"post-2319","1":"product","2":"type-product","3":"status-publish","4":"has-post-thumbnail","6":"product_cat-cao","7":"product_cat-original-pt-pt","8":"product_cat-snacks-pt-pt","10":"first","11":"instock","12":"shipping-taxable","13":"product-type-simple"},"acf":[],"_links":{"self":[{"href":"https:\/\/www.criadores.es\/pt-pt\/wp-json\/wp\/v2\/product\/2319","targetHints":{"allow":["GET"]}}],"collection":[{"href":"https:\/\/www.criadores.es\/pt-pt\/wp-json\/wp\/v2\/product"}],"about":[{"href":"https:\/\/www.criadores.es\/pt-pt\/wp-json\/wp\/v2\/types\/product"}],"replies":[{"embeddable":true,"href":"https:\/\/www.criadores.es\/pt-pt\/wp-json\/wp\/v2\/comments?post=2319"}],"wp:featuredmedia":[{"embeddable":true,"href":"https:\/\/www.criadores.es\/pt-pt\/wp-json\/wp\/v2\/media\/1775"}],"wp:attachment":[{"href":"https:\/\/www.criadores.es\/pt-pt\/wp-json\/wp\/v2\/media?parent=2319"}],"wp:term":[{"taxonomy":"product_brand","embeddable":true,"href":"https:\/\/www.criadores.es\/pt-pt\/wp-json\/wp\/v2\/product_brand?post=2319"},{"taxonomy":"product_cat","embeddable":true,"href":"https:\/\/www.criadores.es\/pt-pt\/wp-json\/wp\/v2\/product_cat?post=2319"},{"taxonomy":"product_tag","embeddable":true,"href":"https:\/\/www.criadores.es\/pt-pt\/wp-json\/wp\/v2\/product_tag?post=2319"}],"curies":[{"name":"wp","href":"https:\/\/api.w.org\/{rel}","templated":true}]}}