{"id":2320,"date":"2025-02-12T13:22:25","date_gmt":"2025-02-12T12:22:25","guid":{"rendered":"https:\/\/www.criadores.es\/producto\/criadores-candy-maxy-fingers-snacks-para-caes\/"},"modified":"2025-06-11T16:34:33","modified_gmt":"2025-06-11T14:34:33","slug":"criadores-candy-maxy-fingers-snacks-para-caes","status":"publish","type":"product","link":"https:\/\/www.criadores.es\/pt-pt\/producto\/criadores-candy-maxy-fingers-snacks-para-caes\/","title":{"rendered":"Criadores Candy Maxy Fingers snacks para c\u00e3es"},"content":{"rendered":"<h2>Snack dental Criadores Candy Maxy\u00a0Fingers<\/h2>\n<p>As gomas Criadores Candy Maxy\u00a0Fingers ser\u00e3o o pr\u00e9mio favorito do seu c\u00e3o. A sua<strong> forma alongada e a sua textura mastig\u00e1vel<\/strong> s\u00e3o irresist\u00edveis para os c\u00e3es. Al\u00e9m do mais, combinam cores chamativas para captar toda a sua aten\u00e7\u00e3o tamb\u00e9m visualmente. S\u00e3o snacks ideais para cuidar dos dentes, pois a sua mastiga\u00e7\u00e3o previne e reduz o t\u00e1rtaro, ajudando a manter a <strong>sa\u00fade dental<\/strong>.<\/p>\n<p>Estes palitos mastig\u00e1veis est\u00e3o <strong>feitos com farinha de batata doce e de ervilha<\/strong>; s\u00e3o um alimento complement\u00e1rio delicioso e saud\u00e1vel que poder\u00e1 oferecer cada dia. Tamb\u00e9m cont\u00eam levedura de cerveja, rica em prote\u00ednas, vitaminas do grupo B e minerais como o zinco e o magn\u00e9sio;<strong> frango e queijo<\/strong> para fazer com que seja mais saboroso; e \u00f3leo de menta para refrescar o h\u00e1lito.<\/p>\n<p>Experimente as diferentes guloseimas para c\u00e3es da linha Criadores Candy: regaliz, rebu\u00e7ados, tran\u00e7as, bolas, crocodilos&#8230; Elaborados com farinha de batata doce e de ervilhas para oferecer uma consist\u00eancia \u00fanica.<\/p>\n<p><strong><em>O seu c\u00e3o vai adorar apanhar e mordiscar o seu snack Criadores Candy Maxy Fingers, ser\u00e1 o momento favorito do dia.<\/em><\/strong><br \/>\n<em>A partir da data em que os receba \u00e9 garantido um prazo de 3 meses antes do vencimento da data de validade, ou de 1 m\u00eas no caso dos produtos l\u00b4cteos e a ra\u00e7\u00e3o ecol\u00f3gica.<\/em><\/p>\n","protected":false},"excerpt":{"rendered":"<p>Palitos mastic\u00e1veis para c\u00e3es, preparados com farinha de batata, ervilhas, frango e queijo, t\u00eam textura atraente, mant\u00eam o c\u00e3o entretido e ajudam na limpeza dos dentes e gengivas.<\/p>\n","protected":false},"featured_media":1739,"comment_status":"open","ping_status":"closed","template":"","meta":{"_acf_changed":false},"product_brand":[],"product_cat":[92,98,101],"product_tag":[],"class_list":{"0":"post-2320","1":"product","2":"type-product","3":"status-publish","4":"has-post-thumbnail","6":"product_cat-cao","7":"product_cat-original-pt-pt","8":"product_cat-snacks-pt-pt","10":"first","11":"instock","12":"shipping-taxable","13":"product-type-simple"},"acf":[],"_links":{"self":[{"href":"https:\/\/www.criadores.es\/pt-pt\/wp-json\/wp\/v2\/product\/2320","targetHints":{"allow":["GET"]}}],"collection":[{"href":"https:\/\/www.criadores.es\/pt-pt\/wp-json\/wp\/v2\/product"}],"about":[{"href":"https:\/\/www.criadores.es\/pt-pt\/wp-json\/wp\/v2\/types\/product"}],"replies":[{"embeddable":true,"href":"https:\/\/www.criadores.es\/pt-pt\/wp-json\/wp\/v2\/comments?post=2320"}],"wp:featuredmedia":[{"embeddable":true,"href":"https:\/\/www.criadores.es\/pt-pt\/wp-json\/wp\/v2\/media\/1739"}],"wp:attachment":[{"href":"https:\/\/www.criadores.es\/pt-pt\/wp-json\/wp\/v2\/media?parent=2320"}],"wp:term":[{"taxonomy":"product_brand","embeddable":true,"href":"https:\/\/www.criadores.es\/pt-pt\/wp-json\/wp\/v2\/product_brand?post=2320"},{"taxonomy":"product_cat","embeddable":true,"href":"https:\/\/www.criadores.es\/pt-pt\/wp-json\/wp\/v2\/product_cat?post=2320"},{"taxonomy":"product_tag","embeddable":true,"href":"https:\/\/www.criadores.es\/pt-pt\/wp-json\/wp\/v2\/product_tag?post=2320"}],"curies":[{"name":"wp","href":"https:\/\/api.w.org\/{rel}","templated":true}]}}