{"id":2325,"date":"2025-02-12T16:31:48","date_gmt":"2025-02-12T15:31:48","guid":{"rendered":"https:\/\/www.criadores.es\/producto\/criadores-candy-mini-bones-ossos-para-caes-com-nos\/"},"modified":"2025-06-12T13:06:31","modified_gmt":"2025-06-12T11:06:31","slug":"criadores-candy-mini-bones-ossos-para-caes-com-nos","status":"publish","type":"product","link":"https:\/\/www.criadores.es\/pt-pt\/producto\/criadores-candy-mini-bones-ossos-para-caes-com-nos\/","title":{"rendered":"Criadores Candy Mini Bones ossos para c\u00e3es com n\u00f3s"},"content":{"rendered":"<h2>Snack dental Criadores Candy Mini\u00a0Osso com n\u00f3s para c\u00e3es<\/h2>\n<p>Se o seu c\u00e3o adora os ossos com n\u00f3s de pele, agora poder\u00e1 surpreend\u00ea-lo com um snack de apar\u00eancia similar, mas muito diferente. Os ossos Criadores Candy Mini\u00a0Bones n\u00e3o est\u00e3o feitos de couro prensado, e sim com <strong>farinha de batata doce e de ervilhas<\/strong>. Uma nova experi\u00eancia para o seu peludo que vai adorar. Al\u00e9m do mais, tamb\u00e9m <strong>cont\u00eam frango e queijo<\/strong> para faz\u00ea-los ainda mais irresist\u00edveis.<\/p>\n<p>Os ossos com n\u00f3s Criadores Candy Bones s\u00e3o ideais para o<strong> treinamento e o cuidado dental<\/strong> dos c\u00e3es. \u00c9 um<strong> snack duradouro<\/strong> que proporciona longos momentos de divers\u00e3o ao mastigar e reduzir a sua ansiedade. A sua textura e a sua consist\u00eancia dura ajuda a limpar os dentes, reduzindo o t\u00e1rtaro, prevenindo a placa e mantendo umas gengivas saud\u00e1veis. Al\u00e9m do mais, o \u00f3leo de menta deixa um<strong> h\u00e1lito fresco<\/strong>. \u00c9 um alimento complement\u00e1rio saud\u00e1vel e baixo em gorduras com o que poder\u00e1 premiar o seu c\u00e3o cada dia.<\/p>\n<p>Conhe\u00e7a o resto de <strong>snacks Criadores Candy<\/strong>: rebu\u00e7ados, tran\u00e7as, sticks, regaliz, crocodilos&#8230; O seu c\u00e3o vai adorar poder desfrutar de uma variedade diferente cada dia.<\/p>\n<p><strong><em>Os ossos com n\u00f3s Criadores Candy Mini Bones oferecem um entretenimento ao seu c\u00e3o ao mesmo tempo em que limpam os seus dentes.<\/em><\/strong><br \/>\n<em>A partir da data em que os receba \u00e9 garantido um prazo de 3 meses antes do vencimento da data de validade, ou de 1 m\u00eas no caso dos produtos l\u00b4cteos e a ra\u00e7\u00e3o ecol\u00f3gica.<\/em><\/p>\n","protected":false},"excerpt":{"rendered":"<p>Ossos com n\u00f3s para c\u00e3es pequenos, feitos com ingredientes naturais, s\u00e3o consistentes firmes para estimular a mastiga\u00e7\u00e3o e limpar os dentes e gengivas, de longa dura\u00e7\u00e3o e f\u00e1ceis de digerir.<\/p>\n","protected":false},"featured_media":1767,"comment_status":"open","ping_status":"closed","template":"","meta":{"_acf_changed":false},"product_brand":[],"product_cat":[92,98,101],"product_tag":[],"class_list":{"0":"post-2325","1":"product","2":"type-product","3":"status-publish","4":"has-post-thumbnail","6":"product_cat-cao","7":"product_cat-original-pt-pt","8":"product_cat-snacks-pt-pt","10":"first","11":"instock","12":"shipping-taxable","13":"product-type-simple"},"acf":[],"_links":{"self":[{"href":"https:\/\/www.criadores.es\/pt-pt\/wp-json\/wp\/v2\/product\/2325","targetHints":{"allow":["GET"]}}],"collection":[{"href":"https:\/\/www.criadores.es\/pt-pt\/wp-json\/wp\/v2\/product"}],"about":[{"href":"https:\/\/www.criadores.es\/pt-pt\/wp-json\/wp\/v2\/types\/product"}],"replies":[{"embeddable":true,"href":"https:\/\/www.criadores.es\/pt-pt\/wp-json\/wp\/v2\/comments?post=2325"}],"wp:featuredmedia":[{"embeddable":true,"href":"https:\/\/www.criadores.es\/pt-pt\/wp-json\/wp\/v2\/media\/1767"}],"wp:attachment":[{"href":"https:\/\/www.criadores.es\/pt-pt\/wp-json\/wp\/v2\/media?parent=2325"}],"wp:term":[{"taxonomy":"product_brand","embeddable":true,"href":"https:\/\/www.criadores.es\/pt-pt\/wp-json\/wp\/v2\/product_brand?post=2325"},{"taxonomy":"product_cat","embeddable":true,"href":"https:\/\/www.criadores.es\/pt-pt\/wp-json\/wp\/v2\/product_cat?post=2325"},{"taxonomy":"product_tag","embeddable":true,"href":"https:\/\/www.criadores.es\/pt-pt\/wp-json\/wp\/v2\/product_tag?post=2325"}],"curies":[{"name":"wp","href":"https:\/\/api.w.org\/{rel}","templated":true}]}}