{"id":2327,"date":"2025-02-12T16:20:03","date_gmt":"2025-02-12T15:20:03","guid":{"rendered":"https:\/\/www.criadores.es\/producto\/criadores-candy-roll-guloseimas-para-caes-alcacuz\/"},"modified":"2025-06-12T13:07:12","modified_gmt":"2025-06-12T11:07:12","slug":"criadores-candy-roll-guloseimas-para-caes-alcacuz","status":"publish","type":"product","link":"https:\/\/www.criadores.es\/pt-pt\/producto\/criadores-candy-roll-guloseimas-para-caes-alcacuz\/","title":{"rendered":"Criadores Candy Mini Bones ossos para c\u00e3o snack"},"content":{"rendered":"<h2>Snack dental Criadores Candy Ossos Mini\u00a0para c\u00e3es<\/h2>\n<p>Os ossos Criadores Candy Mini\u00a0Bones s\u00e3o snacks dentais para c\u00e3es que proporcionam um <strong>passatempo saud\u00e1vel<\/strong>. A sua mastiga\u00e7\u00e3o<strong> ajuda a limpar os dentes<\/strong>, ao mesmo tempo em que fortalece as gengivas. Uma guloseima deliciosa e saud\u00e1vel com a que poder\u00e1 recompensar cada dia o seu c\u00e3o sem remordimentos. Al\u00e9m do mais, \u00e9 duradoura, por tanto estar\u00e3o um bom tempo entretidos a morder.<\/p>\n<p>Criadores oferece uma<strong> alternativa aos ossos de pele prensada<\/strong>; um snack diferente elaborado com<strong> farinha de batata doce e de ervilha<\/strong>, com frango e queijo para melhorar o seu sabor e faz\u00ea-lo mais apetec\u00edvel para o seu peludo. Sentir-se-\u00e1 o mais afortunado com o seu osso mastig\u00e1vel. Al\u00e9m do mais, parece uma verdadeira guloseima de chocolate com as suas cores em castanho e branco. Os ossos Candy Mini\u00a0Bones s\u00e3o um alimento complement\u00e1rio saud\u00e1vel, <strong>baixo em gordura<\/strong> e f\u00e1cil de digerir.<\/p>\n<p>Est\u00e3o dispon\u00edveis em tamanho Mini, para c\u00e3es pequenos, e em tamanho normal para c\u00e3es maiores. Al\u00e9m do mais, <strong>Criadores Candy<\/strong> tem uma ampla variedade de snacks com formato de guloseimas: tran\u00e7as, regaliz, bolas, rebu\u00e7ados, crocodilos&#8230; Ofere\u00e7a uma variedade diferente cada dia para surpreender o seu c\u00e3o e que desfrute a dobrar.<\/p>\n<p><strong><em>Os ossos Criadores Candy Mini Bones limpam os dentes dos c\u00e3es enquanto eles se divertem a morder.<\/em><\/strong><br \/>\n<em>A partir da data em que os receba \u00e9 garantido um prazo de 3 meses antes do vencimento da data de validade, ou de 1 m\u00eas no caso dos produtos l\u00e1cteos e da ra\u00e7\u00e3o ecol\u00f3gica.<\/em><\/p>\n","protected":false},"excerpt":{"rendered":"<p>Osso masc\u00e1vel para c\u00e3es de miniatura, com aroma de frango e feito com ingredientes naturais, permitem entreter a mascote e fortalecer a mordida, al\u00e9m de limpar os dentes e gengivas.<\/p>\n","protected":false},"featured_media":1758,"comment_status":"open","ping_status":"closed","template":"","meta":{"_acf_changed":false},"product_brand":[],"product_cat":[92,98,101],"product_tag":[],"class_list":{"0":"post-2327","1":"product","2":"type-product","3":"status-publish","4":"has-post-thumbnail","6":"product_cat-cao","7":"product_cat-original-pt-pt","8":"product_cat-snacks-pt-pt","10":"first","11":"instock","12":"shipping-taxable","13":"product-type-simple"},"acf":[],"_links":{"self":[{"href":"https:\/\/www.criadores.es\/pt-pt\/wp-json\/wp\/v2\/product\/2327","targetHints":{"allow":["GET"]}}],"collection":[{"href":"https:\/\/www.criadores.es\/pt-pt\/wp-json\/wp\/v2\/product"}],"about":[{"href":"https:\/\/www.criadores.es\/pt-pt\/wp-json\/wp\/v2\/types\/product"}],"replies":[{"embeddable":true,"href":"https:\/\/www.criadores.es\/pt-pt\/wp-json\/wp\/v2\/comments?post=2327"}],"wp:featuredmedia":[{"embeddable":true,"href":"https:\/\/www.criadores.es\/pt-pt\/wp-json\/wp\/v2\/media\/1758"}],"wp:attachment":[{"href":"https:\/\/www.criadores.es\/pt-pt\/wp-json\/wp\/v2\/media?parent=2327"}],"wp:term":[{"taxonomy":"product_brand","embeddable":true,"href":"https:\/\/www.criadores.es\/pt-pt\/wp-json\/wp\/v2\/product_brand?post=2327"},{"taxonomy":"product_cat","embeddable":true,"href":"https:\/\/www.criadores.es\/pt-pt\/wp-json\/wp\/v2\/product_cat?post=2327"},{"taxonomy":"product_tag","embeddable":true,"href":"https:\/\/www.criadores.es\/pt-pt\/wp-json\/wp\/v2\/product_tag?post=2327"}],"curies":[{"name":"wp","href":"https:\/\/api.w.org\/{rel}","templated":true}]}}