{"id":2328,"date":"2025-02-12T16:17:58","date_gmt":"2025-02-12T15:17:58","guid":{"rendered":"https:\/\/www.criadores.es\/producto\/criadores-candy-roll-guloseimas-para-caes-alcacuz-2\/"},"modified":"2025-06-12T13:07:49","modified_gmt":"2025-06-12T11:07:49","slug":"criadores-candy-roll-guloseimas-para-caes-alcacuz-2","status":"publish","type":"product","link":"https:\/\/www.criadores.es\/pt-pt\/producto\/criadores-candy-roll-guloseimas-para-caes-alcacuz-2\/","title":{"rendered":"Criadores Candy Roll guloseimas para c\u00e3es alca\u00e7uz"},"content":{"rendered":"<h2>Snack dental para c\u00e3es Criadores Candy Roll<\/h2>\n<p>O regaliz\u00a0Criadores Candy Roll s\u00e3o divertidos snacks para c\u00e3es que proporcionam um longo momento de entretenimento. \u00a0Um <strong>alimento complement\u00e1rio saud\u00e1vel<\/strong> e ben\u00e9fico para os seus dentes, j\u00e1 que ajuda a limp\u00e1-los e reduzir o t\u00e1rtaro. Uma<strong> alternativa estupenda aos ossos de couro<\/strong>.<\/p>\n<p>A base destes snacks \u00e9 a<strong> farinha de batata doce e de ervilhas<\/strong>. Tamb\u00e9m cont\u00eam frango, levedura de cerveja, queijo e \u00f3leo de menta. Uma f\u00f3rmula f\u00e1cil digerir que aporta nutrientes um extra de energia ao seu c\u00e3o. O frango melhora o seu sabor para incentivar a mordiscar e o \u00f3leo de menta<strong> refresca o h\u00e1lito<\/strong> para reduzir a halitose.<\/p>\n<p>Os snacks de Criadores Candy Roll t\u00eam uma divertida forma de guloseima em branco, vermelho e verde e uma<strong> consist\u00eancia mastig\u00e1vel duradoura<\/strong>. A sua textura e forma entrela\u00e7ada<strong> limpa os dentes <\/strong>e reduz e previne o t\u00e1rtaro, promovendo uma correta sa\u00fade dental e fortalecendo os dentes e as gengivas. Al\u00e9m do mais, \u00e9 um passatempo ideal para os c\u00e3es.<\/p>\n<p>D\u00ea uma olhadela em toda a gama de<strong> snacks Criadores Candy de Tiendanimal<\/strong>: tran\u00e7as, rebu\u00e7ados, regaliz, ossos, palitos, bolas, crocodilos&#8230; Deliciosas guloseimas para mimar o seu c\u00e3o.<\/p>\n<p><strong><em>Cuide dos dentes do seu c\u00e3o enquanto ele desfruta e se diverte com as regaliz Criadores Candy Roll.<\/em><\/strong><br \/>\n<em>A partir da data em que os receba \u00e9 garantido um prazo de 3 meses antes do vencimento da data de validade, ou de 1 m\u00eas no caso dos produtos l\u00b4cteos e a ra\u00e7\u00e3o ecol\u00f3gica.<\/em><\/p>\n","protected":false},"excerpt":{"rendered":"<p>Lanchinhos para c\u00e3es de todas as idades, s\u00e3o de forma de bala, preparados com ingredientes naturais, mant\u00eam o animal entretido enquanto ele os mastiga, limpam os dentes e gengiva, s\u00e3o de f\u00e1cil digest\u00e3o.<\/p>\n","protected":false},"featured_media":1752,"comment_status":"open","ping_status":"closed","template":"","meta":{"_acf_changed":false},"product_brand":[],"product_cat":[92,98,101],"product_tag":[],"class_list":{"0":"post-2328","1":"product","2":"type-product","3":"status-publish","4":"has-post-thumbnail","6":"product_cat-cao","7":"product_cat-original-pt-pt","8":"product_cat-snacks-pt-pt","10":"first","11":"instock","12":"shipping-taxable","13":"product-type-simple"},"acf":[],"_links":{"self":[{"href":"https:\/\/www.criadores.es\/pt-pt\/wp-json\/wp\/v2\/product\/2328","targetHints":{"allow":["GET"]}}],"collection":[{"href":"https:\/\/www.criadores.es\/pt-pt\/wp-json\/wp\/v2\/product"}],"about":[{"href":"https:\/\/www.criadores.es\/pt-pt\/wp-json\/wp\/v2\/types\/product"}],"replies":[{"embeddable":true,"href":"https:\/\/www.criadores.es\/pt-pt\/wp-json\/wp\/v2\/comments?post=2328"}],"wp:featuredmedia":[{"embeddable":true,"href":"https:\/\/www.criadores.es\/pt-pt\/wp-json\/wp\/v2\/media\/1752"}],"wp:attachment":[{"href":"https:\/\/www.criadores.es\/pt-pt\/wp-json\/wp\/v2\/media?parent=2328"}],"wp:term":[{"taxonomy":"product_brand","embeddable":true,"href":"https:\/\/www.criadores.es\/pt-pt\/wp-json\/wp\/v2\/product_brand?post=2328"},{"taxonomy":"product_cat","embeddable":true,"href":"https:\/\/www.criadores.es\/pt-pt\/wp-json\/wp\/v2\/product_cat?post=2328"},{"taxonomy":"product_tag","embeddable":true,"href":"https:\/\/www.criadores.es\/pt-pt\/wp-json\/wp\/v2\/product_tag?post=2328"}],"curies":[{"name":"wp","href":"https:\/\/api.w.org\/{rel}","templated":true}]}}