{"id":2329,"date":"2025-02-12T15:45:46","date_gmt":"2025-02-12T14:45:46","guid":{"rendered":"https:\/\/www.criadores.es\/producto\/criadores-candy-roll-guloseimas-para-caes-alcacuz-3\/"},"modified":"2025-06-12T13:08:27","modified_gmt":"2025-06-12T11:08:27","slug":"criadores-candy-roll-guloseimas-para-caes-alcacuz-3","status":"publish","type":"product","link":"https:\/\/www.criadores.es\/pt-pt\/producto\/criadores-candy-roll-guloseimas-para-caes-alcacuz-3\/","title":{"rendered":"Criadores Candy Sweet rebu\u00e7ados para c\u00e3es"},"content":{"rendered":"<h2>Snack dental em forma de rebu\u00e7ado para c\u00e3es Criadores Candy Sweet<\/h2>\n<p>Os rebu\u00e7ados Criadores Candy Sweet s\u00e3o deliciosos snacks muito divertidos que o seu c\u00e3o vai adorar. Uma deliciosa guloseima com a que tamb\u00e9m poder\u00e3o brincar e ficar entretidos. Est\u00e3o elaborados com ingredientes de alta qualidade e s\u00e3o uma estupenda <strong>alternativa aos cl\u00e1ssicos snacks da pele<\/strong>. A sua forma e a sua textura ajudam a limpar os dentes favorecendo a<strong> sa\u00fade dental<\/strong> e o fortalecimento das gengivas.<\/p>\n<p>Criadores Candy Sweet pertencem \u00e0 nova linha de guloseimas de Tiendanimal. Rebu\u00e7ados coloridos e chamativos <strong>feitos com farinha de batata doce e ervilha, frango<\/strong>, queijo e \u00f3leo de menta. Tem um<strong> sabor natural muito apetec\u00edvel<\/strong> para os c\u00e3es e uma consist\u00eancia que os invita a mastigar, proporcionando um grande passatempo. Oferecendo um rebu\u00e7ado di\u00e1rio ao seu peludo, al\u00e9m de prevenir e reduzir o ac\u00famulo do t\u00e1rtaro, deixar\u00e1 um <strong>h\u00e1lito fresco <\/strong>e mentolado na sua boca.<\/p>\n<p>Os rebu\u00e7ados s\u00e3o um alimento complement\u00e1rio delicioso e saud\u00e1vel que<strong> oferece divers\u00e3o aos c\u00e3es<\/strong>, j\u00e1 que duram muito mais que outros snacks. Poder\u00e1 encontrar tamb\u00e9m outras variedades como tran\u00e7as, ossos, regaliz ou crocodilos para que possam desfrutar de um diferente cada dia.<\/p>\n<p><strong><em>Ofere\u00e7a ao seu c\u00e3o um delicioso rebu\u00e7ado Criadores Candy Sweet cada dia para que se divirta e desfrute a mastigar.<\/em><\/strong><br \/>\n<em>A partir da data em que os receba \u00e9 garantido um prazo de 3 meses antes do vencimento da data de validade, ou de 1 m\u00eas no caso dos produtos l\u00b4cteos e a ra\u00e7\u00e3o ecol\u00f3gica.<\/em><\/p>\n","protected":false},"excerpt":{"rendered":"<p>Caramelos para c\u00e3es, com consist\u00eancia dura e de longa dura\u00e7\u00e3o para manter a mascote entretida enquanto morde e limpa os dentes e gengivas, feitos com ingredientes naturais.<\/p>\n","protected":false},"featured_media":1750,"comment_status":"open","ping_status":"closed","template":"","meta":{"_acf_changed":false},"product_brand":[],"product_cat":[92,98,101],"product_tag":[],"class_list":{"0":"post-2329","1":"product","2":"type-product","3":"status-publish","4":"has-post-thumbnail","6":"product_cat-cao","7":"product_cat-original-pt-pt","8":"product_cat-snacks-pt-pt","10":"first","11":"instock","12":"shipping-taxable","13":"product-type-simple"},"acf":[],"_links":{"self":[{"href":"https:\/\/www.criadores.es\/pt-pt\/wp-json\/wp\/v2\/product\/2329","targetHints":{"allow":["GET"]}}],"collection":[{"href":"https:\/\/www.criadores.es\/pt-pt\/wp-json\/wp\/v2\/product"}],"about":[{"href":"https:\/\/www.criadores.es\/pt-pt\/wp-json\/wp\/v2\/types\/product"}],"replies":[{"embeddable":true,"href":"https:\/\/www.criadores.es\/pt-pt\/wp-json\/wp\/v2\/comments?post=2329"}],"wp:featuredmedia":[{"embeddable":true,"href":"https:\/\/www.criadores.es\/pt-pt\/wp-json\/wp\/v2\/media\/1750"}],"wp:attachment":[{"href":"https:\/\/www.criadores.es\/pt-pt\/wp-json\/wp\/v2\/media?parent=2329"}],"wp:term":[{"taxonomy":"product_brand","embeddable":true,"href":"https:\/\/www.criadores.es\/pt-pt\/wp-json\/wp\/v2\/product_brand?post=2329"},{"taxonomy":"product_cat","embeddable":true,"href":"https:\/\/www.criadores.es\/pt-pt\/wp-json\/wp\/v2\/product_cat?post=2329"},{"taxonomy":"product_tag","embeddable":true,"href":"https:\/\/www.criadores.es\/pt-pt\/wp-json\/wp\/v2\/product_tag?post=2329"}],"curies":[{"name":"wp","href":"https:\/\/api.w.org\/{rel}","templated":true}]}}