{"id":2331,"date":"2025-02-13T16:13:14","date_gmt":"2025-02-13T15:13:14","guid":{"rendered":"https:\/\/www.criadores.es\/producto\/criadores-dietetic-hipoalergenico-adulto-racao-para-caes\/"},"modified":"2025-06-11T15:09:21","modified_gmt":"2025-06-11T13:09:21","slug":"criadores-dietetic-hipoalergenico-adulto-racao-para-caes","status":"publish","type":"product","link":"https:\/\/www.criadores.es\/pt-pt\/producto\/criadores-dietetic-hipoalergenico-adulto-racao-para-caes\/","title":{"rendered":"Criadores Dietetic Hipoalerg\u00e9nico Adulto ra\u00e7\u00e3o para c\u00e3es"},"content":{"rendered":"<h2>Ra\u00e7\u00e3o hipoalerg\u00e9nica para c\u00e3es Criadores Dietetic<\/h2>\n<p>Muitos c\u00e3es tendem a desenvolver alergias a certos alimentos, o que se torna um problema de sa\u00fade para o sistema digestivo ou pode provocar queda de pelo. A Criadores desenvolveu este alimento hipoalerg\u00e9nico para c\u00e3es adultos de todas as ra\u00e7as, que tem <strong>uma \u00fanica prote\u00edna de salm\u00e3o<\/strong>, proporcionando um delicioso sabor. Al\u00e9m disso, incorpora vegetais e \u00f3leo de peixe, para oferecer uma <strong>alimenta\u00e7\u00e3o rica em vitaminas, minerais e \u00e1cidos gordos essenciais<\/strong>, como \u00f3mega 3 e \u00f3mega 6.<\/p>\n<p>O alimento hipoalerg\u00e9nico da Criadores para c\u00e3es adultos inclui <strong>gengibre, extratos c\u00edtricos e plantas com propriedades antioxidantes<\/strong>, que revestem a mucosa intestinal para diminuir os desconfortos digestivos. Este alimento para c\u00e3es foi elaborado sem cereais, para que o seu animal de estima\u00e7\u00e3o possa digeri-lo facilmente e evitar o desenvolvimento de intoler\u00e2ncias alimentares. Al\u00e9m disso, ir\u00e1 notar que o seu c\u00e3o ter\u00e1 uma pele mais saud\u00e1vel, assim como uma pelagem mais brilhante e forte.<\/p>\n<p><em>A ra\u00e7\u00e3o hipoalerg\u00e9nica da Criadores \u00e9 o alimento ideal para animais de estima\u00e7\u00e3o com alergias ou intoler\u00e2ncias alimentares. Para al\u00e9m disso, tem um excelente sabor.<\/em><\/p>\n","protected":false},"excerpt":{"rendered":"<p>Ra\u00e7\u00e3o hipoalerg\u00e9nica para c\u00e3es adultos, sem cereais, apenas com prote\u00edna de salm\u00e3o, previne intoler\u00e2ncias e alergias alimentares.<img decoding=\"async\" style=\"object-fit: cover; width: 100%;\" title=\"\" src=\"images\/Banners\/banner_alimentacion_seca_humeda_pt.jpg?$staticlink$\" alt=\"\" \/><\/p>\n","protected":false},"featured_media":1941,"comment_status":"open","ping_status":"closed","template":"","meta":{"_acf_changed":false},"product_brand":[],"product_cat":[99,92,95],"product_tag":[],"class_list":{"0":"post-2331","1":"product","2":"type-product","3":"status-publish","4":"has-post-thumbnail","6":"product_cat-alimentacao-seca","7":"product_cat-cao","8":"product_cat-dietas-veterinarias-pt-pt","10":"first","11":"instock","12":"shipping-taxable","13":"product-type-simple"},"acf":[],"_links":{"self":[{"href":"https:\/\/www.criadores.es\/pt-pt\/wp-json\/wp\/v2\/product\/2331","targetHints":{"allow":["GET"]}}],"collection":[{"href":"https:\/\/www.criadores.es\/pt-pt\/wp-json\/wp\/v2\/product"}],"about":[{"href":"https:\/\/www.criadores.es\/pt-pt\/wp-json\/wp\/v2\/types\/product"}],"replies":[{"embeddable":true,"href":"https:\/\/www.criadores.es\/pt-pt\/wp-json\/wp\/v2\/comments?post=2331"}],"wp:featuredmedia":[{"embeddable":true,"href":"https:\/\/www.criadores.es\/pt-pt\/wp-json\/wp\/v2\/media\/1941"}],"wp:attachment":[{"href":"https:\/\/www.criadores.es\/pt-pt\/wp-json\/wp\/v2\/media?parent=2331"}],"wp:term":[{"taxonomy":"product_brand","embeddable":true,"href":"https:\/\/www.criadores.es\/pt-pt\/wp-json\/wp\/v2\/product_brand?post=2331"},{"taxonomy":"product_cat","embeddable":true,"href":"https:\/\/www.criadores.es\/pt-pt\/wp-json\/wp\/v2\/product_cat?post=2331"},{"taxonomy":"product_tag","embeddable":true,"href":"https:\/\/www.criadores.es\/pt-pt\/wp-json\/wp\/v2\/product_tag?post=2331"}],"curies":[{"name":"wp","href":"https:\/\/api.w.org\/{rel}","templated":true}]}}