{"id":2332,"date":"2025-02-13T15:44:55","date_gmt":"2025-02-13T14:44:55","guid":{"rendered":"https:\/\/www.criadores.es\/producto\/criadores-nuggets-de-frango-para-caes\/"},"modified":"2025-06-11T13:46:57","modified_gmt":"2025-06-11T11:46:57","slug":"criadores-nuggets-de-frango-para-caes","status":"publish","type":"product","link":"https:\/\/www.criadores.es\/pt-pt\/producto\/criadores-nuggets-de-frango-para-caes\/","title":{"rendered":"Criadores Nuggets de Frango para c\u00e3es"},"content":{"rendered":"<h2>Nuggets de frango para c\u00e3es adultos<\/h2>\n<p>Os <strong>nuggets de frango para c\u00e3es adultos<\/strong> que traz a equipa da Criadores s\u00e3o um snack que n\u00e3o deve faltar na alimenta\u00e7\u00e3o do seu fiel companheiro, pois s\u00e3o <strong>completamente naturais<\/strong> e ricos em frango.<\/p>\n<p>Entre os seus v\u00e1rios benef\u00edcios, estas guloseimas s\u00e3o feitas <strong>sem cereais<\/strong>, o que as torna adequadas para c\u00e3es com intoler\u00e2ncia a estes ingredientes. N\u00e3o t\u00eam a\u00e7\u00facares adicionados nem corantes artificiais.<\/p>\n<p>O seu tamanho e consist\u00eancia s\u00e3o adequados para as mand\u00edbulas de c\u00e3es de todas as ra\u00e7as e s\u00e3o <strong>f\u00e1ceis de mastigar<\/strong>. <strong>O seu ingrediente principal \u00e9 altamente diger\u00edvel<\/strong>.<\/p>\n<p>Pode oferec\u00ea-los ao seu c\u00e3o como um simples mimo, um est\u00edmulo durante os passeios, brincadeiras ou sess\u00f5es de treino, sem esquecer que <strong>n\u00e3o substituem a alimenta\u00e7\u00e3o normal.<\/strong><\/p>\n<p><em><strong>Ofere\u00e7a ao seu c\u00e3o estes nuggets de frango e veja-o lamber os bigodes de entusiasmo a cada dentada.<\/strong><\/em><\/p>\n","protected":false},"excerpt":{"rendered":"<p>Snack natural em forma de nuggets de frango para c\u00e3es, rica em frango, fonte de amino\u00e1cidos essenciais e com um sabor irresist\u00edvel.<\/p>\n","protected":false},"featured_media":1934,"comment_status":"open","ping_status":"closed","template":"","meta":{"_acf_changed":false},"product_brand":[],"product_cat":[92,98,101],"product_tag":[],"class_list":{"0":"post-2332","1":"product","2":"type-product","3":"status-publish","4":"has-post-thumbnail","6":"product_cat-cao","7":"product_cat-original-pt-pt","8":"product_cat-snacks-pt-pt","10":"first","11":"instock","12":"shipping-taxable","13":"product-type-simple"},"acf":[],"_links":{"self":[{"href":"https:\/\/www.criadores.es\/pt-pt\/wp-json\/wp\/v2\/product\/2332","targetHints":{"allow":["GET"]}}],"collection":[{"href":"https:\/\/www.criadores.es\/pt-pt\/wp-json\/wp\/v2\/product"}],"about":[{"href":"https:\/\/www.criadores.es\/pt-pt\/wp-json\/wp\/v2\/types\/product"}],"replies":[{"embeddable":true,"href":"https:\/\/www.criadores.es\/pt-pt\/wp-json\/wp\/v2\/comments?post=2332"}],"wp:featuredmedia":[{"embeddable":true,"href":"https:\/\/www.criadores.es\/pt-pt\/wp-json\/wp\/v2\/media\/1934"}],"wp:attachment":[{"href":"https:\/\/www.criadores.es\/pt-pt\/wp-json\/wp\/v2\/media?parent=2332"}],"wp:term":[{"taxonomy":"product_brand","embeddable":true,"href":"https:\/\/www.criadores.es\/pt-pt\/wp-json\/wp\/v2\/product_brand?post=2332"},{"taxonomy":"product_cat","embeddable":true,"href":"https:\/\/www.criadores.es\/pt-pt\/wp-json\/wp\/v2\/product_cat?post=2332"},{"taxonomy":"product_tag","embeddable":true,"href":"https:\/\/www.criadores.es\/pt-pt\/wp-json\/wp\/v2\/product_tag?post=2332"}],"curies":[{"name":"wp","href":"https:\/\/api.w.org\/{rel}","templated":true}]}}