{"id":2334,"date":"2025-02-13T12:45:26","date_gmt":"2025-02-13T11:45:26","guid":{"rendered":"https:\/\/www.criadores.es\/producto\/criadores-snacks-sensibilidade-para-caes\/"},"modified":"2025-06-11T15:31:48","modified_gmt":"2025-06-11T13:31:48","slug":"criadores-snacks-sensibilidade-para-caes","status":"publish","type":"product","link":"https:\/\/www.criadores.es\/pt-pt\/producto\/criadores-snacks-sensibilidade-para-caes\/","title":{"rendered":"Criadores Snacks Sensibilidade para c\u00e3es"},"content":{"rendered":"<h2>Snacks para c\u00e3es com sensibilidades digestivas<\/h2>\n<p>Se o seu amigo peludo sofre de digest\u00f5es sens\u00edveis, \u00e9 melhor oferecer-lhe op\u00e7\u00f5es f\u00e1ceis de digerir para que possa controlar melhor os seus sintomas e evitar o desconforto.<\/p>\n<p>Estas <strong>almofadas para c\u00e3es<\/strong> da Criadores s\u00e3o um <strong>snack crocante<\/strong> que ajuda a <strong>reduzir a sensibilidade digestiva<\/strong>, pois cont\u00eam <strong>prote\u00edna de salm\u00e3o<\/strong>, que \u00e9 rica em <strong>nutrientes e \u00e1cidos gordos essenciais e \u00e9 facilmente diger\u00edvel<\/strong>, para al\u00e9m de ter um sabor delicioso.<\/p>\n<p>Fornecem <strong>prote\u00ednas, minerais e vitaminas<\/strong>, incluindo <strong>A, D3, B e E,<\/strong> que contribuem para o bem-estar geral do seu animal de estima\u00e7\u00e3o. Al\u00e9m disso, estes snacks <strong>incluem probi\u00f3ticos FOS<\/strong> que <strong>ajudam os intestinos do seu animal de estima\u00e7\u00e3o a funcionar corretamente<\/strong>. Sendo um alimento sem cereais, tamb\u00e9m contribuem para uma <strong>digest\u00e3o saud\u00e1vel<\/strong>.<\/p>\n<p>Estas almofadas cont\u00eam salm\u00e3o, que \u00e9 uma fonte de <strong>\u00e1cidos gordos \u00f3mega 3<\/strong>, al\u00e9m de serem suplementadas com vitamina E, que tem uma <strong>a\u00e7\u00e3o protetora das c\u00e9lulas<\/strong>.<\/p>\n<p>Estes snacks cont\u00eam mandioca, que ajuda a reduzir <strong>o odor das fezes e da urina<\/strong>. S\u00e3o muito f\u00e1ceis de oferecer ao seu animal de estima\u00e7\u00e3o, quer como guloseima entre as principais refei\u00e7\u00f5es, durante os passeios ou como recompensa durante as sess\u00f5es de treino.<\/p>\n<p>Lembre-se que <strong>n\u00e3o substituem a alimenta\u00e7\u00e3o habitual<\/strong> e que deve ter sempre \u00e1gua limpa e fresca \u00e0 disposi\u00e7\u00e3o.<\/p>\n<p><em><strong>D\u00ea ao seu c\u00e3o alimentos deliciosos e saud\u00e1veis que o mantenham entretido e ativo.<\/strong><\/em><\/p>\n","protected":false},"excerpt":{"rendered":"<p>Snack em forma de almofada para c\u00e3es com sensibilidades digestivas, com prote\u00edna de salm\u00e3o, prebi\u00f3ticos, sem cereais, taurina e \u00f3mega 3.<\/p>\n","protected":false},"featured_media":1891,"comment_status":"open","ping_status":"closed","template":"","meta":{"_acf_changed":false},"product_brand":[],"product_cat":[92,98,101],"product_tag":[],"class_list":{"0":"post-2334","1":"product","2":"type-product","3":"status-publish","4":"has-post-thumbnail","6":"product_cat-cao","7":"product_cat-original-pt-pt","8":"product_cat-snacks-pt-pt","10":"first","11":"instock","12":"shipping-taxable","13":"product-type-simple"},"acf":[],"_links":{"self":[{"href":"https:\/\/www.criadores.es\/pt-pt\/wp-json\/wp\/v2\/product\/2334","targetHints":{"allow":["GET"]}}],"collection":[{"href":"https:\/\/www.criadores.es\/pt-pt\/wp-json\/wp\/v2\/product"}],"about":[{"href":"https:\/\/www.criadores.es\/pt-pt\/wp-json\/wp\/v2\/types\/product"}],"replies":[{"embeddable":true,"href":"https:\/\/www.criadores.es\/pt-pt\/wp-json\/wp\/v2\/comments?post=2334"}],"wp:featuredmedia":[{"embeddable":true,"href":"https:\/\/www.criadores.es\/pt-pt\/wp-json\/wp\/v2\/media\/1891"}],"wp:attachment":[{"href":"https:\/\/www.criadores.es\/pt-pt\/wp-json\/wp\/v2\/media?parent=2334"}],"wp:term":[{"taxonomy":"product_brand","embeddable":true,"href":"https:\/\/www.criadores.es\/pt-pt\/wp-json\/wp\/v2\/product_brand?post=2334"},{"taxonomy":"product_cat","embeddable":true,"href":"https:\/\/www.criadores.es\/pt-pt\/wp-json\/wp\/v2\/product_cat?post=2334"},{"taxonomy":"product_tag","embeddable":true,"href":"https:\/\/www.criadores.es\/pt-pt\/wp-json\/wp\/v2\/product_tag?post=2334"}],"curies":[{"name":"wp","href":"https:\/\/api.w.org\/{rel}","templated":true}]}}